{"id":502,"date":"2026-04-06T02:14:42","date_gmt":"2026-04-06T00:14:42","guid":{"rendered":"https:\/\/riskpaygo.com\/?page_id=502"},"modified":"2026-04-06T11:38:03","modified_gmt":"2026-04-06T09:38:03","slug":"api","status":"publish","type":"page","link":"https:\/\/riskpaygo.com\/zh\/api\/","title":{"rendered":"RiskPayGo API \u96c6\u6210"},"content":{"rendered":"<p>\u672c\u6587\u6a94\u8aaa\u660e\u5982\u4f55\u5c07 RiskPayGo \u6574\u5408\u5230\u60a8\u7684\u7db2\u7ad9\u6216\u61c9\u7528\u7a0b\u5f0f\u4e2d\uff0c\u4ee5\u5efa\u7acb\u4ed8\u6b3e\u3001\u5c07\u8cb7\u5bb6\u91cd\u65b0\u5c0e\u5411\u5230\u7d50\u5e33\u9801\u9762\uff0c\u4e26\u900f\u904e webhook \u63a5\u6536\u6700\u7d42\u72c0\u614b\u78ba\u8a8d\u3002<\/p>\n<p>\u96c6\u6210\u5fc5\u9808\u5728\u5f8c\u7aef\u5b8c\u6210\u3002\u4e0d\u5efa\u8b70\u5728\u524d\u7aef\u66b4\u9732\u6191\u8b49\u6216\u654f\u611f\u908f\u8f2f\u3002<\/p>\n<h2>\u5728\u6211\u5011\u958b\u59cb\u4e4b\u524d<\/h2>\n<p>\u5728\u958b\u59cb\u4e4b\u524d\uff0c\u60a8\u9700\u8981\u4e00\u500b\u5df2\u6279\u51c6\u4e14\u6709\u6548\u7684 RiskPayGo \u5546\u5bb6\u5e33\u6236\u3002\u60a8\u9084\u9700\u8981\u6574\u5408\u6191\u8b49\uff0c\u4e26\u78ba\u4fdd\u60a8\u7528\u65bc\u6536\u6b3e\u7684\u7db2\u57df\u5df2\u5728\u60a8\u7684\u5e33\u6236\u4e2d\u7372\u5f97\u6279\u51c6\u3002<\/p>\n<p>\u60a8\u9700\u8981\u7684\u6578\u64da\u662f\u60a8\u7684 <code>\u5546\u5bb6ID<\/code>\uff0c \u4f60 <code>API\u4ee4\u724c<\/code>\uff0c \u4f60 <code>Webhook \u79d8\u5bc6<\/code> \u4ee5\u53ca API \u7684\u57fa\u672c URL\u3002<\/p>\n<p>\u57fa\u672c\u7db2\u5740\u5982\u4e0b\uff1a<\/p>\n<pre><code>https:\/\/riskpaygo.com\/portal\/api\/plugin<\/code><\/pre>\n<h2>\u9a57\u8b49<\/h2>\n<p>\u6240\u6709 API \u8acb\u6c42\u90fd\u5fc5\u9808\u7d93\u904e\u8eab\u4efd\u9a57\u8b49\u3002\u70ba\u6b64\uff0c\u60a8\u5fc5\u9808\u5728\u8acb\u6c42\u982d\u4e2d\u5305\u542b\u79c1\u6709\u4ee4\u724c\u3002 <code>\u6388\u6b0a<\/code> \u4ee5\u53ca\u6a19\u982d\u4e2d\u7684\u5546\u5bb6\u8b58\u5225\u78bc\u3002 <code>X-RPG-\u5546\u4eba<\/code>.<\/p>\n<p>\u5fc5\u8981\u7684\u982d\u90e8\u8cc7\u8a0a\u5982\u4e0b\uff1a<\/p>\n<pre><code>Accept: application\/json\nContent-Type: application\/json\nAuthorization: Bearer TU_API_TOKEN\nX-RPG-Merchant: TU_MERCHANT_ID<\/code><\/pre>\n<p>\u9019\u4e9b\u6191\u8b49\u53ea\u80fd\u5728\u4f3a\u670d\u5668\u7aef\u4f7f\u7528\uff0c\u4e0d\u61c9\u5728\u700f\u89bd\u5668 JavaScript \u6216\u516c\u7528\u7a0b\u5f0f\u78bc\u4e2d\u53ef\u898b\u3002<\/p>\n<h2>\u5df2\u6279\u51c6\u57df\u540d<\/h2>\n<p>RiskPayGo \u6703\u9a57\u8b49\u60a8\u5728\u6b04\u4f4d\u4e2d\u767c\u9001\u7684\u7db2\u57df\u540d\u7a31\u3002 <code>\u7db2\u7ad9\u7db2\u5740<\/code>\u9019\u610f\u5473\u8457\u64c1\u6709\u6709\u6548\u7684\u6191\u8b49\u662f\u4e0d\u5920\u7684\uff1a\u60a8\u7528\u65bc\u5efa\u7acb\u4ed8\u6b3e\u7684\u7db2\u57df\u540d\u7a31\u4e5f\u5fc5\u9808\u5728\u60a8\u7684\u5e33\u6236\u4e2d\u8a3b\u518a\u4e26\u7372\u5f97\u6279\u51c6\u3002<\/p>\n<p>\u5982\u679c\u7db2\u57df\u540d\u7a31\u8207\u60a8\u5df2\u6838\u51c6\u7684\u9805\u76ee\u4e4b\u4e00\u4e0d\u5339\u914d\uff0c\u5373\u4f7f\u4ee4\u724c\u6b63\u78ba\uff0cAPI \u4e5f\u6703\u62d2\u7d55\u8a72\u8981\u6c42\u3002<\/p>\n<p>\u56e0\u6b64\uff0c\u5728\u6295\u5165\u751f\u7522\u4e4b\u524d\uff0c\u5efa\u8b70\u6aa2\u67e5\u60a8\u7684\u5546\u5e97\u6216\u61c9\u7528\u7a0b\u5f0f\u7684\u78ba\u5207 URL \u662f\u5426\u5df2\u5728\u63a7\u5236\u9762\u677f\u4e2d\u8a3b\u518a\u3002<\/p>\n<h2>\u5efa\u7acb\u4ed8\u6b3e<\/h2>\n<p>\u8981\u767c\u8d77\u4ed8\u6b3e\uff0c\u60a8\u5fc5\u9808\u63d0\u4ea4\u7533\u8acb\u3002 <code>\u90f5\u653f<\/code> \u5230\u652f\u4ed8\u5275\u5efa\u7aef\u9ede\u3002<\/p>\n<pre><code>POST https:\/\/riskpaygo.com\/portal\/api\/plugin\/payments\/create<\/code><\/pre>\n<p>\u5728\u8a72\u8acb\u6c42\u4e2d\uff0c\u60a8\u5fc5\u9808\u767c\u9001\u8a02\u55ae\u7684\u4e3b\u8981\u8cc7\u8a0a\uff1a\u91d1\u984d\u3001\u8ca8\u5e63\u3001\u60a8\u7684\u5167\u90e8\u53c3\u8003\u7de8\u865f\u3001\u8cb7\u5bb6\u8a73\u7d30\u8cc7\u8a0a\u4ee5\u53ca\u9000\u8ca8\u548c\u901a\u77e5\u7db2\u5740\u3002<\/p>\n<p>\u5178\u578b\u7684\u8acb\u6c42\u5c07\u5305\u542b\u4ee5\u4e0b\u6b04\u4f4d\uff1a <code>\u5546\u5bb6\u8a02\u55ae ID<\/code>, <code>\u8a02\u55ae\u7de8\u865f<\/code>, <code>\u8a02\u55ae\u9375<\/code>, <code>\u6578\u91cf<\/code>, <code>\u8ca8\u5e63<\/code>, <code>\u9867\u5ba2<\/code>, <code>\u5730\u9ede<\/code>, <code>\u901a\u77e5\u7db2\u5740<\/code>, <code>\u8fd4\u56de\u7db2\u5740<\/code> \u548c <code>\u53d6\u6d88\u7db2\u5740<\/code>.<\/p>\n<p>\u4ee5\u4e0b\u662f\u60a8\u53ef\u4ee5\u767c\u9001\u7684\u6b63\u6587\u7684\u5b8c\u6574\u7bc4\u4f8b\uff1a<\/p>\n<pre><code>{\n  \"merchant_order_id\": \"PED-1001\",\n  \"order_id\": 1001,\n  \"order_key\": \"pedido_1001_key\",\n  \"amount\": \"149.99\",\n  \"currency\": \"USD\",\n  \"customer\": {\n    \"email\": \"cliente@ejemplo.com\",\n    \"first_name\": \"Nombre\",\n    \"last_name\": \"Apellido\",\n    \"phone\": \"+34123456789\",\n    \"country\": \"ES\",\n    \"date_of_birth\": \"1990-05-20\"\n  },\n  \"site\": {\n    \"url\": \"https:\/\/tu-dominio.com\/\",\n    \"name\": \"Mi tienda\",\n    \"platform\": \"custom\",\n    \"plugin\": \"integracion-propia\"\n  },\n  \"notify_url\": \"https:\/\/tu-dominio.com\/api\/riskpaygo\/webhook\",\n  \"return_url\": \"https:\/\/tu-dominio.com\/pago\/completado\",\n  \"cancel_url\": \"https:\/\/tu-dominio.com\/pago\/cancelado\"\n}<\/code><\/pre>\n<p>\u9818\u57df <code>\u6578\u91cf<\/code> \u5b83\u5fc5\u9808\u5927\u65bc\u96f6\u3002\u8ca8\u5e63\u4ee5\u9019\u7a2e\u5f62\u5f0f\u767c\u9001\u3002 <code>\u8ca8\u5e63<\/code>\u3002 \u5728 <code>\u9867\u5ba2<\/code> \u5efa\u8b70\u81f3\u5c11\u767c\u9001\u8cb7\u5bb6\u7684\u96fb\u5b50\u90f5\u4ef6\u5730\u5740\u3002 <code>\u7db2\u7ad9\u7db2\u5740<\/code> \u60a8\u5fc5\u9808\u63d0\u4ea4\u5df2\u6279\u51c6\u7684\u7db2\u57df\u540d\u7a31\u3002 <code>\u901a\u77e5\u7db2\u5740<\/code> \u60a8\u53ef\u6307\u5b9a\u63a5\u6536\u4ed8\u6b3e\u72c0\u614b\u901a\u77e5\u7684\u9014\u5f91\u3002<\/p>\n<h2>API\u56de\u61c9<\/h2>\n<p>\u5982\u679c\u8acb\u6c42\u6210\u529f\uff0cRiskPayGo \u6703\u50b3\u56de\u5305\u542b\u5167\u90e8\u652f\u4ed8\u53c3\u8003\u865f\u78bc\u548c\u7d50\u5e33 URL \u7684\u56de\u61c9\u3002\u60a8\u53ef\u4ee5\u4f7f\u7528\u6b64\u53c3\u8003\u865f\u78bc\u5c07\u4ed8\u6b3e\u95dc\u806f\u5230\u60a8\u7684\u8a02\u55ae\uff0c\u4e26\u5728\u4e4b\u5f8c\u8ffd\u8e64\u4ed8\u6b3e\u72c0\u614b\u3002<\/p>\n<p>\u9810\u671f\u7684\u56de\u61c9\u5f62\u5f0f\u5982\u4e0b\uff1a<\/p>\n<pre><code>{\n  \"success\": true,\n  \"data\": {\n    \"payment_ref\": \"RPG-20260313-ABC12345\",\n    \"checkout_url\": \"https:\/\/riskpaygo.com\/portal\/checkout.php?ref=RPG-20260313-ABC12345\",\n    \"fee_percent\": 20,\n    \"plan_slug\": \"free\"\n  }\n}<\/code><\/pre>\n<p>\u60a8\u4e00\u6536\u5230 <code>\u7d50\u5e33\u7db2\u5740<\/code>\u60a8\u5fc5\u9808\u5c07\u8cb7\u5bb6\u91cd\u65b0\u5c0e\u5411\u5230\u8a72\u5730\u5740\uff0c\u4ee5\u4fbf\u4ed6\u5011\u5b8c\u6210\u4ed8\u6b3e\u3002<\/p>\n<h2>\u7d50\u5e33\u6642\u8a72\u600e\u9ebc\u8fa6<\/h2>\n<p>\u4ed8\u6b3e\u900f\u904e RiskPayGo \u63d0\u4f9b\u7684\u7d50\u5e33\u7cfb\u7d71\u8655\u7406\u3002\u60a8\u7684\u7cfb\u7d71\u4e0d\u61c9\u50c5\u50c5\u56e0\u70ba\u60a8\u7372\u5f97\u4e86\u7d50\u5e33 URL \u6216\u7528\u6236\u8fd4\u56de\u4e86\u7db2\u7ad9\u5c31\u8a8d\u70ba\u8a02\u55ae\u5df2\u652f\u4ed8\u3002<\/p>\n<p>\u5efa\u8b70\u4fdd\u5b58\u53c3\u8003\u8cc7\u6599\u3002 <code>\u4ed8\u6b3e\u53c3\u8003<\/code>\u91cd\u5b9a\u5411\u8cb7\u5bb6\u4e26\u7b49\u5f85\u900f\u904e webhook \u9032\u884c\u7684\u6700\u7d42\u78ba\u8a8d\u3002<\/p>\n<p>\u9019 <code>\u8fd4\u56de\u7db2\u5740<\/code> \u5b83\u7684\u4f5c\u7528\u662f\u5728\u7528\u6236\u4ed8\u6b3e\u5f8c\u5c07\u5176\u8fd4\u56de\u5230\u60a8\u7684\u7db2\u7ad9\uff0c\u4f46\u6700\u7d42\u72c0\u614b\u61c9\u4ee5\u60a8\u6536\u5230\u7684\u901a\u77e5\u70ba\u6e96\u3002 <code>\u901a\u77e5\u7db2\u5740<\/code>.<\/p>\n<h2>\u78ba\u8a8d webhook<\/h2>\n<p>\u7576\u652f\u4ed8\u72c0\u614b\u8b8a\u66f4\u6642\uff0cRiskPayGo \u5c07\u767c\u9001\u8acb\u6c42 <code>\u90f5\u653f<\/code> \u8df3\u5230\u6307\u5b9a\u7684URL <code>\u901a\u77e5\u7db2\u5740<\/code>\u8a72\u901a\u77e5\u9802\u90e8\u5305\u542b\u7c3d\u540d\u3002 <code>X-RPG-\u7c3d\u540d<\/code>.<\/p>\n<p>\u60a8\u5fc5\u9808\u4f7f\u7528\u60a8\u7684 <code>Webhook \u79d8\u5bc6<\/code>\u9a57\u8b49\u5fc5\u9808\u57fa\u65bc\u8acb\u6c42\u7684\u539f\u59cb\u6b63\u6587\u9032\u884c\uff0c\u800c\u4e0d\u662f\u57fa\u65bc\u91cd\u65b0\u5e8f\u5217\u5316\u7684 JSON\u3002<\/p>\n<p>\u60a8\u9700\u8981\u6aa2\u67e5\u7684\u6a19\u982d\u662f\u9019\u500b\uff1a<\/p>\n<pre><code>X-RPG-Signature:<\/code><\/pre>\n<p>RiskPayGo \u901a\u77e5\u53ef\u80fd\u5305\u542b\u5546\u5bb6\u8cc7\u8a0a\u3001\u8a02\u55ae\u53c3\u8003\u865f\u78bc\u3001\u4ed8\u6b3e\u53c3\u8003\u865f\u78bc\u3001\u72c0\u614b\u548c\u4ea4\u6613 ID \u7b49\u8cc7\u8a0a\u3002\u4f8b\u5982\uff1a<\/p>\n<pre><code>{\n  \"merchant_id\": \"TU_MERCHANT_ID\",\n  \"order_id\": 1001,\n  \"order_key\": \"pedido_1001_key\",\n  \"payment_ref\": \"RPG-20260313-ABC12345\",\n  \"transaction_id\": \"RPG-20260313-ABC12345\",\n  \"status\": \"paid\",\n  \"provider_status\": \"success\",\n  \"provider_event\": \"payment_succeeded\",\n  \"source\": \"payera_webhook\"\n}<\/code><\/pre>\n<p>\u95dc\u9375\u5728\u65bc\u9a57\u8b49\u7c3d\u540d\uff0c\u7136\u5f8c\u4f7f\u7528\u8a72\u503c\u3002 <code>\u5730\u4f4d<\/code> \u66f4\u65b0\u7cfb\u7d71\u4e2d\u7684\u8a02\u55ae\u3002<\/p>\n<h2>\u4ed8\u6b3e\u72c0\u614b<\/h2>\n<p>\u5728\u6574\u5408\u904e\u7a0b\u4e2d\uff0c\u60a8\u5fc5\u9808\u8003\u616e\u56db\u500b\u4e3b\u8981\u72c0\u614b\u3002<\/p>\n<p><code>\u5f85\u8fa6\u7684<\/code> \u9019\u8868\u793a\u4ed8\u6b3e\u5df2\u767c\u8d77\uff0c\u4f46\u5c1a\u672a\u78ba\u8a8d\u3002<\/p>\n<p><code>\u6709\u85aa\u8cc7\u7684<\/code> \u9019\u8868\u793a\u4ed8\u6b3e\u5df2\u6210\u529f\u78ba\u8a8d\u3002\u901a\u5e38\u60c5\u6cc1\u4e0b\uff0c\u60a8\u61c9\u8a72\u4f7f\u7528\u6b64\u72c0\u614b\u5c07\u8a02\u55ae\u6a19\u8a18\u70ba\u5df2\u4ed8\u6b3e\u3002<\/p>\n<p><code>\u5931\u6557\u7684<\/code> \u8868\u793a\u4ed8\u6b3e\u5931\u6557\u6216\u5df2\u88ab\u62d2\u7d55\u3002<\/p>\n<p><code>\u53d6\u6d88<\/code> \u8868\u793a\u4ed8\u6b3e\u5df2\u88ab\u53d6\u6d88\u6216\u5df2\u904e\u671f\u3002<\/p>\n<p>\u4e00\u822c\u5efa\u8b70\u662f\u5c07 webhook \u4f5c\u70ba\u4e3b\u8981\u8cc7\u8a0a\u4f86\u6e90\uff0c\u4e26\u4e14\u50c5\u5728\u6536\u5230\u6b3e\u9805\u6642\u624d\u5c07\u5df2\u4ed8\u6b3e\u8a02\u55ae\u8996\u70ba\u6700\u7d42\u8cc7\u8a0a\u3002 <code>\u72c0\u614b = \u5df2\u4ed8\u8cbb<\/code>.<\/p>\n<h2>\u5e38\u898b\u932f\u8aa4<\/h2>\n<h3>\u672a\u7d93\u6388\u6b0a\u7684\u5546\u5bb6<\/h3>\n<p>\u5982\u679c API \u50b3\u56de\u6388\u6b0a\u932f\u8aa4\uff0c\u9996\u5148\u61c9\u8a72\u6aa2\u67e5\u7684\u662f\u767c\u9001\u7684\u503c\u662f\u5426\u6b63\u78ba\u3002 <code>\u6388\u6b0a<\/code> \u6b63\u78ba\uff0c\u4e14\u5546\u5bb6\u767c\u9001\u7684\u8a0a\u606f\u5c6c\u5be6\u3002 <code>X-RPG-\u5546\u4eba<\/code> \u8acb\u6838\u5c0d\u8a72\u4ee4\u724c\u3002\u60a8\u9084\u5fc5\u9808\u78ba\u8a8d\u8a72\u5e33\u6236\u5df2\u7372\u6279\u51c6\u4e14\u8655\u65bc\u555f\u52d5\u72c0\u614b\u3002<\/p>\n<h3>\u57df\u540d\u672a\u7372\u6279\u51c6<\/h3>\n<p>\u5982\u679c\u554f\u984c\u51fa\u5728\u7db2\u57df\u4e2d\uff0c\u8acb\u6aa2\u67e5\u50b3\u9001\u7684\u503c\u3002 <code>\u7db2\u7ad9\u7db2\u5740<\/code> \u4e26\u78ba\u8a8d\u8a72\u7db2\u57df\u5df2\u4f5c\u70ba RiskPayGo \u9762\u677f\u4e2d\u7684\u5df2\u6838\u51c6\u9805\u76ee\u5b58\u5728\u3002<\/p>\n<h3>\u7121\u6548\u91d1\u984d<\/h3>\n<p>\u5982\u679c API \u62d2\u7d55\u8a72\u91d1\u984d\uff0c\u8acb\u78ba\u4fdd\uff1a <code>\u6578\u91cf<\/code> \u5b83\u5df2\u6b63\u78ba\u767c\u9001\uff0c\u4e14\u503c\u5927\u65bc\u96f6\u3002<\/p>\n<h3>\u7121\u6548\u7684 Webhook \u7c3d\u540d<\/h3>\n<p>\u5982\u679c\u60a8\u7684\u7cfb\u7d71\u7121\u6cd5\u9a57\u8b49\u901a\u77e5\uff0c\u8acb\u6aa2\u67e5\u60a8\u662f\u5426\u6b63\u5728\u4f7f\u7528\u2026 <code>Webhook \u79d8\u5bc6<\/code> \u6b63\u78ba\uff0c\u7c3d\u540d\u8a08\u7b97\u662f\u5728\u8acb\u6c42\u7684\u539f\u59cb\u6b63\u6587\u4e0a\u9032\u884c\u7684\u3002<\/p>\n<h2>\u8207 WooCommerce \u642d\u914d\u4f7f\u7528<\/h2>\n<p>\u5982\u679c\u60a8\u4f7f\u7528\u7684\u662f\u5b98\u65b9 WooCommerce \u63d2\u4ef6\uff0c\u5247\u4ecd\u9700\u8981\u76f8\u540c\u7684\u6574\u5408\u8cc7\u8a0a\u3002\u60a8\u9700\u8981\u8a2d\u5b9a\u57fa\u672c URL\u3001\u5546\u5bb6\u8cc7\u8a0a\u3001\u4ee4\u724c\u548c Webhook \u91d1\u9470\u3002<\/p>\n<p>\u9700\u8981\u8f38\u5165\u7684\u4e3b\u8981\u6578\u503c\u5982\u4e0b\uff1a<\/p>\n<pre><code>API Base URL: https:\/\/riskpaygo.com\/portal\/api\/plugin\nMerchant ID: TU_MERCHANT_ID\nAPI Token: TU_API_TOKEN\nWebhook Secret: TU_WEBHOOK_SECRET<\/code><\/pre>\n<p>WordPress \u4e2d\u7684 webhook URL \u901a\u5e38\u6703\u63a1\u7528\u4ee5\u4e0b\u683c\u5f0f\uff1a<\/p>\n<pre><code>https:\/\/tu-dominio.com\/wp-json\/riskpaygo\/v1\/webhook<\/code><\/pre>\n<h2>\u6700\u7d42\u5efa\u8b70<\/h2>\n<p>\u5728\u6b63\u5f0f\u4e0a\u7dda\u4e4b\u524d\uff0c\u5efa\u8b70\u5148\u78ba\u8a8d\u7db2\u57df\u662f\u5426\u5df2\u7372\u6279\u51c6\uff0c\u4ee5\u53ca\u60a8\u7684 <code>\u901a\u77e5\u7db2\u5740<\/code> \u5b83\u900f\u904e HTTPS \u6b63\u78ba\u56de\u61c9\uff0c\u60a8\u53ef\u4ee5\u4fdd\u5b58\u3002 <code>\u4ed8\u6b3e\u53c3\u8003<\/code> \u5728\u60a8\u7684\u7cfb\u7d71\u4e2d\uff0c\u53ea\u6709\u7576\u900f\u904e webhook \u6536\u5230\u6700\u7d42\u78ba\u8a8d\u6642\uff0c\u60a8\u624d\u80fd\u5c07\u8a02\u55ae\u6a19\u8a18\u70ba\u5df2\u4ed8\u6b3e\u3002<\/p>\n<p>\u6709\u4e86\u9019\u500b\u7d50\u69cb\uff0c\u60a8\u5c31\u5df2\u7d93\u64c1\u6709\u4e86\u5c07 RiskPayGo \u6574\u5408\u5230\u60a8\u81ea\u5df1\u7684\u7db2\u7ad9\u3001\u81ea\u8a02\u61c9\u7528\u7a0b\u5f0f\u6216 WooCommerce \u5546\u5e97\u4e2d\u7684\u5805\u5be6\u57fa\u790e\u3002<\/p>","protected":false},"excerpt":{"rendered":"<p>Esta documentaci\u00f3n explica c\u00f3mo integrar RiskPayGo en tu web o aplicaci\u00f3n para crear pagos, redirigir al comprador al checkout y [&hellip;]<\/p>\n","protected":false},"author":1,"featured_media":0,"parent":0,"menu_order":0,"comment_status":"closed","ping_status":"closed","template":"","meta":{"site-sidebar-layout":"default","site-content-layout":"","ast-site-content-layout":"default","site-content-style":"default","site-sidebar-style":"default","ast-global-header-display":"","ast-banner-title-visibility":"","ast-main-header-display":"","ast-hfb-above-header-display":"","ast-hfb-below-header-display":"","ast-hfb-mobile-header-display":"","site-post-title":"","ast-breadcrumbs-content":"","ast-featured-img":"","footer-sml-layout":"","ast-disable-related-posts":"","theme-transparent-header-meta":"default","adv-header-id-meta":"","stick-header-meta":"default","header-above-stick-meta":"","header-main-stick-meta":"","header-below-stick-meta":"","astra-migrate-meta-layouts":"set","ast-page-background-enabled":"default","ast-page-background-meta":{"desktop":{"background-color":"var(--ast-global-color-5)","background-image":"","background-repeat":"repeat","background-position":"center center","background-size":"auto","background-attachment":"scroll","background-type":"","background-media":"","overlay-type":"","overlay-color":"","overlay-opacity":"","overlay-gradient":""},"tablet":{"background-color":"","background-image":"","background-repeat":"repeat","background-position":"center center","background-size":"auto","background-attachment":"scroll","background-type":"","background-media":"","overlay-type":"","overlay-color":"","overlay-opacity":"","overlay-gradient":""},"mobile":{"background-color":"","background-image":"","background-repeat":"repeat","background-position":"center center","background-size":"auto","background-attachment":"scroll","background-type":"","background-media":"","overlay-type":"","overlay-color":"","overlay-opacity":"","overlay-gradient":""}},"ast-content-background-meta":{"desktop":{"background-color":"var(--ast-global-color-4)","background-image":"","background-repeat":"repeat","background-position":"center center","background-size":"auto","background-attachment":"scroll","background-type":"","background-media":"","overlay-type":"","overlay-color":"","overlay-opacity":"","overlay-gradient":""},"tablet":{"background-color":"var(--ast-global-color-4)","background-image":"","background-repeat":"repeat","background-position":"center center","background-size":"auto","background-attachment":"scroll","background-type":"","background-media":"","overlay-type":"","overlay-color":"","overlay-opacity":"","overlay-gradient":""},"mobile":{"background-color":"var(--ast-global-color-4)","background-image":"","background-repeat":"repeat","background-position":"center center","background-size":"auto","background-attachment":"scroll","background-type":"","background-media":"","overlay-type":"","overlay-color":"","overlay-opacity":"","overlay-gradient":""}},"footnotes":""},"class_list":["post-502","page","type-page","status-publish","hentry"],"_links":{"self":[{"href":"https:\/\/riskpaygo.com\/zh\/wp-json\/wp\/v2\/pages\/502","targetHints":{"allow":["GET"]}}],"collection":[{"href":"https:\/\/riskpaygo.com\/zh\/wp-json\/wp\/v2\/pages"}],"about":[{"href":"https:\/\/riskpaygo.com\/zh\/wp-json\/wp\/v2\/types\/page"}],"author":[{"embeddable":true,"href":"https:\/\/riskpaygo.com\/zh\/wp-json\/wp\/v2\/users\/1"}],"replies":[{"embeddable":true,"href":"https:\/\/riskpaygo.com\/zh\/wp-json\/wp\/v2\/comments?post=502"}],"version-history":[{"count":0,"href":"https:\/\/riskpaygo.com\/zh\/wp-json\/wp\/v2\/pages\/502\/revisions"}],"wp:attachment":[{"href":"https:\/\/riskpaygo.com\/zh\/wp-json\/wp\/v2\/media?parent=502"}],"curies":[{"name":"wp","href":"https:\/\/api.w.org\/{rel}","templated":true}]}}