{"id":139,"date":"2025-11-16T01:23:47","date_gmt":"2025-11-16T00:23:47","guid":{"rendered":"https:\/\/riskpaygo.com\/?page_id=139"},"modified":"2026-03-13T14:21:56","modified_gmt":"2026-03-13T13:21:56","slug":"%e9%9a%90%e7%a7%81%e6%94%bf%e7%ad%96","status":"publish","type":"page","link":"https:\/\/riskpaygo.com\/zh\/%e9%9a%90%e7%a7%81%e6%94%bf%e7%ad%96\/","title":{"rendered":"\u96b1\u79c1\u6b0a\u653f\u7b56"},"content":{"rendered":"<p>\u672c\u96b1\u79c1\u6b0a\u653f\u7b56\u95e1\u8ff0\u4e86 RiesgoPayGp USA \u5982\u4f55\u4fdd\u8b77\u4f7f\u7528\u8005\u5728\u4f7f\u7528\u5176\u7db2\u7ad9\u6642\u63d0\u4f9b\u7684\u8cc7\u8a0a\u3002\u672c\u516c\u53f8\u81f4\u529b\u65bc\u4fdd\u969c\u7528\u6236\u8cc7\u6599\u7684\u5b89\u5168\u3002\u7576\u60a8\u586b\u5beb\u53ef\u8b58\u5225\u60a8\u8eab\u5206\u7684\u500b\u4eba\u8cc7\u8a0a\u6642\uff0c\u6211\u5011\u4fdd\u8b49\u9019\u4e9b\u8cc7\u8a0a\u5c07\u50c5\u4f9d\u7167\u672c\u6587\u4ef6\u7684\u689d\u6b3e\u4f7f\u7528\u3002\u4f46\u662f\uff0c\u672c\u96b1\u79c1\u6b0a\u653f\u7b56\u53ef\u80fd\u6703\u4e0d\u6642\u8b8a\u66f4\u6216\u66f4\u65b0\uff0c\u56e0\u6b64\u6211\u5011\u5efa\u8b70\u4e26\u5f37\u8abf\u60a8\u5b9a\u671f\u67e5\u770b\u6b64\u9801\u9762\uff0c\u4ee5\u78ba\u4fdd\u60a8\u540c\u610f\u4efb\u4f55\u8b8a\u66f4\u3002<\/p>\n<h2>\u53ef\u8b58\u5225\u7684\u8a0a\u606f<\/h2>\n<p>\u6211\u5011\u7684\u7db2\u7ad9\u53ef\u80fd\u6703\u8b58\u5225\u60a8\u7684\u500b\u4eba\u8a0a\u606f\uff0c\u4f8b\u5982\u60a8\u7684\u59d3\u540d\u3001\u806f\u7d61\u8cc7\u8a0a\uff08\u4f8b\u5982\u60a8\u7684\u96fb\u5b50\u90f5\u4ef6\u5730\u5740\uff09\u548c\u4eba\u53e3\u7d71\u8a08\u8cc7\u6599\u3002\u540c\u6a23\uff0c\u6211\u5011\u53ef\u80fd\u6703\u5728\u5fc5\u8981\u6642\u8981\u6c42\u60a8\u63d0\u4f9b\u7279\u5b9a\u4fe1\u606f\uff0c\u4ee5\u4fbf\u8655\u7406\u8a02\u55ae\u3001\u9032\u884c\u914d\u9001\u6216\u958b\u7acb\u767c\u7968\u3002<\/p>\n<h2>\u4f7f\u7528\u516c\u8a8d\u8cc7\u8a0a<\/h2>\n<p>\u6211\u5011\u7684\u7db2\u7ad9\u6703\u4f7f\u7528\u60a8\u7684\u8cc7\u8a0a\u4f86\u63d0\u4f9b\u6700\u4f73\u670d\u52d9\uff0c\u7279\u5225\u662f\u7528\u65bc\u7dad\u8b77\u4f7f\u7528\u8005\u8a18\u9304\u3001\u8655\u7406\u8a02\u55ae\uff08\u5982\u9069\u7528\uff09\u4ee5\u53ca\u6539\u9032\u6211\u5011\u7684\u7522\u54c1\u548c\u670d\u52d9\u3002\u60a8\u53ef\u80fd\u6703\u5b9a\u671f\u6536\u5230\u6211\u5011\u7db2\u7ad9\u7684\u96fb\u5b50\u90f5\u4ef6\uff0c\u5176\u4e2d\u5305\u542b\u7279\u5225\u512a\u60e0\u3001\u65b0\u7522\u54c1\u4ee5\u53ca\u6211\u5011\u8a8d\u70ba\u53ef\u80fd\u8207\u60a8\u76f8\u95dc\u6216\u5c0d\u60a8\u6709\u76ca\u7684\u5176\u4ed6\u516c\u958b\u8cc7\u8a0a\u3002\u9019\u4e9b\u96fb\u5b50\u90f5\u4ef6\u5c07\u767c\u9001\u5230\u60a8\u63d0\u4f9b\u7684\u96fb\u5b50\u90f5\u4ef6\u5730\u5740\uff0c\u60a8\u53ef\u4ee5\u96a8\u6642\u53d6\u6d88\u8a02\u95b1\u3002<\/p>\n<p>RiesgoPayGp \u9ad8\u5ea6\u91cd\u8996\u60a8\u7684\u8cc7\u5b89\u3002\u6211\u5011\u63a1\u7528\u6700\u5148\u9032\u4e14\u4e0d\u65b7\u66f4\u65b0\u7684\u7cfb\u7d71\uff0c\u4ee5\u78ba\u4fdd\u4e0d\u6703\u767c\u751f\u672a\u7d93\u6388\u6b0a\u7684\u5b58\u53d6\u3002<\/p>\n<h2>\u9905\u4e7e<\/h2>\n<p>Cookie \u662f\u767c\u9001\u5230\u60a8\u96fb\u8166\u4e0a\u7684\u4e00\u500b\u6587\u4ef6\uff0c\u8acb\u6c42\u60a8\u5141\u8a31\u5c07\u5176\u5132\u5b58\u5728\u60a8\u7684\u96fb\u8166\u4e0a\u3002\u4e00\u65e6\u60a8\u540c\u610f\uff0c\u8a72\u6587\u4ef6\u5c31\u6703\u88ab\u5275\u5efa\u4e26\u7528\u65bc\u6536\u96c6\u6709\u95dc\u7db2\u8def\u6d41\u91cf\u7684\u4fe1\u606f\uff0c\u4ee5\u4fbf\u60a8\u4e0b\u6b21\u8a2a\u554f\u8a72\u7db2\u7ad9\u6642\u66f4\u52a0\u4fbf\u6377\u3002 Cookie \u7684\u53e6\u4e00\u500b\u529f\u80fd\u662f\u8b93\u7db2\u7ad9\u8b58\u5225\u60a8\u7684\u8eab\u4efd\uff0c\u5f9e\u800c\u70ba\u60a8\u63d0\u4f9b\u66f4\u597d\u3001\u66f4\u500b\u4eba\u5316\u7684\u670d\u52d9\u3002<\/p>\n<p>\u6211\u5011\u7684\u7db2\u7ad9\u4f7f\u7528 Cookie \u4f86\u8b58\u5225\u60a8\u9020\u8a2a\u7684\u9801\u9762\u53ca\u5176\u9020\u8a2a\u983b\u7387\u3002\u9019\u4e9b\u8cc7\u8a0a\u50c5\u7528\u65bc\u7d71\u8a08\u5206\u6790\uff0c\u4e26\u5c07\u6c38\u4e45\u522a\u9664\u3002\u60a8\u53ef\u4ee5\u96a8\u6642\u5f9e\u60a8\u7684\u96fb\u8166\u4e2d\u522a\u9664 Cookie\u3002\u96d6\u7136 Cookie \u6709\u52a9\u65bc\u63d0\u5347\u60a8\u7684\u7db2\u7ad9\u9ad4\u9a57\uff0c\u4f46\u9664\u975e\u60a8\u9078\u64c7\u76f4\u63a5\u63d0\u4f9b\uff0c\u5426\u5247\u6211\u5011\u7121\u6cd5\u900f\u904e Cookie \u5b58\u53d6\u60a8\u7684\u96fb\u8166\u6216\u500b\u4eba\u8cc7\u8a0a\u3002\u60a8\u53ef\u4ee5\u9078\u64c7\u63a5\u53d7\u6216\u62d2\u7d55\u4f7f\u7528 Cookie\uff1b\u4e0d\u904e\uff0c\u5927\u591a\u6578\u700f\u89bd\u5668\u6703\u81ea\u52d5\u63a5\u53d7 Cookie \u4f86\u6539\u5584\u60a8\u7684\u700f\u89bd\u9ad4\u9a57\u3002\u60a8\u4e5f\u53ef\u4ee5\u8b8a\u66f4\u700f\u89bd\u5668\u8a2d\u5b9a\u4f86\u963b\u6b62 Cookie\u3002\u5982\u679c\u60a8\u62d2\u7d55\u4f7f\u7528 Cookie\uff0c\u5247\u53ef\u80fd\u7121\u6cd5\u4f7f\u7528\u6211\u5011\u7684\u67d0\u4e9b\u670d\u52d9\u3002<\/p>\n<h2>\u9023\u7d50\u5230\u7b2c\u4e09\u65b9<\/h2>\n<p>\u672c\u7db2\u7ad9\u53ef\u80fd\u5305\u542b\u6307\u5411\u5176\u4ed6\u7db2\u7ad9\u7684\u93c8\u63a5\uff0c\u9019\u4e9b\u7db2\u7ad9\u53ef\u80fd\u5c0d\u60a8\u6709\u7528\u3002\u4e00\u65e6\u60a8\u9ede\u64ca\u9019\u4e9b\u9023\u7d50\u4e26\u96e2\u958b\u672c\u7db2\u7ad9\uff0c\u6211\u5011\u5c07\u7121\u6cd5\u63a7\u5236\u60a8\u5c07\u88ab\u91cd\u65b0\u5c0e\u5411\u7684\u7db2\u7ad9\uff0c\u56e0\u6b64\u6211\u5011\u4e0d\u5c0d\u9019\u4e9b\u7b2c\u4e09\u65b9\u7db2\u7ad9\u7684\u4f7f\u7528\u689d\u6b3e\u3001\u96b1\u79c1\u6b0a\u653f\u7b56\u6216\u8cc7\u6599\u4fdd\u8b77\u63aa\u65bd\u8ca0\u8cac\u3002\u9019\u4e9b\u7db2\u7ad9\u53d7\u5176\u5404\u81ea\u7684\u96b1\u79c1\u6b0a\u653f\u7b56\u7d04\u675f\uff0c\u6211\u5011\u5efa\u8b70\u60a8\u4ed4\u7d30\u95b1\u8b80\u4e26\u540c\u610f\u9019\u4e9b\u653f\u7b56\u3002<\/p>\n<h2>\u63a7\u5236\u60a8\u7684\u500b\u4eba\u8cc7\u8a0a<\/h2>\n<p>\u60a8\u53ef\u4ee5\u96a8\u6642\u9650\u5236\u6211\u5011\u6536\u96c6\u6216\u4f7f\u7528\u60a8\u63d0\u4f9b\u7d66\u672c\u7db2\u7ad9\u7684\u500b\u4eba\u8cc7\u8a0a\u3002\u7576\u60a8\u88ab\u8981\u6c42\u586b\u5beb\u8868\u683c\uff08\u4f8b\u5982\u4f7f\u7528\u8005\u8a3b\u518a\u8868\uff09\u6642\uff0c\u60a8\u53ef\u4ee5\u52fe\u9078\u6216\u53d6\u6d88\u52fe\u9078\u900f\u904e\u96fb\u5b50\u90f5\u4ef6\u63a5\u6536\u8cc7\u8a0a\u7684\u9078\u9805\u3002\u5982\u679c\u60a8\u5df2\u9078\u64c7\u63a5\u6536\u6211\u5011\u7684\u96fb\u5b50\u5831\u6216\u5ee3\u544a\uff0c\u60a8\u53ef\u4ee5\u96a8\u6642\u53d6\u6d88\u8a02\u95b1\u3002<\/p>\n<p>\u672a\u7d93\u60a8\u7684\u540c\u610f\uff0c\u672c\u516c\u53f8\u4e0d\u6703\u51fa\u552e\u3001\u8f49\u8b93\u6216\u5206\u767c\u6240\u6536\u96c6\u7684\u500b\u4eba\u4fe1\u606f\uff0c\u9664\u975e\u6cd5\u9662\u547d\u4ee4\u8981\u6c42\u9019\u6a23\u505a\u3002<\/p>\n<p>RiskPayGo\u4fdd\u7559\u96a8\u6642\u66f4\u6539\u672c\u96b1\u79c1\u6b0a\u653f\u7b56\u689d\u6b3e\u7684\u6b0a\u5229\u3002<\/p>","protected":false},"excerpt":{"rendered":"<p>El presente Pol\u00edtica de Privacidad establece los t\u00e9rminos en que RiesgoPayGp estados Unidos y proteger la informaci\u00f3n que es proporcionada [&hellip;]<\/p>\n","protected":false},"author":1,"featured_media":0,"parent":0,"menu_order":0,"comment_status":"closed","ping_status":"closed","template":"","meta":{"site-sidebar-layout":"default","site-content-layout":"","ast-site-content-layout":"default","site-content-style":"default","site-sidebar-style":"default","ast-global-header-display":"","ast-banner-title-visibility":"","ast-main-header-display":"","ast-hfb-above-header-display":"","ast-hfb-below-header-display":"","ast-hfb-mobile-header-display":"","site-post-title":"","ast-breadcrumbs-content":"","ast-featured-img":"","footer-sml-layout":"","ast-disable-related-posts":"","theme-transparent-header-meta":"default","adv-header-id-meta":"","stick-header-meta":"","header-above-stick-meta":"","header-main-stick-meta":"","header-below-stick-meta":"","astra-migrate-meta-layouts":"set","ast-page-background-enabled":"default","ast-page-background-meta":{"desktop":{"background-color":"var(--ast-global-color-5)","background-image":"","background-repeat":"repeat","background-position":"center center","background-size":"auto","background-attachment":"scroll","background-type":"","background-media":"","overlay-type":"","overlay-color":"","overlay-opacity":"","overlay-gradient":""},"tablet":{"background-color":"","background-image":"","background-repeat":"repeat","background-position":"center center","background-size":"auto","background-attachment":"scroll","background-type":"","background-media":"","overlay-type":"","overlay-color":"","overlay-opacity":"","overlay-gradient":""},"mobile":{"background-color":"","background-image":"","background-repeat":"repeat","background-position":"center center","background-size":"auto","background-attachment":"scroll","background-type":"","background-media":"","overlay-type":"","overlay-color":"","overlay-opacity":"","overlay-gradient":""}},"ast-content-background-meta":{"desktop":{"background-color":"var(--ast-global-color-4)","background-image":"","background-repeat":"repeat","background-position":"center center","background-size":"auto","background-attachment":"scroll","background-type":"","background-media":"","overlay-type":"","overlay-color":"","overlay-opacity":"","overlay-gradient":""},"tablet":{"background-color":"var(--ast-global-color-4)","background-image":"","background-repeat":"repeat","background-position":"center center","background-size":"auto","background-attachment":"scroll","background-type":"","background-media":"","overlay-type":"","overlay-color":"","overlay-opacity":"","overlay-gradient":""},"mobile":{"background-color":"var(--ast-global-color-4)","background-image":"","background-repeat":"repeat","background-position":"center center","background-size":"auto","background-attachment":"scroll","background-type":"","background-media":"","overlay-type":"","overlay-color":"","overlay-opacity":"","overlay-gradient":""}},"footnotes":""},"class_list":["post-139","page","type-page","status-publish","hentry"],"_links":{"self":[{"href":"https:\/\/riskpaygo.com\/zh\/wp-json\/wp\/v2\/pages\/139","targetHints":{"allow":["GET"]}}],"collection":[{"href":"https:\/\/riskpaygo.com\/zh\/wp-json\/wp\/v2\/pages"}],"about":[{"href":"https:\/\/riskpaygo.com\/zh\/wp-json\/wp\/v2\/types\/page"}],"author":[{"embeddable":true,"href":"https:\/\/riskpaygo.com\/zh\/wp-json\/wp\/v2\/users\/1"}],"replies":[{"embeddable":true,"href":"https:\/\/riskpaygo.com\/zh\/wp-json\/wp\/v2\/comments?post=139"}],"version-history":[{"count":0,"href":"https:\/\/riskpaygo.com\/zh\/wp-json\/wp\/v2\/pages\/139\/revisions"}],"wp:attachment":[{"href":"https:\/\/riskpaygo.com\/zh\/wp-json\/wp\/v2\/media?parent=139"}],"curies":[{"name":"wp","href":"https:\/\/api.w.org\/{rel}","templated":true}]}}