{"id":452,"date":"2026-04-05T23:55:53","date_gmt":"2026-04-05T21:55:53","guid":{"rendered":"https:\/\/riskpaygo.com\/?page_id=452"},"modified":"2026-04-06T00:46:13","modified_gmt":"2026-04-05T22:46:13","slug":"sobre-nosotros","status":"publish","type":"page","link":"https:\/\/riskpaygo.com\/pt\/sobre-nosotros\/","title":{"rendered":"Sobre n\u00f3s"},"content":{"rendered":"<div data-elementor-type=\"wp-page\" data-elementor-id=\"452\" class=\"elementor elementor-452\" data-elementor-post-type=\"page\">\n\t\t\t\t\t\t<section class=\"elementor-section elementor-top-section elementor-element elementor-element-4a7c979 elementor-section-stretched elementor-section-boxed elementor-section-height-default elementor-section-height-default\" data-id=\"4a7c979\" data-element_type=\"section\" data-e-type=\"section\" data-settings=\"{&quot;stretch_section&quot;:&quot;section-stretched&quot;,&quot;background_background&quot;:&quot;gradient&quot;}\">\n\t\t\t\t\t\t<div class=\"elementor-container elementor-column-gap-default\">\n\t\t\t\t\t<div class=\"elementor-column elementor-col-50 elementor-top-column elementor-element elementor-element-69e65cc\" data-id=\"69e65cc\" data-element_type=\"column\" data-e-type=\"column\">\n\t\t\t<div class=\"elementor-widget-wrap elementor-element-populated\">\n\t\t\t\t\t\t<div class=\"elementor-element elementor-element-f477c4a elementor-widget elementor-widget-spacer\" data-id=\"f477c4a\" data-element_type=\"widget\" data-e-type=\"widget\" data-widget_type=\"spacer.default\">\n\t\t\t\t\t\t\t<div class=\"elementor-spacer\">\n\t\t\t<div class=\"elementor-spacer-inner\"><\/div>\n\t\t<\/div>\n\t\t\t\t\t\t<\/div>\n\t\t\t\t<div class=\"elementor-element elementor-element-6bef4c3 elementor-widget elementor-widget-heading\" data-id=\"6bef4c3\" data-element_type=\"widget\" data-e-type=\"widget\" data-widget_type=\"heading.default\">\n\t\t\t\t\t<h1 class=\"elementor-heading-title elementor-size-default\">Sobre a RiskPayGo<\/h1>\t\t\t\t<\/div>\n\t\t\t\t<div class=\"elementor-element elementor-element-5e3be26 elementor-widget elementor-widget-heading\" data-id=\"5e3be26\" data-element_type=\"widget\" data-e-type=\"widget\" data-widget_type=\"heading.default\">\n\t\t\t\t\t<div class=\"elementor-heading-title elementor-size-default\">Ajudamos empresas complexas a receber pagamentos de forma mais clara e com menos complica\u00e7\u00f5es.<\/div>\t\t\t\t<\/div>\n\t\t\t\t<div class=\"elementor-element elementor-element-8827554 elementor-widget elementor-widget-text-editor\" data-id=\"8827554\" data-element_type=\"widget\" data-e-type=\"widget\" data-widget_type=\"text-editor.default\">\n\t\t\t\t\t\t\t\t\t<p>A RiskPayGo foi criada para resolver um problema muito espec\u00edfico: existem neg\u00f3cios online que vendem, crescem e t\u00eam clientes reais, mas continuam a enfrentar processos intermin\u00e1veis, rejei\u00e7\u00f5es constantes e gateways de pagamento que n\u00e3o compreendem o seu modelo de neg\u00f3cio.<\/p>\t\t\t\t\t\t\t\t<\/div>\n\t\t\t\t<section class=\"elementor-section elementor-inner-section elementor-element elementor-element-408b27b elementor-section-boxed elementor-section-height-default elementor-section-height-default\" data-id=\"408b27b\" data-element_type=\"section\" data-e-type=\"section\">\n\t\t\t\t\t\t<div class=\"elementor-container elementor-column-gap-default\">\n\t\t\t\t\t<div class=\"elementor-column elementor-col-50 elementor-inner-column elementor-element elementor-element-8a1fa15\" data-id=\"8a1fa15\" data-element_type=\"column\" data-e-type=\"column\">\n\t\t\t<div class=\"elementor-widget-wrap elementor-element-populated\">\n\t\t\t\t\t\t<div class=\"elementor-element elementor-element-f60f348 elementor-mobile-align-center rpg-btn rpg-btn-primary elementor-widget elementor-widget-button\" data-id=\"f60f348\" data-element_type=\"widget\" data-e-type=\"widget\" data-widget_type=\"button.default\">\n\t\t\t\t\t\t\t\t\t\t<a class=\"elementor-button elementor-button-link elementor-size-sm\" href=\"https:\/\/riskpaygo.com\/portal\/register.php\" target=\"_blank\">\n\t\t\t\t\t\t<span class=\"elementor-button-content-wrapper\">\n\t\t\t\t\t\t<span class=\"elementor-button-icon\">\n\t\t\t\t<svg aria-hidden=\"true\" class=\"e-font-icon-svg e-fas-shopping-cart\" viewbox=\"0 0 576 512\" xmlns=\"http:\/\/www.w3.org\/2000\/svg\"><path d=\"M528.12 301.319l47.273-208C578.806 78.301 567.391 64 551.99 64H159.208l-9.166-44.81C147.758 8.021 137.93 0 126.529 0H24C10.745 0 0 10.745 0 24v16c0 13.255 10.745 24 24 24h69.883l70.248 343.435C147.325 417.1 136 435.222 136 456c0 30.928 25.072 56 56 56s56-25.072 56-56c0-15.674-6.447-29.835-16.824-40h209.647C430.447 426.165 424 440.326 424 456c0 30.928 25.072 56 56 56s56-25.072 56-56c0-22.172-12.888-41.332-31.579-50.405l5.517-24.276c3.413-15.018-8.002-29.319-23.403-29.319H218.117l-6.545-32h293.145c11.206 0 20.92-7.754 23.403-18.681z\"><\/path><\/svg>\t\t\t<\/span>\n\t\t\t\t\t\t\t\t\t<span class=\"elementor-button-text\">Criar uma conta<\/span>\n\t\t\t\t\t<\/span>\n\t\t\t\t\t<\/a>\n\t\t\t\t\t\t\t\t<\/div>\n\t\t\t\t\t<\/div>\n\t\t<\/div>\n\t\t\t\t<div class=\"elementor-column elementor-col-50 elementor-inner-column elementor-element elementor-element-0a6f233\" data-id=\"0a6f233\" data-element_type=\"column\" data-e-type=\"column\">\n\t\t\t<div class=\"elementor-widget-wrap elementor-element-populated\">\n\t\t\t\t\t\t<div class=\"elementor-element elementor-element-4960cbd elementor-mobile-align-center elementor-widget__width-initial rpg-btn rpg-btn-secondary elementor-widget elementor-widget-button\" data-id=\"4960cbd\" data-element_type=\"widget\" data-e-type=\"widget\" data-widget_type=\"button.default\">\n\t\t\t\t\t\t\t\t\t\t<a class=\"elementor-button elementor-button-link elementor-size-sm\" href=\"https:\/\/riskpaygo.com\/pt\/contato\/\" target=\"_blank\" rel=\"nofollow\">\n\t\t\t\t\t\t<span class=\"elementor-button-content-wrapper\">\n\t\t\t\t\t\t\t\t\t<span class=\"elementor-button-text\">Fale conosco<\/span>\n\t\t\t\t\t<\/span>\n\t\t\t\t\t<\/a>\n\t\t\t\t\t\t\t\t<\/div>\n\t\t\t\t\t<\/div>\n\t\t<\/div>\n\t\t\t\t\t<\/div>\n\t\t<\/section>\n\t\t\t\t<div class=\"elementor-element elementor-element-9daf302 elementor-widget elementor-widget-spacer\" data-id=\"9daf302\" data-element_type=\"widget\" data-e-type=\"widget\" data-widget_type=\"spacer.default\">\n\t\t\t\t\t\t\t<div class=\"elementor-spacer\">\n\t\t\t<div class=\"elementor-spacer-inner\"><\/div>\n\t\t<\/div>\n\t\t\t\t\t\t<\/div>\n\t\t\t\t\t<\/div>\n\t\t<\/div>\n\t\t\t\t<div class=\"elementor-column elementor-col-50 elementor-top-column elementor-element elementor-element-455c494 elementor-hidden-tablet elementor-hidden-mobile\" data-id=\"455c494\" data-element_type=\"column\" data-e-type=\"column\">\n\t\t\t<div class=\"elementor-widget-wrap elementor-element-populated\">\n\t\t\t\t\t\t<div class=\"elementor-element elementor-element-f4efce3 elementor-widget elementor-widget-spacer\" data-id=\"f4efce3\" data-element_type=\"widget\" data-e-type=\"widget\" data-widget_type=\"spacer.default\">\n\t\t\t\t\t\t\t<div class=\"elementor-spacer\">\n\t\t\t<div class=\"elementor-spacer-inner\"><\/div>\n\t\t<\/div>\n\t\t\t\t\t\t<\/div>\n\t\t\t\t<div class=\"elementor-element elementor-element-0275cba elementor-widget elementor-widget-image\" data-id=\"0275cba\" data-element_type=\"widget\" data-e-type=\"widget\" data-widget_type=\"image.default\">\n\t\t\t\t\t\t\t\t\t\t\t\t\t\t\t<img fetchpriority=\"high\" decoding=\"async\" width=\"999\" height=\"820\" src=\"https:\/\/riskpaygo.com\/wp-content\/uploads\/2026\/04\/pago.png\" class=\"attachment-large size-large wp-image-455\" alt=\"pagar\" srcset=\"https:\/\/riskpaygo.com\/wp-content\/uploads\/2026\/04\/pago.png 999w, https:\/\/riskpaygo.com\/wp-content\/uploads\/2026\/04\/pago-300x246.png 300w, https:\/\/riskpaygo.com\/wp-content\/uploads\/2026\/04\/pago-768x630.png 768w, https:\/\/riskpaygo.com\/wp-content\/uploads\/2026\/04\/pago-15x12.png 15w\" sizes=\"(max-width: 999px) 100vw, 999px\" title=\"\">\t\t\t\t\t\t\t\t\t\t\t\t\t\t\t<\/div>\n\t\t\t\t\t<\/div>\n\t\t<\/div>\n\t\t\t\t\t<\/div>\n\t\t<\/section>\n\t\t\t\t<section class=\"elementor-section elementor-top-section elementor-element elementor-element-88bbb78 elementor-section-boxed elementor-section-height-default elementor-section-height-default\" data-id=\"88bbb78\" data-element_type=\"section\" data-e-type=\"section\">\n\t\t\t\t\t\t<div class=\"elementor-container elementor-column-gap-default\">\n\t\t\t\t\t<div class=\"elementor-column elementor-col-100 elementor-top-column elementor-element elementor-element-e2fbc05\" data-id=\"e2fbc05\" data-element_type=\"column\" data-e-type=\"column\">\n\t\t\t<div class=\"elementor-widget-wrap elementor-element-populated\">\n\t\t\t\t\t\t<div class=\"elementor-element elementor-element-e850842 elementor-widget elementor-widget-heading\" data-id=\"e850842\" data-element_type=\"widget\" data-e-type=\"widget\" data-widget_type=\"heading.default\">\n\t\t\t\t\t<h2 class=\"elementor-heading-title elementor-size-default\">Por que isso existe? <span class=\"acento\">RiskPayGo<\/span><\/h2>\t\t\t\t<\/div>\n\t\t\t\t<div class=\"elementor-element elementor-element-25c6b15 elementor-widget elementor-widget-text-editor\" data-id=\"25c6b15\" data-element_type=\"widget\" data-e-type=\"widget\" data-widget_type=\"text-editor.default\">\n\t\t\t\t\t\t\t\t\t<p>Porque muitos projetos v\u00e1lidos, rent\u00e1veis \u200b\u200be bem estruturados s\u00e3o exclu\u00eddos devido a um \u00fanico r\u00f3tulo: alto risco.<\/p><p>E quando isso acontece, o problema n\u00e3o \u00e9 apenas t\u00e9cnico. \u00c9 tamb\u00e9m comercial: perde-se tempo, as vendas diminuem e o crescimento \u00e9 prejudicado.<\/p><p>Nossa miss\u00e3o \u00e9 reduzir esse atrito para que as cobran\u00e7as deixem de ser um gargalo e voltem a ser uma parte natural do neg\u00f3cio.<\/p>\t\t\t\t\t\t\t\t<\/div>\n\t\t\t\t<div class=\"elementor-element elementor-element-c0a42e9 elementor-widget elementor-widget-html\" data-id=\"c0a42e9\" data-element_type=\"widget\" data-e-type=\"widget\" data-widget_type=\"html.default\">\n\t\t\t\t\t<div class=\"rpg-kpis\">\r\n  <div class=\"rpg-kpi\">\r\n    <h3>Integra\u00e7\u00e3o flex\u00edvel<\/h3>\r\n    <p>Plugin, API e links de pagamento, tudo em uma \u00fanica oferta.<\/p>\r\n  <\/div>\r\n\r\n  <div class=\"rpg-kpi\">\r\n    <h3>Experi\u00eancia simples<\/h3>\r\n    <p>Menos barreiras para voc\u00ea e seu cliente no momento do pagamento.<\/p>\r\n  <\/div>\r\n\r\n  <div class=\"rpg-kpi\">\r\n    <h3>Opera\u00e7\u00e3o vis\u00edvel<\/h3>\r\n    <p>Maior controle sobre as opera\u00e7\u00f5es di\u00e1rias, transa\u00e7\u00f5es e saques.<\/p>\r\n  <\/div>\r\n\r\n  <div class=\"rpg-kpi\">\r\n    <h3>Apoio nas proximidades<\/h3>\r\n    <p>Sem promessas vazias ou processos desnecessariamente complicados.<\/p>\r\n  <\/div>\r\n<\/div>\t\t\t\t<\/div>\n\t\t\t\t\t<\/div>\n\t\t<\/div>\n\t\t\t\t\t<\/div>\n\t\t<\/section>\n\t\t\t\t<section class=\"elementor-section elementor-top-section elementor-element elementor-element-cbe3086 elementor-section-boxed elementor-section-height-default elementor-section-height-default\" data-id=\"cbe3086\" data-element_type=\"section\" data-e-type=\"section\" data-settings=\"{&quot;background_background&quot;:&quot;classic&quot;}\">\n\t\t\t\t\t\t<div class=\"elementor-container elementor-column-gap-default\">\n\t\t\t\t\t<div class=\"elementor-column elementor-col-100 elementor-top-column elementor-element elementor-element-c8bea3a\" data-id=\"c8bea3a\" data-element_type=\"column\" data-e-type=\"column\">\n\t\t\t<div class=\"elementor-widget-wrap elementor-element-populated\">\n\t\t\t\t\t\t<div class=\"elementor-element elementor-element-8bef7ff elementor-widget elementor-widget-heading\" data-id=\"8bef7ff\" data-element_type=\"widget\" data-e-type=\"widget\" data-widget_type=\"heading.default\">\n\t\t\t\t\t<h2 class=\"elementor-heading-title elementor-size-default\">Nossos princ\u00edpios<\/h2>\t\t\t\t<\/div>\n\t\t\t\t<div class=\"elementor-element elementor-element-f3cb7a3 elementor-widget elementor-widget-text-editor\" data-id=\"f3cb7a3\" data-element_type=\"widget\" data-e-type=\"widget\" data-widget_type=\"text-editor.default\">\n\t\t\t\t\t\t\t\t\t<p>Esta p\u00e1gina n\u00e3o se trata de usar palavras bonitas. Trata-se de explicar como abordamos o produto, o suporte e o nosso relacionamento com cada comerciante.<\/p>\t\t\t\t\t\t\t\t<\/div>\n\t\t\t\t<div class=\"elementor-element elementor-element-6fe63fe elementor-widget elementor-widget-html\" data-id=\"6fe63fe\" data-element_type=\"widget\" data-e-type=\"widget\" data-widget_type=\"html.default\">\n\t\t\t\t\t<div class=\"rpg-principles-vertical\">\r\n  <div class=\"rpg-principle-item\">\r\n    <div class=\"rpg-principle-num\">01<\/div>\r\n    <h3>Clareza<\/h3>\r\n    <p>Conversamos abertamente sobre o servi\u00e7o, o funcionamento e o que voc\u00ea pode esperar desde o primeiro dia.<\/p>\r\n  <\/div>\r\n\r\n  <div class=\"rpg-principle-item\">\r\n    <div class=\"rpg-principle-num\">02<\/div>\r\n    <h3>Velocidade \u00fatil<\/h3>\r\n    <p>Queremos que voc\u00ea consiga ativar os pagamentos sem transformar a integra\u00e7\u00e3o em um projeto intermin\u00e1vel.<\/p>\r\n  <\/div>\r\n\r\n  <div class=\"rpg-principle-item\">\r\n    <div class=\"rpg-principle-num\">03<\/div>\r\n    <h3>Realismo<\/h3>\r\n    <p>N\u00e3o prometemos milagres. Buscamos processos razo\u00e1veis \u200b\u200be uma experi\u00eancia que ajude voc\u00ea a vender melhor.<\/p>\r\n  <\/div>\r\n\r\n  <div class=\"rpg-principle-item\">\r\n    <div class=\"rpg-principle-num\">04<\/div>\r\n    <h3>Acompanhamento<\/h3>\r\n    <p>Por tr\u00e1s da ferramenta, existem pessoas. E por tr\u00e1s de cada comerciante, existe um neg\u00f3cio que precisa de respostas.<\/p>\r\n  <\/div>\r\n<\/div>\t\t\t\t<\/div>\n\t\t\t\t\t<\/div>\n\t\t<\/div>\n\t\t\t\t\t<\/div>\n\t\t<\/section>\n\t\t\t\t<section class=\"elementor-section elementor-top-section elementor-element elementor-element-a69219f elementor-section-full_width elementor-section-height-default elementor-section-height-default\" data-id=\"a69219f\" data-element_type=\"section\" data-e-type=\"section\">\n\t\t\t\t\t\t<div class=\"elementor-container elementor-column-gap-default\">\n\t\t\t\t\t<div class=\"elementor-column elementor-col-100 elementor-top-column elementor-element elementor-element-5715a22\" data-id=\"5715a22\" data-element_type=\"column\" data-e-type=\"column\">\n\t\t\t<div class=\"elementor-widget-wrap elementor-element-populated\">\n\t\t\t\t\t\t<div class=\"elementor-element elementor-element-a6a737b elementor-widget elementor-widget-html\" data-id=\"a6a737b\" data-element_type=\"widget\" data-e-type=\"widget\" data-widget_type=\"html.default\">\n\t\t\t\t\t<section class=\"rpg-last-cta-wrap\">\r\n  <div class=\"rpg-last-cta\">\r\n    <span class=\"rpg-last-cta__tag\">\u00daltimo passo<\/span>\r\n\r\n    <h2>\r\n      Queremos que o carregamento deixe de ser um problema.\r\n      <span>dor de cabe\u00e7a<\/span>\r\n    <\/h2>\r\n\r\n    <p>\r\n      Se sua empresa j\u00e1 est\u00e1 vendendo, mas voc\u00ea ainda encontra barreiras com os fornecedores tradicionais, o RiskPayGo pode ser o pr\u00f3ximo passo para estabelecer uma opera\u00e7\u00e3o mais clara, flex\u00edvel e \u00fatil para o seu crescimento.\r\n    <\/p>\r\n\r\n    <div class=\"rpg-last-cta__buttons\">\r\n      <a href=\"https:\/\/riskpaygo.com\/portal\/register.php\" class=\"rpg-last-btn rpg-last-btn--primary\">Comece agora<\/a>\r\n      <a href=\"\/pt\/contato\/\" class=\"rpg-last-btn rpg-last-btn--secondary\">Contato<\/a>\r\n    <\/div>\r\n  <\/div>\r\n<\/section>\t\t\t\t<\/div>\n\t\t\t\t\t<\/div>\n\t\t<\/div>\n\t\t\t\t\t<\/div>\n\t\t<\/section>\n\t\t\t\t<\/div>","protected":false},"excerpt":{"rendered":"<p>Sobre RiskPayGo Ayudamos a negocios complejos a cobrar con m\u00e1s claridad y menos dolores de cabeza RiskPayGo nace para resolver [&hellip;]<\/p>\n","protected":false},"author":1,"featured_media":0,"parent":0,"menu_order":0,"comment_status":"closed","ping_status":"closed","template":"","meta":{"site-sidebar-layout":"no-sidebar","site-content-layout":"","ast-site-content-layout":"full-width-container","site-content-style":"default","site-sidebar-style":"default","ast-global-header-display":"","ast-banner-title-visibility":"","ast-main-header-display":"","ast-hfb-above-header-display":"","ast-hfb-below-header-display":"","ast-hfb-mobile-header-display":"","site-post-title":"disabled","ast-breadcrumbs-content":"","ast-featured-img":"disabled","footer-sml-layout":"","ast-disable-related-posts":"","theme-transparent-header-meta":"default","adv-header-id-meta":"","stick-header-meta":"default","header-above-stick-meta":"","header-main-stick-meta":"","header-below-stick-meta":"","astra-migrate-meta-layouts":"set","ast-page-background-enabled":"default","ast-page-background-meta":{"desktop":{"background-color":"var(--ast-global-color-5)","background-image":"","background-repeat":"repeat","background-position":"center center","background-size":"auto","background-attachment":"scroll","background-type":"","background-media":"","overlay-type":"","overlay-color":"","overlay-opacity":"","overlay-gradient":""},"tablet":{"background-color":"","background-image":"","background-repeat":"repeat","background-position":"center center","background-size":"auto","background-attachment":"scroll","background-type":"","background-media":"","overlay-type":"","overlay-color":"","overlay-opacity":"","overlay-gradient":""},"mobile":{"background-color":"","background-image":"","background-repeat":"repeat","background-position":"center center","background-size":"auto","background-attachment":"scroll","background-type":"","background-media":"","overlay-type":"","overlay-color":"","overlay-opacity":"","overlay-gradient":""}},"ast-content-background-meta":{"desktop":{"background-color":"var(--ast-global-color-4)","background-image":"","background-repeat":"repeat","background-position":"center center","background-size":"auto","background-attachment":"scroll","background-type":"","background-media":"","overlay-type":"","overlay-color":"","overlay-opacity":"","overlay-gradient":""},"tablet":{"background-color":"var(--ast-global-color-4)","background-image":"","background-repeat":"repeat","background-position":"center center","background-size":"auto","background-attachment":"scroll","background-type":"","background-media":"","overlay-type":"","overlay-color":"","overlay-opacity":"","overlay-gradient":""},"mobile":{"background-color":"var(--ast-global-color-4)","background-image":"","background-repeat":"repeat","background-position":"center center","background-size":"auto","background-attachment":"scroll","background-type":"","background-media":"","overlay-type":"","overlay-color":"","overlay-opacity":"","overlay-gradient":""}},"footnotes":""},"class_list":["post-452","page","type-page","status-publish","hentry"],"_links":{"self":[{"href":"https:\/\/riskpaygo.com\/pt\/wp-json\/wp\/v2\/pages\/452","targetHints":{"allow":["GET"]}}],"collection":[{"href":"https:\/\/riskpaygo.com\/pt\/wp-json\/wp\/v2\/pages"}],"about":[{"href":"https:\/\/riskpaygo.com\/pt\/wp-json\/wp\/v2\/types\/page"}],"author":[{"embeddable":true,"href":"https:\/\/riskpaygo.com\/pt\/wp-json\/wp\/v2\/users\/1"}],"replies":[{"embeddable":true,"href":"https:\/\/riskpaygo.com\/pt\/wp-json\/wp\/v2\/comments?post=452"}],"version-history":[{"count":0,"href":"https:\/\/riskpaygo.com\/pt\/wp-json\/wp\/v2\/pages\/452\/revisions"}],"wp:attachment":[{"href":"https:\/\/riskpaygo.com\/pt\/wp-json\/wp\/v2\/media?parent=452"}],"curies":[{"name":"wp","href":"https:\/\/api.w.org\/{rel}","templated":true}]}}