{"id":314,"date":"2026-03-13T14:21:22","date_gmt":"2026-03-13T13:21:22","guid":{"rendered":"https:\/\/riskpaygo.com\/?page_id=314"},"modified":"2026-03-13T14:21:22","modified_gmt":"2026-03-13T13:21:22","slug":"politica-dmca","status":"publish","type":"page","link":"https:\/\/riskpaygo.com\/pt\/politica-dmca\/","title":{"rendered":"Pol\u00edtica de DMCA"},"content":{"rendered":"<p data-start=\"123\" data-end=\"162\"><strong data-start=\"123\" data-end=\"162\">\u00daltima atualiza\u00e7\u00e3o: mar\u00e7o de 2026<\/strong><\/p>\n<p data-start=\"164\" data-end=\"500\">Na RiskPayGo, respeitamos os direitos de propriedade intelectual de terceiros e esperamos que nossos usu\u00e1rios fa\u00e7am o mesmo. Se voc\u00ea acredita que algum conte\u00fado dispon\u00edvel em nosso site ou servi\u00e7os infringe seus direitos autorais, voc\u00ea pode enviar uma notifica\u00e7\u00e3o de acordo com o [instru\u00e7\u00f5es espec\u00edficas para a viola\u00e7\u00e3o de direitos autorais]. <strong data-start=\"456\" data-end=\"499\">Lei de Direitos Autorais do Mil\u00eanio Digital (DMCA)<\/strong>.<\/p>\n<h2 data-section-id=\"1qqn4r1\" data-start=\"502\" data-end=\"557\">1. Notifica\u00e7\u00f5es de viola\u00e7\u00e3o de direitos autorais<\/h2>\n<p data-start=\"559\" data-end=\"806\">Se voc\u00ea \u00e9 detentor dos direitos autorais ou est\u00e1 autorizado a agir em nome de um detentor e acredita de boa-f\u00e9 que qualquer conte\u00fado dispon\u00edvel no RiskPayGo infringe seus direitos, voc\u00ea pode enviar uma notifica\u00e7\u00e3o por escrito com as seguintes informa\u00e7\u00f5es:<\/p>\n<ol data-start=\"808\" data-end=\"1721\">\n<li data-section-id=\"1uf9f9o\" data-start=\"808\" data-end=\"926\">\n<p data-start=\"811\" data-end=\"926\">Assinatura f\u00edsica ou eletr\u00f4nica da pessoa autorizada a agir em nome do detentor dos direitos autorais.<\/p>\n<\/li>\n<li data-section-id=\"qlgw1k\" data-start=\"927\" data-end=\"1016\">\n<p data-start=\"930\" data-end=\"1016\">Identifica\u00e7\u00e3o da obra protegida cujos direitos supostamente foram infringidos.<\/p>\n<\/li>\n<li data-section-id=\"18nfmxn\" data-start=\"1017\" data-end=\"1206\">\n<p data-start=\"1020\" data-end=\"1206\">Identifica\u00e7\u00e3o do material ou atividade supostamente infratora e informa\u00e7\u00f5es razoavelmente suficientes para nos permitir localizar tal material.<\/p>\n<\/li>\n<li data-section-id=\"2bt64m\" data-start=\"1207\" data-end=\"1347\">\n<p data-start=\"1210\" data-end=\"1347\">Suas informa\u00e7\u00f5es de contato, incluindo nome completo, endere\u00e7o postal (se aplic\u00e1vel), n\u00famero de telefone e endere\u00e7o de e-mail.<\/p>\n<\/li>\n<li data-section-id=\"11ltf7p\" data-start=\"1348\" data-end=\"1503\">\n<p data-start=\"1351\" data-end=\"1503\">Uma declara\u00e7\u00e3o de que voc\u00ea acredita de boa-f\u00e9 que o uso do material em quest\u00e3o n\u00e3o \u00e9 autorizado pelo detentor dos direitos autorais, seu agente ou pela lei.<\/p>\n<\/li>\n<li data-section-id=\"1dl6xx1\" data-start=\"1504\" data-end=\"1721\">\n<p data-start=\"1507\" data-end=\"1721\">Uma declara\u00e7\u00e3o de que as informa\u00e7\u00f5es contidas na notifica\u00e7\u00e3o s\u00e3o precisas e, sob pena de perj\u00fario, de que voc\u00ea est\u00e1 autorizado a agir em nome do propriet\u00e1rio dos direitos autorais supostamente infringidos.<\/p>\n<\/li>\n<\/ol>\n<h2 data-section-id=\"1u8nwbk\" data-start=\"1723\" data-end=\"1757\">2. Envio de notifica\u00e7\u00f5es DMCA<\/h2>\n<p data-start=\"1759\" data-end=\"1809\">As notifica\u00e7\u00f5es de infra\u00e7\u00e3o devem ser enviadas para:<\/p>\n<p data-start=\"1811\" data-end=\"1857\"><strong data-start=\"1811\" data-end=\"1834\">E-mail:<\/strong> <a class=\"decorated-link cursor-pointer\" rel=\"noopener\" data-start=\"1835\" data-end=\"1857\">dnbpedregosa@gmail.com<\/a><\/p>\n<p data-start=\"1859\" data-end=\"2070\">A RiskPayGo analisar\u00e1 as notifica\u00e7\u00f5es que estejam em conformidade substancial com os requisitos legais aplic\u00e1veis \u200b\u200be poder\u00e1 remover ou desativar o acesso a material supostamente infrator quando julgar apropriado.<\/p>\n<h2 data-section-id=\"y82sb\" data-start=\"2072\" data-end=\"2096\">3. Contranotifica\u00e7\u00e3o<\/h2>\n<p data-start=\"2098\" data-end=\"2271\">Se voc\u00ea acredita que o material removido ou desativado foi removido por engano ou devido a uma identifica\u00e7\u00e3o incorreta, voc\u00ea pode enviar uma contranotifica\u00e7\u00e3o por escrito que inclua:<\/p>\n<ol data-start=\"2273\" data-end=\"2874\">\n<li data-section-id=\"78ufc0\" data-start=\"2273\" data-end=\"2306\">\n<p data-start=\"2276\" data-end=\"2306\">Sua assinatura f\u00edsica ou eletr\u00f4nica.<\/p>\n<\/li>\n<li data-section-id=\"mv4m2l\" data-start=\"2307\" data-end=\"2460\">\n<p data-start=\"2310\" data-end=\"2460\">Identifica\u00e7\u00e3o do material que foi removido ou cujo acesso foi desativado, e a localiza\u00e7\u00e3o onde ele aparecia antes de ser removido ou desativado.<\/p>\n<\/li>\n<li data-section-id=\"1v8h8mj\" data-start=\"2461\" data-end=\"2638\">\n<p data-start=\"2464\" data-end=\"2638\">Uma declara\u00e7\u00e3o, sob pena de perj\u00fario, de que voc\u00ea acredita de boa-f\u00e9 que o material foi removido ou desativado como resultado de erro ou identifica\u00e7\u00e3o incorreta.<\/p>\n<\/li>\n<li data-section-id=\"7xvqso\" data-start=\"2639\" data-end=\"2724\">\n<p data-start=\"2642\" data-end=\"2724\">Seu nome, endere\u00e7o postal, n\u00famero de telefone e endere\u00e7o de e-mail.<\/p>\n<\/li>\n<li data-section-id=\"bf5r1\" data-start=\"2725\" data-end=\"2874\">\n<p data-start=\"2728\" data-end=\"2874\">Uma declara\u00e7\u00e3o de que voc\u00ea aceita a jurisdi\u00e7\u00e3o dos tribunais competentes e que aceitar\u00e1 notifica\u00e7\u00f5es do requerente original ou de seu representante.<\/p>\n<\/li>\n<\/ol>\n<p data-start=\"2876\" data-end=\"2960\">As contranotifica\u00e7\u00f5es devem ser enviadas para o mesmo endere\u00e7o de e-mail de contato indicado acima.<\/p>\n<h2 data-section-id=\"uoju75\" data-start=\"2962\" data-end=\"2980\">4. Reincid\u00eancia<\/h2>\n<p data-start=\"2982\" data-end=\"3189\">A RiskPayGo poder\u00e1, a seu exclusivo crit\u00e9rio, suspender ou cancelar o acesso de usu\u00e1rios considerados reincidentes ou que violem repetidamente os direitos de propriedade intelectual de terceiros.<\/p>\n<h2 data-section-id=\"1cckk5x\" data-start=\"3191\" data-end=\"3217\">5. Declara\u00e7\u00f5es falsas<\/h2>\n<p data-start=\"3219\" data-end=\"3423\">Qualquer pessoa que, conscientemente, apresentar uma notifica\u00e7\u00e3o ou contra-notifica\u00e7\u00e3o falsa poder\u00e1 ser responsabilizada por danos, custos e honor\u00e1rios advocat\u00edcios, de acordo com a legisla\u00e7\u00e3o aplic\u00e1vel.<\/p>\n<h2 data-section-id=\"1vczbi1\" data-start=\"3425\" data-end=\"3450\">6. Reserva de direitos<\/h2>\n<p data-start=\"3452\" data-end=\"3487\">A RiskPayGo reserva-se o direito de:<\/p>\n<ul data-start=\"3489\" data-end=\"3816\">\n<li data-section-id=\"4l7a33\" data-start=\"3489\" data-end=\"3548\">\n<p data-start=\"3491\" data-end=\"3548\">remover ou desativar conte\u00fado supostamente infrator;<\/p>\n<\/li>\n<li data-section-id=\"1e5xzkz\" data-start=\"3549\" data-end=\"3622\">\n<p data-start=\"3551\" data-end=\"3622\">Solicitar informa\u00e7\u00f5es adicionais antes de agir com base em uma notifica\u00e7\u00e3o;<\/p>\n<\/li>\n<li data-section-id=\"1qmo43k\" data-start=\"3623\" data-end=\"3700\">\n<p data-start=\"3625\" data-end=\"3700\">Rejeitar notifica\u00e7\u00f5es incompletas, abusivas ou manifestamente infundadas;<\/p>\n<\/li>\n<li data-section-id=\"qimedg\" data-start=\"3701\" data-end=\"3816\">\n<p data-start=\"3703\" data-end=\"3816\">Adote quaisquer medidas adicionais que considere apropriadas para proteger seus direitos, seus usu\u00e1rios ou terceiros.<\/p>\n<\/li>\n<\/ul>\n<h2 data-section-id=\"sg49ub\" data-start=\"3818\" data-end=\"3832\">7. Contato<\/h2>\n<p data-start=\"3834\" data-end=\"3914\">Para quaisquer d\u00favidas relacionadas a esta Pol\u00edtica DMCA, voc\u00ea pode escrever para:<\/p>\n<p data-start=\"3916\" data-end=\"3942\"><strong data-start=\"3916\" data-end=\"3942\"><a class=\"decorated-link cursor-pointer\" rel=\"noopener\" data-start=\"3918\" data-end=\"3940\">dnbpedregosa@gmail.com<\/a><\/strong><\/p>","protected":false},"excerpt":{"rendered":"<p>\u00daltima actualizaci\u00f3n: marzo de 2026 En RiskPayGo respetamos los derechos de propiedad intelectual de terceros y esperamos que nuestros usuarios [&hellip;]<\/p>\n","protected":false},"author":1,"featured_media":0,"parent":0,"menu_order":0,"comment_status":"closed","ping_status":"closed","template":"","meta":{"site-sidebar-layout":"default","site-content-layout":"","ast-site-content-layout":"default","site-content-style":"default","site-sidebar-style":"default","ast-global-header-display":"","ast-banner-title-visibility":"","ast-main-header-display":"","ast-hfb-above-header-display":"","ast-hfb-below-header-display":"","ast-hfb-mobile-header-display":"","site-post-title":"","ast-breadcrumbs-content":"","ast-featured-img":"","footer-sml-layout":"","ast-disable-related-posts":"","theme-transparent-header-meta":"default","adv-header-id-meta":"","stick-header-meta":"","header-above-stick-meta":"","header-main-stick-meta":"","header-below-stick-meta":"","astra-migrate-meta-layouts":"set","ast-page-background-enabled":"default","ast-page-background-meta":{"desktop":{"background-color":"var(--ast-global-color-5)","background-image":"","background-repeat":"repeat","background-position":"center center","background-size":"auto","background-attachment":"scroll","background-type":"","background-media":"","overlay-type":"","overlay-color":"","overlay-opacity":"","overlay-gradient":""},"tablet":{"background-color":"","background-image":"","background-repeat":"repeat","background-position":"center center","background-size":"auto","background-attachment":"scroll","background-type":"","background-media":"","overlay-type":"","overlay-color":"","overlay-opacity":"","overlay-gradient":""},"mobile":{"background-color":"","background-image":"","background-repeat":"repeat","background-position":"center center","background-size":"auto","background-attachment":"scroll","background-type":"","background-media":"","overlay-type":"","overlay-color":"","overlay-opacity":"","overlay-gradient":""}},"ast-content-background-meta":{"desktop":{"background-color":"var(--ast-global-color-4)","background-image":"","background-repeat":"repeat","background-position":"center center","background-size":"auto","background-attachment":"scroll","background-type":"","background-media":"","overlay-type":"","overlay-color":"","overlay-opacity":"","overlay-gradient":""},"tablet":{"background-color":"var(--ast-global-color-4)","background-image":"","background-repeat":"repeat","background-position":"center center","background-size":"auto","background-attachment":"scroll","background-type":"","background-media":"","overlay-type":"","overlay-color":"","overlay-opacity":"","overlay-gradient":""},"mobile":{"background-color":"var(--ast-global-color-4)","background-image":"","background-repeat":"repeat","background-position":"center center","background-size":"auto","background-attachment":"scroll","background-type":"","background-media":"","overlay-type":"","overlay-color":"","overlay-opacity":"","overlay-gradient":""}},"footnotes":""},"class_list":["post-314","page","type-page","status-publish","hentry"],"_links":{"self":[{"href":"https:\/\/riskpaygo.com\/pt\/wp-json\/wp\/v2\/pages\/314","targetHints":{"allow":["GET"]}}],"collection":[{"href":"https:\/\/riskpaygo.com\/pt\/wp-json\/wp\/v2\/pages"}],"about":[{"href":"https:\/\/riskpaygo.com\/pt\/wp-json\/wp\/v2\/types\/page"}],"author":[{"embeddable":true,"href":"https:\/\/riskpaygo.com\/pt\/wp-json\/wp\/v2\/users\/1"}],"replies":[{"embeddable":true,"href":"https:\/\/riskpaygo.com\/pt\/wp-json\/wp\/v2\/comments?post=314"}],"version-history":[{"count":0,"href":"https:\/\/riskpaygo.com\/pt\/wp-json\/wp\/v2\/pages\/314\/revisions"}],"wp:attachment":[{"href":"https:\/\/riskpaygo.com\/pt\/wp-json\/wp\/v2\/media?parent=314"}],"curies":[{"name":"wp","href":"https:\/\/api.w.org\/{rel}","templated":true}]}}