{"id":139,"date":"2025-11-16T01:23:47","date_gmt":"2025-11-16T00:23:47","guid":{"rendered":"https:\/\/riskpaygo.com\/?page_id=139"},"modified":"2026-03-13T14:21:56","modified_gmt":"2026-03-13T13:21:56","slug":"politica-de-privacidade","status":"publish","type":"page","link":"https:\/\/riskpaygo.com\/pt\/politica-de-privacidade\/","title":{"rendered":"pol\u00edtica de Privacidade"},"content":{"rendered":"<p>Esta Pol\u00edtica de Privacidade estabelece os termos sob os quais a RiesgoPayGp USA protege as informa\u00e7\u00f5es fornecidas por seus usu\u00e1rios ao utilizarem seu website. Esta empresa est\u00e1 comprometida com a seguran\u00e7a dos dados de seus usu\u00e1rios. Quando solicitamos que voc\u00ea preencha campos com informa\u00e7\u00f5es pessoais que possam identific\u00e1-lo, garantimos que essas informa\u00e7\u00f5es ser\u00e3o utilizadas apenas de acordo com os termos deste documento. No entanto, esta Pol\u00edtica de Privacidade pode ser alterada ou atualizada ao longo do tempo, por isso recomendamos e enfatizamos que voc\u00ea revise esta p\u00e1gina regularmente para garantir que concorda com quaisquer altera\u00e7\u00f5es.<\/p>\n<h2>Informa\u00e7\u00f5es que s\u00e3o reconhecidas<\/h2>\n<p>Nosso site pode reconhecer informa\u00e7\u00f5es pessoais, como seu nome, informa\u00e7\u00f5es de contato, como seu endere\u00e7o de e-mail, e informa\u00e7\u00f5es demogr\u00e1ficas. Da mesma forma, podemos solicitar informa\u00e7\u00f5es espec\u00edficas quando necess\u00e1rio para processar um pedido, efetuar uma entrega ou emitir uma fatura.<\/p>\n<h2>Utiliza\u00e7\u00e3o de informa\u00e7\u00f5es reconhecidas<\/h2>\n<p>Nosso site utiliza suas informa\u00e7\u00f5es para fornecer o melhor servi\u00e7o poss\u00edvel, principalmente para manter registros de usu\u00e1rios, processar pedidos (quando aplic\u00e1vel) e aprimorar nossos produtos e servi\u00e7os. Voc\u00ea poder\u00e1 receber periodicamente e-mails do nosso site com ofertas especiais, novos produtos e outras informa\u00e7\u00f5es p\u00fablicas que acreditamos serem relevantes ou ben\u00e9ficas para voc\u00ea. Esses e-mails ser\u00e3o enviados para o endere\u00e7o que voc\u00ea forneceu e voc\u00ea poder\u00e1 cancelar a assinatura a qualquer momento.<\/p>\n<p>A RiesgoPayGp est\u00e1 altamente comprometida em manter suas informa\u00e7\u00f5es seguras. Utilizamos os sistemas mais avan\u00e7ados e constantemente atualizados para garantir que n\u00e3o haja acesso n\u00e3o autorizado.<\/p>\n<h2>Cookies<\/h2>\n<p>Um cookie \u00e9 um arquivo enviado para o seu computador solicitando permiss\u00e3o para ser armazenado. Uma vez que voc\u00ea aceita, o arquivo \u00e9 criado e usado para coletar informa\u00e7\u00f5es sobre o tr\u00e1fego da web e facilitar visitas futuras a um site. Outra fun\u00e7\u00e3o dos cookies \u00e9 permitir que os sites o reconhe\u00e7am individualmente e, portanto, ofere\u00e7am um servi\u00e7o melhor e mais personalizado.<\/p>\n<p>Nosso site utiliza cookies para identificar quais p\u00e1ginas s\u00e3o visitadas e com que frequ\u00eancia. Essas informa\u00e7\u00f5es s\u00e3o usadas exclusivamente para an\u00e1lise estat\u00edstica e s\u00e3o exclu\u00eddas permanentemente. Voc\u00ea pode excluir os cookies do seu computador a qualquer momento. Embora os cookies ajudem a proporcionar uma melhor experi\u00eancia no site, eles n\u00e3o nos d\u00e3o acesso ao seu computador ou \u00e0s suas informa\u00e7\u00f5es pessoais, a menos que voc\u00ea opte por fornec\u00ea-las diretamente. Voc\u00ea pode aceitar ou recusar o uso de cookies; no entanto, a maioria dos navegadores aceita cookies automaticamente para melhorar sua experi\u00eancia de navega\u00e7\u00e3o. Voc\u00ea tamb\u00e9m pode alterar as configura\u00e7\u00f5es do seu navegador para bloquear cookies. Se voc\u00ea os recusar, poder\u00e1 n\u00e3o conseguir usar alguns de nossos servi\u00e7os.<\/p>\n<h2>Link para terceiros<\/h2>\n<p>Este site pode conter links para outros sites que podem ser do seu interesse. Ao clicar nesses links e sair do nosso site, n\u00e3o temos mais controle sobre o site para o qual voc\u00ea \u00e9 redirecionado e, portanto, n\u00e3o somos respons\u00e1veis \u200b\u200bpelos termos de uso, pol\u00edticas de privacidade ou pr\u00e1ticas de prote\u00e7\u00e3o de dados desses outros sites de terceiros. Esses sites est\u00e3o sujeitos \u00e0s suas pr\u00f3prias pol\u00edticas de privacidade, que recomendamos que voc\u00ea revise para garantir que concorda com elas.<\/p>\n<h2>Controle de suas informa\u00e7\u00f5es pessoais<\/h2>\n<p>Voc\u00ea pode restringir a coleta ou o uso de suas informa\u00e7\u00f5es pessoais fornecidas ao nosso site a qualquer momento. Sempre que for solicitado a preencher um formul\u00e1rio, como um formul\u00e1rio de cadastro de usu\u00e1rio, voc\u00ea pode marcar ou desmarcar a op\u00e7\u00e3o de receber informa\u00e7\u00f5es por e-mail. Se voc\u00ea optou por receber nosso boletim informativo ou publicidade, pode cancelar a assinatura a qualquer momento.<\/p>\n<p>Esta empresa n\u00e3o vender\u00e1, transferir\u00e1 ou distribuir\u00e1 as informa\u00e7\u00f5es pessoais coletadas sem o seu consentimento, a menos que seja obrigada por um juiz mediante ordem judicial.<\/p>\n<p>A RiskPayGo reserva-se o direito de alterar os termos desta Pol\u00edtica de Privacidade a qualquer momento.<\/p>","protected":false},"excerpt":{"rendered":"<p>El presente Pol\u00edtica de Privacidad establece los t\u00e9rminos en que RiesgoPayGp estados Unidos y proteger la informaci\u00f3n que es proporcionada [&hellip;]<\/p>\n","protected":false},"author":1,"featured_media":0,"parent":0,"menu_order":0,"comment_status":"closed","ping_status":"closed","template":"","meta":{"site-sidebar-layout":"default","site-content-layout":"","ast-site-content-layout":"default","site-content-style":"default","site-sidebar-style":"default","ast-global-header-display":"","ast-banner-title-visibility":"","ast-main-header-display":"","ast-hfb-above-header-display":"","ast-hfb-below-header-display":"","ast-hfb-mobile-header-display":"","site-post-title":"","ast-breadcrumbs-content":"","ast-featured-img":"","footer-sml-layout":"","ast-disable-related-posts":"","theme-transparent-header-meta":"default","adv-header-id-meta":"","stick-header-meta":"","header-above-stick-meta":"","header-main-stick-meta":"","header-below-stick-meta":"","astra-migrate-meta-layouts":"set","ast-page-background-enabled":"default","ast-page-background-meta":{"desktop":{"background-color":"var(--ast-global-color-5)","background-image":"","background-repeat":"repeat","background-position":"center center","background-size":"auto","background-attachment":"scroll","background-type":"","background-media":"","overlay-type":"","overlay-color":"","overlay-opacity":"","overlay-gradient":""},"tablet":{"background-color":"","background-image":"","background-repeat":"repeat","background-position":"center center","background-size":"auto","background-attachment":"scroll","background-type":"","background-media":"","overlay-type":"","overlay-color":"","overlay-opacity":"","overlay-gradient":""},"mobile":{"background-color":"","background-image":"","background-repeat":"repeat","background-position":"center center","background-size":"auto","background-attachment":"scroll","background-type":"","background-media":"","overlay-type":"","overlay-color":"","overlay-opacity":"","overlay-gradient":""}},"ast-content-background-meta":{"desktop":{"background-color":"var(--ast-global-color-4)","background-image":"","background-repeat":"repeat","background-position":"center center","background-size":"auto","background-attachment":"scroll","background-type":"","background-media":"","overlay-type":"","overlay-color":"","overlay-opacity":"","overlay-gradient":""},"tablet":{"background-color":"var(--ast-global-color-4)","background-image":"","background-repeat":"repeat","background-position":"center center","background-size":"auto","background-attachment":"scroll","background-type":"","background-media":"","overlay-type":"","overlay-color":"","overlay-opacity":"","overlay-gradient":""},"mobile":{"background-color":"var(--ast-global-color-4)","background-image":"","background-repeat":"repeat","background-position":"center center","background-size":"auto","background-attachment":"scroll","background-type":"","background-media":"","overlay-type":"","overlay-color":"","overlay-opacity":"","overlay-gradient":""}},"footnotes":""},"class_list":["post-139","page","type-page","status-publish","hentry"],"_links":{"self":[{"href":"https:\/\/riskpaygo.com\/pt\/wp-json\/wp\/v2\/pages\/139","targetHints":{"allow":["GET"]}}],"collection":[{"href":"https:\/\/riskpaygo.com\/pt\/wp-json\/wp\/v2\/pages"}],"about":[{"href":"https:\/\/riskpaygo.com\/pt\/wp-json\/wp\/v2\/types\/page"}],"author":[{"embeddable":true,"href":"https:\/\/riskpaygo.com\/pt\/wp-json\/wp\/v2\/users\/1"}],"replies":[{"embeddable":true,"href":"https:\/\/riskpaygo.com\/pt\/wp-json\/wp\/v2\/comments?post=139"}],"version-history":[{"count":0,"href":"https:\/\/riskpaygo.com\/pt\/wp-json\/wp\/v2\/pages\/139\/revisions"}],"wp:attachment":[{"href":"https:\/\/riskpaygo.com\/pt\/wp-json\/wp\/v2\/media?parent=139"}],"curies":[{"name":"wp","href":"https:\/\/api.w.org\/{rel}","templated":true}]}}