{"id":502,"date":"2026-04-06T02:14:42","date_gmt":"2026-04-06T00:14:42","guid":{"rendered":"https:\/\/riskpaygo.com\/?page_id=502"},"modified":"2026-04-06T11:38:03","modified_gmt":"2026-04-06T09:38:03","slug":"api","status":"publish","type":"page","link":"https:\/\/riskpaygo.com\/ja\/api\/","title":{"rendered":"RiskPayGo API\u9023\u643a"},"content":{"rendered":"<p>\u3053\u306e\u30c9\u30ad\u30e5\u30e1\u30f3\u30c8\u3067\u306f\u3001RiskPayGo\u3092\u30a6\u30a7\u30d6\u30b5\u30a4\u30c8\u307e\u305f\u306f\u30a2\u30d7\u30ea\u30b1\u30fc\u30b7\u30e7\u30f3\u306b\u7d71\u5408\u3057\u3066\u3001\u652f\u6255\u3044\u3092\u4f5c\u6210\u3057\u3001\u8cfc\u5165\u8005\u3092\u30c1\u30a7\u30c3\u30af\u30a2\u30a6\u30c8\u30da\u30fc\u30b8\u306b\u30ea\u30c0\u30a4\u30ec\u30af\u30c8\u3057\u3001Webhook\u3092\u4ecb\u3057\u3066\u6700\u7d42\u30b9\u30c6\u30fc\u30bf\u30b9\u78ba\u8a8d\u3092\u53d7\u3051\u53d6\u308b\u65b9\u6cd5\u306b\u3064\u3044\u3066\u8aac\u660e\u3057\u307e\u3059\u3002<\/p>\n<p>\u7d71\u5408\u306f\u30d0\u30c3\u30af\u30a8\u30f3\u30c9\u3067\u884c\u3046\u5fc5\u8981\u304c\u3042\u308a\u307e\u3059\u3002\u30d5\u30ed\u30f3\u30c8\u30a8\u30f3\u30c9\u3067\u8a8d\u8a3c\u60c5\u5831\u3084\u6a5f\u5bc6\u6027\u306e\u9ad8\u3044\u30ed\u30b8\u30c3\u30af\u3092\u516c\u958b\u3059\u308b\u3053\u3068\u306f\u63a8\u5968\u3055\u308c\u307e\u305b\u3093\u3002<\/p>\n<h2>\u59cb\u3081\u308b\u524d\u306b<\/h2>\n<p>\u958b\u59cb\u3059\u308b\u524d\u306b\u3001RiskPayGo\u3067\u627f\u8a8d\u6e08\u307f\u306e\u6709\u52b9\u306a\u52a0\u76df\u5e97\u30a2\u30ab\u30a6\u30f3\u30c8\u304c\u5fc5\u8981\u3067\u3059\u3002\u307e\u305f\u3001\u9023\u643a\u306b\u5fc5\u8981\u306a\u8a8d\u8a3c\u60c5\u5831\u3068\u3001\u652f\u6255\u3044\u3092\u53d7\u3051\u53d6\u308b\u30c9\u30e1\u30a4\u30f3\u304c\u30a2\u30ab\u30a6\u30f3\u30c8\u5185\u3067\u627f\u8a8d\u3055\u308c\u3066\u3044\u308b\u3053\u3068\u3092\u78ba\u8a8d\u3057\u3066\u304f\u3060\u3055\u3044\u3002<\/p>\n<p>\u5fc5\u8981\u306a\u30c7\u30fc\u30bf\u306f <code>\u52a0\u76df\u5e97ID<\/code>\u3001 \u3042\u306a\u305f <code>API\u30c8\u30fc\u30af\u30f3<\/code>\u3001 \u3042\u306a\u305f <code>Webhook \u30b7\u30fc\u30af\u30ec\u30c3\u30c8<\/code> \u305d\u3057\u3066\u3001API\u306e\u30d9\u30fc\u30b9URL\u3002<\/p>\n<p>\u30d9\u30fc\u30b9URL\u306f\u4ee5\u4e0b\u306e\u3068\u304a\u308a\u3067\u3059\u3002<\/p>\n<pre><code>https:\/\/riskpaygo.com\/portal\/api\/plugin<\/code><\/pre>\n<h2>\u8a8d\u8a3c<\/h2>\n<p>\u3059\u3079\u3066\u306eAPI\u30ea\u30af\u30a8\u30b9\u30c8\u306f\u8a8d\u8a3c\u304c\u5fc5\u8981\u3067\u3059\u3002\u305d\u306e\u305f\u3081\u306b\u306f\u3001\u30d8\u30c3\u30c0\u30fc\u306b\u30d7\u30e9\u30a4\u30d9\u30fc\u30c8\u30c8\u30fc\u30af\u30f3\u3092\u542b\u3081\u308b\u5fc5\u8981\u304c\u3042\u308a\u307e\u3059\u3002 <code>\u627f\u8a8d<\/code> \u30d8\u30c3\u30c0\u30fc\u5185\u306e\u8ca9\u58f2\u8005\u8b58\u5225\u5b50 <code>X-RPG\u8ca9\u58f2\u696d\u8005<\/code>.<\/p>\n<p>\u5fc5\u8981\u306a\u30d8\u30c3\u30c0\u30fc\u306f\u4ee5\u4e0b\u306e\u3068\u304a\u308a\u3067\u3059\u3002<\/p>\n<pre><code>Accept: application\/json\nContent-Type: application\/json\nAuthorization: Bearer TU_API_TOKEN\nX-RPG-Merchant: TU_MERCHANT_ID<\/code><\/pre>\n<p>\u3053\u308c\u3089\u306e\u8a8d\u8a3c\u60c5\u5831\u306f\u30b5\u30fc\u30d0\u30fc\u4e0a\u3067\u306e\u307f\u4f7f\u7528\u3057\u3066\u304f\u3060\u3055\u3044\u3002\u30d6\u30e9\u30a6\u30b6\u306eJavaScript\u3084\u516c\u958b\u30b3\u30fc\u30c9\u306b\u306f\u8868\u793a\u3057\u306a\u3044\u3067\u304f\u3060\u3055\u3044\u3002<\/p>\n<h2>\u627f\u8a8d\u6e08\u307f\u30c9\u30e1\u30a4\u30f3<\/h2>\n<p>RiskPayGo\u306f\u3001\u30d5\u30a3\u30fc\u30eb\u30c9\u306b\u5165\u529b\u3055\u308c\u305f\u30c9\u30e1\u30a4\u30f3\u3092\u691c\u8a3c\u3057\u307e\u3059\u3002 <code>\u30b5\u30a4\u30c8URL<\/code>\u3064\u307e\u308a\u3001\u6709\u52b9\u306a\u8a8d\u8a3c\u60c5\u5831\u3092\u6301\u3063\u3066\u3044\u308b\u3060\u3051\u3067\u306f\u4e0d\u5341\u5206\u3067\u3059\u3002\u652f\u6255\u3044\u3092\u884c\u3046\u30c9\u30e1\u30a4\u30f3\u3082\u3001\u30a2\u30ab\u30a6\u30f3\u30c8\u306b\u767b\u9332\u3055\u308c\u3001\u627f\u8a8d\u3055\u308c\u3066\u3044\u308b\u5fc5\u8981\u304c\u3042\u308a\u307e\u3059\u3002<\/p>\n<p>\u30c9\u30e1\u30a4\u30f3\u304c\u627f\u8a8d\u6e08\u307f\u306e\u30d7\u30ed\u30b8\u30a7\u30af\u30c8\u3068\u4e00\u81f4\u3057\u306a\u3044\u5834\u5408\u3001\u30c8\u30fc\u30af\u30f3\u304c\u6b63\u3057\u304f\u3066\u3082API\u306f\u30ea\u30af\u30a8\u30b9\u30c8\u3092\u62d2\u5426\u3057\u307e\u3059\u3002<\/p>\n<p>\u3057\u305f\u304c\u3063\u3066\u3001\u904b\u7528\u3092\u958b\u59cb\u3059\u308b\u524d\u306b\u3001\u30b9\u30c8\u30a2\u307e\u305f\u306f\u30a2\u30d7\u30ea\u30b1\u30fc\u30b7\u30e7\u30f3\u306e\u6b63\u78ba\u306aURL\u304c\u7ba1\u7406\u30d1\u30cd\u30eb\u306b\u767b\u9332\u3055\u308c\u3066\u3044\u308b\u3053\u3068\u3092\u78ba\u8a8d\u3059\u308b\u3053\u3068\u3092\u304a\u52e7\u3081\u3057\u307e\u3059\u3002<\/p>\n<h2>\u652f\u6255\u3044\u3092\u4f5c\u6210\u3059\u308b<\/h2>\n<p>\u652f\u6255\u3044\u3092\u958b\u59cb\u3059\u308b\u306b\u306f\u3001\u30ea\u30af\u30a8\u30b9\u30c8\u3092\u9001\u4fe1\u3059\u308b\u5fc5\u8981\u304c\u3042\u308a\u307e\u3059\u3002 <code>\u5f79\u8077<\/code> \u652f\u6255\u3044\u4f5c\u6210\u30a8\u30f3\u30c9\u30dd\u30a4\u30f3\u30c8\u3078\u3002<\/p>\n<pre><code>POST https:\/\/riskpaygo.com\/portal\/api\/plugin\/payments\/create<\/code><\/pre>\n<p>\u305d\u306e\u30ea\u30af\u30a8\u30b9\u30c8\u306b\u306f\u3001\u6ce8\u6587\u306e\u4e3b\u8981\u60c5\u5831\uff08\u91d1\u984d\u3001\u901a\u8ca8\u3001\u793e\u5185\u53c2\u7167\u756a\u53f7\u3001\u8cfc\u5165\u8005\u306e\u8a73\u7d30\u3001\u8fd4\u54c1\u304a\u3088\u3073\u901a\u77e5\u7528URL\uff09\u3092\u8a18\u8f09\u3059\u308b\u5fc5\u8981\u304c\u3042\u308a\u307e\u3059\u3002<\/p>\n<p>\u4e00\u822c\u7684\u306a\u30ea\u30af\u30a8\u30b9\u30c8\u306b\u306f\u3001\u6b21\u306e\u3088\u3046\u306a\u30d5\u30a3\u30fc\u30eb\u30c9\u304c\u542b\u307e\u308c\u307e\u3059\u3002 <code>\u8ca9\u58f2\u8005\u6ce8\u6587ID<\/code>, <code>\u6ce8\u6587ID<\/code>, <code>\u6ce8\u6587\u30ad\u30fc<\/code>, <code>\u984d<\/code>, <code>\u901a\u8ca8<\/code>, <code>\u304a\u5ba2\u69d8<\/code>, <code>\u30b5\u30a4\u30c8<\/code>, <code>\u901a\u77e5URL<\/code>, <code>return_url<\/code> \u305d\u3057\u3066 <code>\u30ad\u30e3\u30f3\u30bb\u30ebURL<\/code>.<\/p>\n<p>\u4ee5\u4e0b\u306f\u3001\u9001\u4fe1\u3067\u304d\u308b\u672c\u6587\u306e\u5b8c\u5168\u306a\u4f8b\u3067\u3059\u3002<\/p>\n<pre><code>{\n  \"merchant_order_id\": \"PED-1001\",\n  \"order_id\": 1001,\n  \"order_key\": \"pedido_1001_key\",\n  \"amount\": \"149.99\",\n  \"currency\": \"USD\",\n  \"customer\": {\n    \"email\": \"cliente@ejemplo.com\",\n    \"first_name\": \"Nombre\",\n    \"last_name\": \"Apellido\",\n    \"phone\": \"+34123456789\",\n    \"country\": \"ES\",\n    \"date_of_birth\": \"1990-05-20\"\n  },\n  \"site\": {\n    \"url\": \"https:\/\/tu-dominio.com\/\",\n    \"name\": \"Mi tienda\",\n    \"platform\": \"custom\",\n    \"plugin\": \"integracion-propia\"\n  },\n  \"notify_url\": \"https:\/\/tu-dominio.com\/api\/riskpaygo\/webhook\",\n  \"return_url\": \"https:\/\/tu-dominio.com\/pago\/completado\",\n  \"cancel_url\": \"https:\/\/tu-dominio.com\/pago\/cancelado\"\n}<\/code><\/pre>\n<p>\u305d\u306e\u5206\u91ce <code>\u984d<\/code> \u30bc\u30ed\u3088\u308a\u5927\u304d\u304f\u306a\u3051\u308c\u3070\u306a\u308a\u307e\u305b\u3093\u3002\u901a\u8ca8\u306f <code>\u901a\u8ca8<\/code>\u3002 \u3067 <code>\u304a\u5ba2\u69d8<\/code> \u5c11\u306a\u304f\u3068\u3082\u3001\u8cfc\u5165\u8005\u306e\u30e1\u30fc\u30eb\u30a2\u30c9\u30ec\u30b9\u3092\u9001\u308b\u3053\u3068\u3092\u304a\u52e7\u3081\u3057\u307e\u3059\u3002 <code>\u30b5\u30a4\u30c8URL<\/code> \u627f\u8a8d\u6e08\u307f\u306e\u30c9\u30e1\u30a4\u30f3\u3092\u63d0\u51fa\u3059\u308b\u5fc5\u8981\u304c\u3042\u308a\u307e\u3059\u3002 <code>\u901a\u77e5URL<\/code> \u652f\u6255\u3044\u72b6\u6cc1\u901a\u77e5\u3092\u53d7\u3051\u53d6\u308b\u5834\u6240\u3092\u6307\u5b9a\u3057\u307e\u3059\u3002<\/p>\n<h2>API\u30ec\u30b9\u30dd\u30f3\u30b9<\/h2>\n<p>\u30ea\u30af\u30a8\u30b9\u30c8\u304c\u6210\u529f\u3059\u308b\u3068\u3001RiskPayGo\u306f\u5185\u90e8\u6c7a\u6e08\u53c2\u7167\u756a\u53f7\u3068\u30c1\u30a7\u30c3\u30af\u30a2\u30a6\u30c8URL\u3092\u542b\u3080\u30ec\u30b9\u30dd\u30f3\u30b9\u3092\u8fd4\u3057\u307e\u3059\u3002\u3053\u306e\u53c2\u7167\u756a\u53f7\u3092\u4f7f\u7528\u3059\u308b\u3053\u3068\u3067\u3001\u6c7a\u6e08\u3092\u6ce8\u6587\u306b\u7d10\u4ed8\u3051\u3001\u5f8c\u304b\u3089\u8ffd\u8de1\u3059\u308b\u3053\u3068\u304c\u3067\u304d\u307e\u3059\u3002<\/p>\n<p>\u671f\u5f85\u3055\u308c\u308b\u5fdc\u7b54\u5f62\u5f0f\u306f\u4ee5\u4e0b\u306e\u3068\u304a\u308a\u3067\u3059\u3002<\/p>\n<pre><code>{\n  \"success\": true,\n  \"data\": {\n    \"payment_ref\": \"RPG-20260313-ABC12345\",\n    \"checkout_url\": \"https:\/\/riskpaygo.com\/portal\/checkout.php?ref=RPG-20260313-ABC12345\",\n    \"fee_percent\": 20,\n    \"plan_slug\": \"free\"\n  }\n}<\/code><\/pre>\n<p>\u53d7\u3051\u53d6\u308a\u6b21\u7b2c <code>\u30c1\u30a7\u30c3\u30af\u30a2\u30a6\u30c8URL<\/code>\u8cfc\u5165\u8005\u304c\u305d\u306e\u30a2\u30c9\u30ec\u30b9\u306b\u8a98\u5c0e\u3055\u308c\u3001\u652f\u6255\u3044\u3092\u5b8c\u4e86\u3067\u304d\u308b\u3088\u3046\u306b\u3059\u308b\u5fc5\u8981\u304c\u3042\u308a\u307e\u3059\u3002<\/p>\n<h2>\u30c1\u30a7\u30c3\u30af\u30a2\u30a6\u30c8\u306b\u3064\u3044\u3066\u3069\u3046\u3059\u308c\u3070\u3088\u3044\u304b<\/h2>\n<p>\u652f\u6255\u3044\u306fRiskPayGo\u304c\u63d0\u4f9b\u3059\u308b\u30c1\u30a7\u30c3\u30af\u30a2\u30a6\u30c8\u30b7\u30b9\u30c6\u30e0\u3092\u901a\u3058\u3066\u51e6\u7406\u3055\u308c\u307e\u3059\u3002\u30c1\u30a7\u30c3\u30af\u30a2\u30a6\u30c8URL\u3092\u53d6\u5f97\u3057\u305f\u308a\u3001\u30e6\u30fc\u30b6\u30fc\u304c\u30a6\u30a7\u30d6\u30b5\u30a4\u30c8\u306b\u623b\u3063\u305f\u308a\u3057\u305f\u3060\u3051\u3067\u3001\u6ce8\u6587\u304c\u652f\u6255\u3044\u6e08\u307f\u3068\u307f\u306a\u3055\u306a\u3044\u3067\u304f\u3060\u3055\u3044\u3002<\/p>\n<p>\u53c2\u7167\u60c5\u5831\u3092\u4fdd\u5b58\u3057\u3066\u304a\u304f\u3053\u3068\u3092\u304a\u52e7\u3081\u3057\u307e\u3059\u3002 <code>\u652f\u6255\u3044\u53c2\u7167<\/code>\u8cfc\u5165\u8005\u3092\u30ea\u30c0\u30a4\u30ec\u30af\u30c8\u3057\u3001Webhook\u7d4c\u7531\u3067\u6700\u7d42\u78ba\u8a8d\u3092\u5f85\u3061\u307e\u3059\u3002<\/p>\n<p>\u306e <code>return_url<\/code> \u3053\u308c\u306f\u652f\u6255\u3044\u5f8c\u306b\u30e6\u30fc\u30b6\u30fc\u3092\u30b5\u30a4\u30c8\u306b\u623b\u3059\u306e\u306b\u5f79\u7acb\u3061\u307e\u3059\u304c\u3001\u6700\u7d42\u7684\u306a\u30b9\u30c6\u30fc\u30bf\u30b9\u306f\u3001 <code>\u901a\u77e5URL<\/code>.<\/p>\n<h2>\u78ba\u8a8d\u7528\u30a6\u30a7\u30d6\u30d5\u30c3\u30af<\/h2>\n<p>\u652f\u6255\u3044\u72b6\u6cc1\u304c\u5909\u66f4\u3055\u308c\u308b\u3068\u3001RiskPayGo\u306f\u30ea\u30af\u30a8\u30b9\u30c8\u3092\u9001\u4fe1\u3057\u307e\u3059 <code>\u5f79\u8077<\/code> \u6307\u5b9a\u3055\u308c\u305fURL\u3078 <code>\u901a\u77e5URL<\/code>\u305d\u306e\u901a\u77e5\u306b\u306f\u3001\u4e0a\u90e8\u306b\u7f72\u540d\u304c\u542b\u307e\u308c\u3066\u3044\u307e\u3059\u3002 <code>X-RPG-\u30b7\u30b0\u30cd\u30c1\u30e3\u30fc<\/code>.<\/p>\n<p>\u7f72\u540d\u3092\u691c\u8a3c\u3059\u308b\u306b\u306f\u3001 <code>Webhook \u30b7\u30fc\u30af\u30ec\u30c3\u30c8<\/code>\u691c\u8a3c\u306f\u3001\u518d\u30b7\u30ea\u30a2\u30eb\u5316\u3055\u308c\u305fJSON\u3067\u306f\u306a\u304f\u3001\u30ea\u30af\u30a8\u30b9\u30c8\u306e\u5143\u306e\u672c\u6587\u306b\u5bfe\u3057\u3066\u884c\u3046\u5fc5\u8981\u304c\u3042\u308a\u307e\u3059\u3002<\/p>\n<p>\u78ba\u8a8d\u3059\u3079\u304d\u30d8\u30c3\u30c0\u30fc\u306f\u3053\u308c\u3067\u3059\u3002<\/p>\n<pre><code>X-RPG-Signature:<\/code><\/pre>\n<p>RiskPayGo\u306e\u901a\u77e5\u306b\u306f\u3001\u52a0\u76df\u5e97\u3001\u6ce8\u6587\u53c2\u7167\u756a\u53f7\u3001\u652f\u6255\u3044\u53c2\u7167\u756a\u53f7\u3001\u30b9\u30c6\u30fc\u30bf\u30b9\u3001\u53d6\u5f15ID\u306a\u3069\u306e\u60c5\u5831\u304c\u542b\u307e\u308c\u308b\u5834\u5408\u304c\u3042\u308a\u307e\u3059\u3002\u4f8b\u306f\u4ee5\u4e0b\u306e\u3068\u304a\u308a\u3067\u3059\u3002<\/p>\n<pre><code>{\n  \"merchant_id\": \"TU_MERCHANT_ID\",\n  \"order_id\": 1001,\n  \"order_key\": \"pedido_1001_key\",\n  \"payment_ref\": \"RPG-20260313-ABC12345\",\n  \"transaction_id\": \"RPG-20260313-ABC12345\",\n  \"status\": \"paid\",\n  \"provider_status\": \"success\",\n  \"provider_event\": \"payment_succeeded\",\n  \"source\": \"payera_webhook\"\n}<\/code><\/pre>\n<p>\u3053\u3053\u3067\u91cd\u8981\u306a\u306e\u306f\u3001\u7f72\u540d\u3092\u691c\u8a3c\u3057\u3066\u304b\u3089\u3001\u305d\u306e\u5024\u3092\u4f7f\u7528\u3059\u308b\u3053\u3068\u3067\u3059\u3002 <code>\u72b6\u614b<\/code> \u30b7\u30b9\u30c6\u30e0\u5185\u306e\u6ce8\u6587\u3092\u66f4\u65b0\u3059\u308b\u305f\u3081\u3002<\/p>\n<h2>\u652f\u6255\u3044\u72b6\u6cc1<\/h2>\n<p>\u7d71\u5408\u3092\u884c\u3046\u969b\u306b\u306f\u3001\u4e3b\u306b4\u3064\u306e\u72b6\u614b\u3092\u8003\u616e\u3059\u308b\u5fc5\u8981\u304c\u3042\u308a\u307e\u3059\u3002<\/p>\n<p><code>\u4fdd\u7559\u4e2d<\/code> \u3053\u308c\u306f\u3001\u652f\u6255\u3044\u304c\u958b\u59cb\u3055\u308c\u305f\u3082\u306e\u306e\u3001\u307e\u3060\u78ba\u8a8d\u3055\u308c\u3066\u3044\u306a\u3044\u3053\u3068\u3092\u793a\u3057\u3066\u3044\u307e\u3059\u3002<\/p>\n<p><code>\u652f\u6255\u3044\u6e08\u307f<\/code> \u3053\u308c\u306f\u3001\u652f\u6255\u3044\u304c\u6b63\u5e38\u306b\u78ba\u8a8d\u3055\u308c\u305f\u3053\u3068\u3092\u793a\u3057\u3066\u3044\u307e\u3059\u3002\u901a\u5e38\u3001\u6ce8\u6587\u3092\u652f\u6255\u3044\u6e08\u307f\u3068\u3057\u3066\u30de\u30fc\u30af\u3059\u308b\u969b\u306b\u306f\u3001\u3053\u306e\u30b9\u30c6\u30fc\u30bf\u30b9\u3092\u4f7f\u7528\u3057\u307e\u3059\u3002<\/p>\n<p><code>\u5931\u6557\u3057\u305f<\/code> \u652f\u6255\u3044\u304c\u5931\u6557\u3057\u305f\u304b\u3001\u62d2\u5426\u3055\u308c\u305f\u3053\u3068\u3092\u793a\u3057\u307e\u3059\u3002<\/p>\n<p><code>\u30ad\u30e3\u30f3\u30bb\u30eb<\/code> \u652f\u6255\u3044\u304c\u30ad\u30e3\u30f3\u30bb\u30eb\u3055\u308c\u305f\u304b\u3001\u671f\u9650\u304c\u5207\u308c\u305f\u3053\u3068\u3092\u793a\u3057\u307e\u3059\u3002<\/p>\n<p>\u4e00\u822c\u7684\u306a\u63a8\u5968\u4e8b\u9805\u306f\u3001Webhook \u3092\u4e3b\u8981\u306a\u60c5\u5831\u6e90\u3068\u3057\u3066\u4f7f\u7528\u3057\u3001\u6ce8\u6587\u306e\u652f\u6255\u3044\u306f\u3001Webhook \u3092\u53d7\u4fe1\u3057\u305f\u6642\u70b9\u3067\u306e\u307f\u8003\u616e\u3059\u308b\u3053\u3068\u3067\u3059\u3002 <code>\u30b9\u30c6\u30fc\u30bf\u30b9 = \u652f\u6255\u3044\u6e08\u307f<\/code>.<\/p>\n<h2>\u3088\u304f\u3042\u308b\u9593\u9055\u3044<\/h2>\n<h3>\u7121\u8a31\u53ef\u8ca9\u58f2\u696d\u8005<\/h3>\n<p>API\u304c\u8a8d\u8a3c\u30a8\u30e9\u30fc\u3092\u8fd4\u3057\u305f\u5834\u5408\u3001\u6700\u521d\u306b\u78ba\u8a8d\u3059\u3079\u304d\u3053\u3068\u306f\u3001\u9001\u4fe1\u3055\u308c\u305f\u5024\u3067\u3059\u3002 <code>\u627f\u8a8d<\/code> \u6b63\u3057\u304f\u3001\u5546\u4eba\u304c\u9001\u3063\u305f <code>X-RPG\u8ca9\u58f2\u696d\u8005<\/code> \u305d\u306e\u30c8\u30fc\u30af\u30f3\u3068\u4e00\u81f4\u3059\u308b\u3053\u3068\u3092\u78ba\u8a8d\u3057\u3066\u304f\u3060\u3055\u3044\u3002\u307e\u305f\u3001\u30a2\u30ab\u30a6\u30f3\u30c8\u304c\u627f\u8a8d\u6e08\u307f\u3067\u6709\u52b9\u3067\u3042\u308b\u3053\u3068\u3082\u78ba\u8a8d\u3059\u308b\u5fc5\u8981\u304c\u3042\u308a\u307e\u3059\u3002<\/p>\n<h3>\u30c9\u30e1\u30a4\u30f3\u304c\u627f\u8a8d\u3055\u308c\u3066\u3044\u307e\u305b\u3093<\/h3>\n<p>\u554f\u984c\u304c\u30c9\u30e1\u30a4\u30f3\u306b\u3042\u308b\u5834\u5408\u306f\u3001\u9001\u4fe1\u3055\u308c\u305f\u5024\u3092\u78ba\u8a8d\u3057\u3066\u304f\u3060\u3055\u3044\u3002 <code>\u30b5\u30a4\u30c8URL<\/code> \u307e\u305f\u3001\u305d\u306e\u30c9\u30e1\u30a4\u30f3\u304cRiskPayGo\u30d1\u30cd\u30eb\u5185\u3067\u627f\u8a8d\u6e08\u307f\u30d7\u30ed\u30b8\u30a7\u30af\u30c8\u3068\u3057\u3066\u5b58\u5728\u3059\u308b\u3053\u3068\u3092\u78ba\u8a8d\u3057\u3066\u304f\u3060\u3055\u3044\u3002<\/p>\n<h3>\u7121\u52b9\u306a\u91d1\u984d<\/h3>\n<p>API\u304c\u91d1\u984d\u3092\u62d2\u5426\u3057\u305f\u5834\u5408\u306f\u3001 <code>\u984d<\/code> \u6b63\u3057\u304f\u9001\u4fe1\u3055\u308c\u3066\u304a\u308a\u3001\u5024\u306f\u30bc\u30ed\u3088\u308a\u5927\u304d\u3044\u3002<\/p>\n<h3>\u7121\u52b9\u306a\u30a6\u30a7\u30d6\u30d5\u30c3\u30af\u7f72\u540d<\/h3>\n<p>\u30b7\u30b9\u30c6\u30e0\u304c\u901a\u77e5\u306e\u691c\u8a3c\u306b\u5931\u6557\u3057\u305f\u5834\u5408\u306f\u3001 <code>Webhook \u30b7\u30fc\u30af\u30ec\u30c3\u30c8<\/code> \u6b63\u3057\u304f\u3001\u7f72\u540d\u8a08\u7b97\u306f\u30ea\u30af\u30a8\u30b9\u30c8\u306e\u5143\u306e\u672c\u6587\u3068\u5168\u304f\u540c\u3058\u3082\u306e\u306b\u57fa\u3065\u3044\u3066\u884c\u308f\u308c\u308b\u3002<\/p>\n<h2>WooCommerce\u3068\u4f75\u7528\u3059\u308b<\/h2>\n<p>\u516c\u5f0f\u306eWooCommerce\u30d7\u30e9\u30b0\u30a4\u30f3\u3092\u4f7f\u7528\u3057\u3066\u3044\u308b\u5834\u5408\u3067\u3082\u3001\u540c\u69d8\u306e\u7d71\u5408\u8a2d\u5b9a\u304c\u5fc5\u8981\u3067\u3059\u3002\u30d9\u30fc\u30b9URL\u3001\u30de\u30fc\u30c1\u30e3\u30f3\u30c8\u3001\u30c8\u30fc\u30af\u30f3\u3001\u304a\u3088\u3073Webhook\u30b7\u30fc\u30af\u30ec\u30c3\u30c8\u3092\u8a2d\u5b9a\u3059\u308b\u5fc5\u8981\u304c\u3042\u308a\u307e\u3059\u3002<\/p>\n<p>\u5165\u529b\u3059\u3079\u304d\u4e3b\u306a\u5024\u306f\u4ee5\u4e0b\u306e\u3068\u304a\u308a\u3067\u3059\u3002<\/p>\n<pre><code>API Base URL: https:\/\/riskpaygo.com\/portal\/api\/plugin\nMerchant ID: TU_MERCHANT_ID\nAPI Token: TU_API_TOKEN\nWebhook Secret: TU_WEBHOOK_SECRET<\/code><\/pre>\n<p>WordPress\u306e\u30a6\u30a7\u30d6\u30d5\u30c3\u30afURL\u306f\u901a\u5e38\u3001\u6b21\u306e\u5f62\u5f0f\u306b\u306a\u308a\u307e\u3059\u3002<\/p>\n<pre><code>https:\/\/tu-dominio.com\/wp-json\/riskpaygo\/v1\/webhook<\/code><\/pre>\n<h2>\u6700\u7d42\u52e7\u544a<\/h2>\n<p>\u672c\u756a\u74b0\u5883\u306b\u5165\u308b\u524d\u306b\u3001\u30c9\u30e1\u30a4\u30f3\u304c\u627f\u8a8d\u3055\u308c\u3066\u3044\u308b\u3053\u3068\u3001 <code>\u901a\u77e5URL<\/code> HTTPS\u7d4c\u7531\u3067\u6b63\u3057\u304f\u5fdc\u7b54\u3057\u3001\u305d\u306e\u60c5\u5831\u3092\u4fdd\u5b58\u3057\u307e\u3059\u3002 <code>\u652f\u6255\u3044\u53c2\u7167<\/code> \u30b7\u30b9\u30c6\u30e0\u4e0a\u3067\u3001\u6700\u7d42\u78ba\u8a8d\u304c\u30a6\u30a7\u30d6\u30d5\u30c3\u30af\u7d4c\u7531\u3067\u5c4a\u3044\u305f\u5834\u5408\u306b\u306e\u307f\u6ce8\u6587\u3092\u652f\u6255\u3044\u6e08\u307f\u3068\u3057\u3066\u30de\u30fc\u30af\u3059\u308b\u3088\u3046\u306b\u3057\u3066\u304f\u3060\u3055\u3044\u3002<\/p>\n<p>\u3053\u306e\u69cb\u9020\u304c\u3042\u308c\u3070\u3001RiskPayGo\u3092\u81ea\u793e\u30a6\u30a7\u30d6\u30b5\u30a4\u30c8\u3001\u30ab\u30b9\u30bf\u30e0\u30a2\u30d7\u30ea\u30b1\u30fc\u30b7\u30e7\u30f3\u3001\u307e\u305f\u306fWooCommerce\u30b9\u30c8\u30a2\u306b\u7d71\u5408\u3059\u308b\u305f\u3081\u306e\u5f37\u56fa\u306a\u57fa\u76e4\u304c\u65e2\u306b\u6574\u3063\u3066\u3044\u307e\u3059\u3002<\/p>","protected":false},"excerpt":{"rendered":"<p>Esta documentaci\u00f3n explica c\u00f3mo integrar RiskPayGo en tu web o aplicaci\u00f3n para crear pagos, redirigir al comprador al checkout y [&hellip;]<\/p>\n","protected":false},"author":1,"featured_media":0,"parent":0,"menu_order":0,"comment_status":"closed","ping_status":"closed","template":"","meta":{"site-sidebar-layout":"default","site-content-layout":"","ast-site-content-layout":"default","site-content-style":"default","site-sidebar-style":"default","ast-global-header-display":"","ast-banner-title-visibility":"","ast-main-header-display":"","ast-hfb-above-header-display":"","ast-hfb-below-header-display":"","ast-hfb-mobile-header-display":"","site-post-title":"","ast-breadcrumbs-content":"","ast-featured-img":"","footer-sml-layout":"","ast-disable-related-posts":"","theme-transparent-header-meta":"default","adv-header-id-meta":"","stick-header-meta":"default","header-above-stick-meta":"","header-main-stick-meta":"","header-below-stick-meta":"","astra-migrate-meta-layouts":"set","ast-page-background-enabled":"default","ast-page-background-meta":{"desktop":{"background-color":"var(--ast-global-color-5)","background-image":"","background-repeat":"repeat","background-position":"center center","background-size":"auto","background-attachment":"scroll","background-type":"","background-media":"","overlay-type":"","overlay-color":"","overlay-opacity":"","overlay-gradient":""},"tablet":{"background-color":"","background-image":"","background-repeat":"repeat","background-position":"center center","background-size":"auto","background-attachment":"scroll","background-type":"","background-media":"","overlay-type":"","overlay-color":"","overlay-opacity":"","overlay-gradient":""},"mobile":{"background-color":"","background-image":"","background-repeat":"repeat","background-position":"center center","background-size":"auto","background-attachment":"scroll","background-type":"","background-media":"","overlay-type":"","overlay-color":"","overlay-opacity":"","overlay-gradient":""}},"ast-content-background-meta":{"desktop":{"background-color":"var(--ast-global-color-4)","background-image":"","background-repeat":"repeat","background-position":"center center","background-size":"auto","background-attachment":"scroll","background-type":"","background-media":"","overlay-type":"","overlay-color":"","overlay-opacity":"","overlay-gradient":""},"tablet":{"background-color":"var(--ast-global-color-4)","background-image":"","background-repeat":"repeat","background-position":"center center","background-size":"auto","background-attachment":"scroll","background-type":"","background-media":"","overlay-type":"","overlay-color":"","overlay-opacity":"","overlay-gradient":""},"mobile":{"background-color":"var(--ast-global-color-4)","background-image":"","background-repeat":"repeat","background-position":"center center","background-size":"auto","background-attachment":"scroll","background-type":"","background-media":"","overlay-type":"","overlay-color":"","overlay-opacity":"","overlay-gradient":""}},"footnotes":""},"class_list":["post-502","page","type-page","status-publish","hentry"],"_links":{"self":[{"href":"https:\/\/riskpaygo.com\/ja\/wp-json\/wp\/v2\/pages\/502","targetHints":{"allow":["GET"]}}],"collection":[{"href":"https:\/\/riskpaygo.com\/ja\/wp-json\/wp\/v2\/pages"}],"about":[{"href":"https:\/\/riskpaygo.com\/ja\/wp-json\/wp\/v2\/types\/page"}],"author":[{"embeddable":true,"href":"https:\/\/riskpaygo.com\/ja\/wp-json\/wp\/v2\/users\/1"}],"replies":[{"embeddable":true,"href":"https:\/\/riskpaygo.com\/ja\/wp-json\/wp\/v2\/comments?post=502"}],"version-history":[{"count":0,"href":"https:\/\/riskpaygo.com\/ja\/wp-json\/wp\/v2\/pages\/502\/revisions"}],"wp:attachment":[{"href":"https:\/\/riskpaygo.com\/ja\/wp-json\/wp\/v2\/media?parent=502"}],"curies":[{"name":"wp","href":"https:\/\/api.w.org\/{rel}","templated":true}]}}