{"id":139,"date":"2025-11-16T01:23:47","date_gmt":"2025-11-16T00:23:47","guid":{"rendered":"https:\/\/riskpaygo.com\/?page_id=139"},"modified":"2026-03-13T14:21:56","modified_gmt":"2026-03-13T13:21:56","slug":"%e3%83%97%e3%83%a9%e3%82%a4%e3%83%90%e3%82%b7%e3%83%bc%e3%83%9d%e3%83%aa%e3%82%b7%e3%83%bc","status":"publish","type":"page","link":"https:\/\/riskpaygo.com\/ja\/%e3%83%97%e3%83%a9%e3%82%a4%e3%83%90%e3%82%b7%e3%83%bc%e3%83%9d%e3%83%aa%e3%82%b7%e3%83%bc\/","title":{"rendered":"\u30d7\u30e9\u30a4\u30d0\u30b7\u30fc\u30dd\u30ea\u30b7\u30fc"},"content":{"rendered":"<p>\u3053\u306e\u30d7\u30e9\u30a4\u30d0\u30b7\u30fc\u30dd\u30ea\u30b7\u30fc\u306f\u3001RiesgoPayGp USA\u304c\u30a6\u30a7\u30d6\u30b5\u30a4\u30c8\u5229\u7528\u6642\u306b\u30e6\u30fc\u30b6\u30fc\u304b\u3089\u63d0\u4f9b\u3055\u308c\u305f\u60c5\u5831\u3092\u4fdd\u8b77\u3059\u308b\u6761\u4ef6\u3092\u5b9a\u3081\u305f\u3082\u306e\u3067\u3059\u3002\u5f53\u793e\u306f\u30e6\u30fc\u30b6\u30fc\u30c7\u30fc\u30bf\u306e\u30bb\u30ad\u30e5\u30ea\u30c6\u30a3\u306b\u5c3d\u529b\u3057\u3066\u3044\u307e\u3059\u3002\u304a\u5ba2\u69d8\u3092\u7279\u5b9a\u3067\u304d\u308b\u500b\u4eba\u60c5\u5831\u306e\u5165\u529b\u3092\u304a\u9858\u3044\u3059\u308b\u5834\u5408\u3001\u305d\u306e\u60c5\u5831\u306f\u672c\u30dd\u30ea\u30b7\u30fc\u306e\u6761\u4ef6\u306b\u5f93\u3063\u3066\u306e\u307f\u4f7f\u7528\u3055\u308c\u308b\u3053\u3068\u3092\u4fdd\u8a3c\u3044\u305f\u3057\u307e\u3059\u3002\u305f\u3060\u3057\u3001\u3053\u306e\u30d7\u30e9\u30a4\u30d0\u30b7\u30fc\u30dd\u30ea\u30b7\u30fc\u306f\u968f\u6642\u5909\u66f4\u307e\u305f\u306f\u66f4\u65b0\u3055\u308c\u308b\u53ef\u80fd\u6027\u304c\u3042\u308a\u307e\u3059\u306e\u3067\u3001\u5909\u66f4\u5185\u5bb9\u306b\u3054\u540c\u610f\u3044\u305f\u3060\u3051\u308b\u3088\u3046\u3001\u5b9a\u671f\u7684\u306b\u3053\u306e\u30da\u30fc\u30b8\u3092\u3054\u78ba\u8a8d\u3044\u305f\u3060\u304f\u3053\u3068\u3092\u5f37\u304f\u304a\u52e7\u3081\u3057\u307e\u3059\u3002<\/p>\n<h2>\u8a8d\u8b58\u3055\u308c\u305f\u60c5\u5831<\/h2>\n<p>\u5f53\u793e\u306e\u30a6\u30a7\u30d6\u30b5\u30a4\u30c8\u306f\u3001\u304a\u5ba2\u69d8\u306e\u304a\u540d\u524d\u3001\u30e1\u30fc\u30eb\u30a2\u30c9\u30ec\u30b9\u306a\u3069\u306e\u9023\u7d61\u5148\u60c5\u5831\u3001\u304a\u3088\u3073\u4eba\u53e3\u7d71\u8a08\u60c5\u5831\u3068\u3044\u3063\u305f\u500b\u4eba\u60c5\u5831\u3092\u8a8d\u8b58\u3059\u308b\u5834\u5408\u304c\u3042\u308a\u307e\u3059\u3002\u540c\u69d8\u306b\u3001\u3054\u6ce8\u6587\u306e\u51e6\u7406\u3001\u914d\u9001\u3001\u307e\u305f\u306f\u8acb\u6c42\u66f8\u306e\u767a\u884c\u306b\u5fc5\u8981\u306a\u5834\u5408\u3001\u7279\u5b9a\u306e\u60c5\u5831\u306e\u63d0\u4f9b\u3092\u304a\u9858\u3044\u3059\u308b\u3053\u3068\u304c\u3042\u308a\u307e\u3059\u3002<\/p>\n<h2>\u8a8d\u8b58\u3055\u308c\u305f\u60c5\u5831\u306e\u4f7f\u7528<\/h2>\n<p>\u5f53\u30a6\u30a7\u30d6\u30b5\u30a4\u30c8\u3067\u306f\u3001\u304a\u5ba2\u69d8\u306e\u60c5\u5831\u3092\u4f7f\u7528\u3057\u3066\u3001\u6700\u9ad8\u306e\u30b5\u30fc\u30d3\u30b9\u3092\u63d0\u4f9b\u3059\u308b\u3053\u3068\u3001\u7279\u306b\u30e6\u30fc\u30b6\u30fc\u8a18\u9332\u306e\u7dad\u6301\u3001\u6ce8\u6587\u51e6\u7406\uff08\u8a72\u5f53\u3059\u308b\u5834\u5408\uff09\u3001\u304a\u3088\u3073\u88fd\u54c1\u3068\u30b5\u30fc\u30d3\u30b9\u306e\u6539\u5584\u3092\u884c\u3044\u307e\u3059\u3002\u304a\u5ba2\u69d8\u306b\u306f\u3001\u5f53\u30b5\u30a4\u30c8\u304b\u3089\u5b9a\u671f\u7684\u306b\u3001\u7279\u5225\u30aa\u30d5\u30a1\u30fc\u3001\u65b0\u88fd\u54c1\u3001\u305d\u306e\u4ed6\u304a\u5ba2\u69d8\u306b\u3068\u3063\u3066\u95a2\u9023\u6027\u307e\u305f\u306f\u6709\u76ca\u3068\u601d\u308f\u308c\u308b\u516c\u958b\u60c5\u5831\u3092\u542b\u3080\u30e1\u30fc\u30eb\u304c\u9001\u4fe1\u3055\u308c\u308b\u5834\u5408\u304c\u3042\u308a\u307e\u3059\u3002\u3053\u308c\u3089\u306e\u30e1\u30fc\u30eb\u306f\u3001\u304a\u5ba2\u69d8\u304c\u63d0\u4f9b\u3055\u308c\u305f\u30e1\u30fc\u30eb\u30a2\u30c9\u30ec\u30b9\u306b\u9001\u4fe1\u3055\u308c\u3001\u3044\u3064\u3067\u3082\u8cfc\u8aad\u3092\u89e3\u9664\u3067\u304d\u307e\u3059\u3002<\/p>\n<p>RiesgoPayGp\u306f\u3001\u304a\u5ba2\u69d8\u306e\u60c5\u5831\u306e\u30bb\u30ad\u30e5\u30ea\u30c6\u30a3\u78ba\u4fdd\u306b\u6700\u5927\u9650\u306e\u52aa\u529b\u3092\u6255\u3063\u3066\u3044\u307e\u3059\u3002\u4e0d\u6b63\u30a2\u30af\u30bb\u30b9\u3092\u9632\u6b62\u3059\u308b\u305f\u3081\u3001\u5e38\u306b\u6700\u65b0\u304b\u3064\u6700\u5148\u7aef\u306e\u30b7\u30b9\u30c6\u30e0\u3092\u4f7f\u7528\u3057\u3066\u3044\u307e\u3059\u3002<\/p>\n<h2>\u30af\u30c3\u30ad\u30fc<\/h2>\n<p>\u30af\u30c3\u30ad\u30fc\u3068\u306f\u3001\u30b3\u30f3\u30d4\u30e5\u30fc\u30bf\u306b\u4fdd\u5b58\u3055\u308c\u308b\u8a31\u53ef\u3092\u6c42\u3081\u308b\u305f\u3081\u306b\u30b3\u30f3\u30d4\u30e5\u30fc\u30bf\u306b\u9001\u4fe1\u3055\u308c\u308b\u30d5\u30a1\u30a4\u30eb\u3067\u3059\u3002\u8a31\u53ef\u3059\u308b\u3068\u3001\u30d5\u30a1\u30a4\u30eb\u304c\u4f5c\u6210\u3055\u308c\u3001\u30a6\u30a7\u30d6\u30c8\u30e9\u30d5\u30a3\u30c3\u30af\u306b\u95a2\u3059\u308b\u60c5\u5831\u3092\u53ce\u96c6\u3057\u305f\u308a\u3001\u30a6\u30a7\u30d6\u30b5\u30a4\u30c8\u3078\u306e\u4eca\u5f8c\u306e\u8a2a\u554f\u3092\u5bb9\u6613\u306b\u3059\u308b\u305f\u3081\u306b\u4f7f\u7528\u3055\u308c\u307e\u3059\u3002\u30af\u30c3\u30ad\u30fc\u306e\u3082\u3046\u4e00\u3064\u306e\u6a5f\u80fd\u306f\u3001\u30a6\u30a7\u30d6\u30b5\u30a4\u30c8\u304c\u30e6\u30fc\u30b6\u30fc\u3092\u500b\u5225\u306b\u8a8d\u8b58\u3057\u3001\u3088\u308a\u30d1\u30fc\u30bd\u30ca\u30e9\u30a4\u30ba\u3055\u308c\u305f\u512a\u308c\u305f\u30b5\u30fc\u30d3\u30b9\u3092\u63d0\u4f9b\u3067\u304d\u308b\u3088\u3046\u306b\u3059\u308b\u3053\u3068\u3067\u3059\u3002<\/p>\n<p>\u5f53\u30a6\u30a7\u30d6\u30b5\u30a4\u30c8\u3067\u306f\u3001\u3069\u306e\u30da\u30fc\u30b8\u304c\u3069\u306e\u304f\u3089\u3044\u306e\u983b\u5ea6\u3067\u95b2\u89a7\u3055\u308c\u3066\u3044\u308b\u304b\u3092\u628a\u63e1\u3059\u308b\u305f\u3081\u306b\u30af\u30c3\u30ad\u30fc\u3092\u4f7f\u7528\u3057\u3066\u3044\u307e\u3059\u3002\u3053\u306e\u60c5\u5831\u306f\u7d71\u8a08\u5206\u6790\u306e\u307f\u306b\u4f7f\u7528\u3055\u308c\u3001\u305d\u306e\u5f8c\u5b8c\u5168\u306b\u524a\u9664\u3055\u308c\u307e\u3059\u3002\u30af\u30c3\u30ad\u30fc\u306f\u3044\u3064\u3067\u3082\u30b3\u30f3\u30d4\u30e5\u30fc\u30bf\u304b\u3089\u524a\u9664\u3067\u304d\u307e\u3059\u3002\u30af\u30c3\u30ad\u30fc\u306f\u30a6\u30a7\u30d6\u30b5\u30a4\u30c8\u306e\u5229\u7528\u4f53\u9a13\u3092\u5411\u4e0a\u3055\u305b\u308b\u306e\u306b\u5f79\u7acb\u3061\u307e\u3059\u304c\u3001\u304a\u5ba2\u69d8\u304c\u76f4\u63a5\u63d0\u4f9b\u3057\u306a\u3044\u9650\u308a\u3001\u5f53\u793e\u304c\u304a\u5ba2\u69d8\u306e\u30b3\u30f3\u30d4\u30e5\u30fc\u30bf\u3084\u500b\u4eba\u60c5\u5831\u306b\u30a2\u30af\u30bb\u30b9\u3059\u308b\u3053\u3068\u306f\u3067\u304d\u307e\u305b\u3093\u3002\u30af\u30c3\u30ad\u30fc\u306e\u4f7f\u7528\u306f\u8a31\u53ef\u307e\u305f\u306f\u62d2\u5426\u3067\u304d\u307e\u3059\u304c\u3001\u307b\u3068\u3093\u3069\u306e\u30d6\u30e9\u30a6\u30b6\u306f\u30a6\u30a7\u30d6\u95b2\u89a7\u4f53\u9a13\u3092\u5411\u4e0a\u3055\u305b\u308b\u305f\u3081\u306b\u30af\u30c3\u30ad\u30fc\u3092\u81ea\u52d5\u7684\u306b\u53d7\u3051\u5165\u308c\u307e\u3059\u3002\u30d6\u30e9\u30a6\u30b6\u306e\u8a2d\u5b9a\u3092\u5909\u66f4\u3057\u3066\u30af\u30c3\u30ad\u30fc\u3092\u30d6\u30ed\u30c3\u30af\u3059\u308b\u3053\u3068\u3082\u3067\u304d\u307e\u3059\u3002\u30af\u30c3\u30ad\u30fc\u3092\u62d2\u5426\u3057\u305f\u5834\u5408\u3001\u4e00\u90e8\u306e\u30b5\u30fc\u30d3\u30b9\u3092\u3054\u5229\u7528\u3044\u305f\u3060\u3051\u306a\u304f\u306a\u308b\u5834\u5408\u304c\u3042\u308a\u307e\u3059\u3002<\/p>\n<h2>\u7b2c\u4e09\u8005\u3078\u306e\u30ea\u30f3\u30af<\/h2>\n<p>\u3053\u306e\u30a6\u30a7\u30d6\u30b5\u30a4\u30c8\u306b\u306f\u3001\u304a\u5ba2\u69d8\u306b\u3068\u3063\u3066\u8208\u5473\u6df1\u3044\u3068\u601d\u308f\u308c\u308b\u4ed6\u306e\u30b5\u30a4\u30c8\u3078\u306e\u30ea\u30f3\u30af\u304c\u542b\u307e\u308c\u3066\u3044\u308b\u5834\u5408\u304c\u3042\u308a\u307e\u3059\u3002\u3053\u308c\u3089\u306e\u30ea\u30f3\u30af\u3092\u30af\u30ea\u30c3\u30af\u3057\u3066\u5f53\u30b5\u30a4\u30c8\u3092\u96e2\u308c\u305f\u5f8c\u306f\u3001\u304a\u5ba2\u69d8\u304c\u30ea\u30c0\u30a4\u30ec\u30af\u30c8\u3055\u308c\u308b\u30b5\u30a4\u30c8\u306f\u5f53\u793e\u306e\u7ba1\u7406\u4e0b\u306b\u306a\u3044\u305f\u3081\u3001\u5f53\u793e\u306f\u305d\u308c\u3089\u306e\u7b2c\u4e09\u8005\u30b5\u30a4\u30c8\u306e\u5229\u7528\u898f\u7d04\u3001\u30d7\u30e9\u30a4\u30d0\u30b7\u30fc\u30dd\u30ea\u30b7\u30fc\u3001\u307e\u305f\u306f\u30c7\u30fc\u30bf\u4fdd\u8b77\u306b\u95a2\u3059\u308b\u6163\u884c\u306b\u3064\u3044\u3066\u8cac\u4efb\u3092\u8ca0\u3044\u307e\u305b\u3093\u3002\u305d\u308c\u3089\u306e\u30b5\u30a4\u30c8\u306f\u72ec\u81ea\u306e\u30d7\u30e9\u30a4\u30d0\u30b7\u30fc\u30dd\u30ea\u30b7\u30fc\u306b\u5f93\u3044\u307e\u3059\u306e\u3067\u3001\u304a\u5ba2\u69d8\u304c\u305d\u308c\u3089\u306e\u30dd\u30ea\u30b7\u30fc\u306b\u540c\u610f\u3067\u304d\u308b\u304b\u3069\u3046\u304b\u3092\u78ba\u8a8d\u3059\u308b\u305f\u3081\u306b\u3001\u3054\u78ba\u8a8d\u3044\u305f\u3060\u304f\u3053\u3068\u3092\u304a\u52e7\u3081\u3057\u307e\u3059\u3002<\/p>\n<h2>\u500b\u4eba\u60c5\u5831\u306e\u7ba1\u7406<\/h2>\n<p>\u304a\u5ba2\u69d8\u306f\u3001\u5f53\u30a6\u30a7\u30d6\u30b5\u30a4\u30c8\u306b\u63d0\u4f9b\u3055\u308c\u305f\u500b\u4eba\u60c5\u5831\u306e\u53ce\u96c6\u307e\u305f\u306f\u5229\u7528\u3092\u3044\u3064\u3067\u3082\u5236\u9650\u3067\u304d\u307e\u3059\u3002\u30e6\u30fc\u30b6\u30fc\u767b\u9332\u30d5\u30a9\u30fc\u30e0\u306a\u3069\u306e\u30d5\u30a9\u30fc\u30e0\u3078\u306e\u5165\u529b\u304c\u6c42\u3081\u3089\u308c\u308b\u969b\u306b\u306f\u3001\u30e1\u30fc\u30eb\u3067\u60c5\u5831\u3092\u53d7\u3051\u53d6\u308b\u30aa\u30d7\u30b7\u30e7\u30f3\u3092\u30aa\u30f3\u307e\u305f\u306f\u30aa\u30d5\u306b\u3059\u308b\u3053\u3068\u304c\u3067\u304d\u307e\u3059\u3002\u30cb\u30e5\u30fc\u30b9\u30ec\u30bf\u30fc\u3084\u5e83\u544a\u306e\u53d7\u4fe1\u3092\u9078\u629e\u3057\u305f\u5834\u5408\u3067\u3082\u3001\u3044\u3064\u3067\u3082\u8cfc\u8aad\u3092\u89e3\u9664\u3067\u304d\u307e\u3059\u3002<\/p>\n<p>\u5f53\u793e\u306f\u3001\u88c1\u5224\u6240\u306e\u547d\u4ee4\u306b\u3088\u308a\u88c1\u5224\u5b98\u304b\u3089\u8981\u6c42\u3055\u308c\u305f\u5834\u5408\u3092\u9664\u304d\u3001\u304a\u5ba2\u69d8\u306e\u540c\u610f\u306a\u3057\u306b\u53ce\u96c6\u3057\u305f\u500b\u4eba\u60c5\u5831\u3092\u8ca9\u58f2\u3001\u8b72\u6e21\u3001\u307e\u305f\u306f\u914d\u5e03\u3059\u308b\u3053\u3068\u306f\u3042\u308a\u307e\u305b\u3093\u3002<\/p>\n<p>RiskPayGo\u306f\u3001\u672c\u30d7\u30e9\u30a4\u30d0\u30b7\u30fc\u30dd\u30ea\u30b7\u30fc\u306e\u6761\u9805\u3092\u3044\u3064\u3067\u3082\u5909\u66f4\u3059\u308b\u6a29\u5229\u3092\u7559\u4fdd\u3057\u307e\u3059\u3002<\/p>","protected":false},"excerpt":{"rendered":"<p>El presente Pol\u00edtica de Privacidad establece los t\u00e9rminos en que RiesgoPayGp estados Unidos y proteger la informaci\u00f3n que es proporcionada [&hellip;]<\/p>\n","protected":false},"author":1,"featured_media":0,"parent":0,"menu_order":0,"comment_status":"closed","ping_status":"closed","template":"","meta":{"site-sidebar-layout":"default","site-content-layout":"","ast-site-content-layout":"default","site-content-style":"default","site-sidebar-style":"default","ast-global-header-display":"","ast-banner-title-visibility":"","ast-main-header-display":"","ast-hfb-above-header-display":"","ast-hfb-below-header-display":"","ast-hfb-mobile-header-display":"","site-post-title":"","ast-breadcrumbs-content":"","ast-featured-img":"","footer-sml-layout":"","ast-disable-related-posts":"","theme-transparent-header-meta":"default","adv-header-id-meta":"","stick-header-meta":"","header-above-stick-meta":"","header-main-stick-meta":"","header-below-stick-meta":"","astra-migrate-meta-layouts":"set","ast-page-background-enabled":"default","ast-page-background-meta":{"desktop":{"background-color":"var(--ast-global-color-5)","background-image":"","background-repeat":"repeat","background-position":"center center","background-size":"auto","background-attachment":"scroll","background-type":"","background-media":"","overlay-type":"","overlay-color":"","overlay-opacity":"","overlay-gradient":""},"tablet":{"background-color":"","background-image":"","background-repeat":"repeat","background-position":"center center","background-size":"auto","background-attachment":"scroll","background-type":"","background-media":"","overlay-type":"","overlay-color":"","overlay-opacity":"","overlay-gradient":""},"mobile":{"background-color":"","background-image":"","background-repeat":"repeat","background-position":"center center","background-size":"auto","background-attachment":"scroll","background-type":"","background-media":"","overlay-type":"","overlay-color":"","overlay-opacity":"","overlay-gradient":""}},"ast-content-background-meta":{"desktop":{"background-color":"var(--ast-global-color-4)","background-image":"","background-repeat":"repeat","background-position":"center center","background-size":"auto","background-attachment":"scroll","background-type":"","background-media":"","overlay-type":"","overlay-color":"","overlay-opacity":"","overlay-gradient":""},"tablet":{"background-color":"var(--ast-global-color-4)","background-image":"","background-repeat":"repeat","background-position":"center center","background-size":"auto","background-attachment":"scroll","background-type":"","background-media":"","overlay-type":"","overlay-color":"","overlay-opacity":"","overlay-gradient":""},"mobile":{"background-color":"var(--ast-global-color-4)","background-image":"","background-repeat":"repeat","background-position":"center center","background-size":"auto","background-attachment":"scroll","background-type":"","background-media":"","overlay-type":"","overlay-color":"","overlay-opacity":"","overlay-gradient":""}},"footnotes":""},"class_list":["post-139","page","type-page","status-publish","hentry"],"_links":{"self":[{"href":"https:\/\/riskpaygo.com\/ja\/wp-json\/wp\/v2\/pages\/139","targetHints":{"allow":["GET"]}}],"collection":[{"href":"https:\/\/riskpaygo.com\/ja\/wp-json\/wp\/v2\/pages"}],"about":[{"href":"https:\/\/riskpaygo.com\/ja\/wp-json\/wp\/v2\/types\/page"}],"author":[{"embeddable":true,"href":"https:\/\/riskpaygo.com\/ja\/wp-json\/wp\/v2\/users\/1"}],"replies":[{"embeddable":true,"href":"https:\/\/riskpaygo.com\/ja\/wp-json\/wp\/v2\/comments?post=139"}],"version-history":[{"count":0,"href":"https:\/\/riskpaygo.com\/ja\/wp-json\/wp\/v2\/pages\/139\/revisions"}],"wp:attachment":[{"href":"https:\/\/riskpaygo.com\/ja\/wp-json\/wp\/v2\/media?parent=139"}],"curies":[{"name":"wp","href":"https:\/\/api.w.org\/{rel}","templated":true}]}}