{"id":139,"date":"2025-11-16T01:23:47","date_gmt":"2025-11-16T00:23:47","guid":{"rendered":"https:\/\/riskpaygo.com\/?page_id=139"},"modified":"2026-03-13T14:21:56","modified_gmt":"2026-03-13T13:21:56","slug":"politica-sulla-riservatezza","status":"publish","type":"page","link":"https:\/\/riskpaygo.com\/it\/politica-sulla-riservatezza\/","title":{"rendered":"politica sulla riservatezza"},"content":{"rendered":"<p>La presente Informativa sulla privacy definisce i termini in base ai quali RiesgoPayGp USA protegge le informazioni fornite dai suoi utenti durante l'utilizzo del suo sito web. Questa azienda si impegna a garantire la sicurezza dei dati dei suoi utenti. Quando ti chiediamo di compilare campi con informazioni personali che possono identificarti, ti assicuriamo che tali informazioni saranno utilizzate esclusivamente in conformit\u00e0 con i termini del presente documento. Tuttavia, la presente Informativa sulla privacy potrebbe subire modifiche o aggiornamenti nel tempo, pertanto ti consigliamo e sottolineiamo l'importanza di consultare regolarmente questa pagina per assicurarti di essere d'accordo con eventuali modifiche.<\/p>\n<h2>Informazioni riconosciute<\/h2>\n<p>Il nostro sito web potrebbe riconoscere informazioni personali come il tuo nome, informazioni di contatto come il tuo indirizzo email e informazioni demografiche. Allo stesso modo, potremmo richiedere informazioni specifiche quando necessario per elaborare un ordine, effettuare una consegna o emettere una fattura.<\/p>\n<h2>Utilizzo di informazioni riconosciute<\/h2>\n<p>Il nostro sito web utilizza le tue informazioni per fornire il miglior servizio possibile, in particolare per gestire i dati degli utenti, elaborare gli ordini (ove applicabile) e migliorare i nostri prodotti e servizi. Potresti ricevere periodicamente email dal nostro sito con offerte speciali, nuovi prodotti e altre informazioni pubbliche che riteniamo possano essere rilevanti o utili per te. Queste email verranno inviate all'indirizzo che hai fornito e potrai annullare l'iscrizione in qualsiasi momento.<\/p>\n<p>RiesgoPayGp si impegna al massimo per proteggere le tue informazioni. Utilizziamo i sistemi pi\u00f9 avanzati e costantemente aggiornati per garantire che non vi siano accessi non autorizzati.<\/p>\n<h2>Biscotti<\/h2>\n<p>Un cookie \u00e8 un file inviato al tuo computer che richiede l'autorizzazione per essere memorizzato. Una volta accettato, il file viene creato e utilizzato per raccogliere informazioni sul traffico web e per facilitare le visite future a un sito web. Un'altra funzione dei cookie \u00e8 quella di consentire ai siti web di riconoscerti individualmente e quindi di offrirti un servizio migliore e pi\u00f9 personalizzato.<\/p>\n<p>Il nostro sito web utilizza i cookie per identificare quali pagine vengono visitate e con quale frequenza. Queste informazioni vengono utilizzate esclusivamente per analisi statistiche e vengono eliminate definitivamente. \u00c8 possibile eliminare i cookie dal proprio computer in qualsiasi momento. Sebbene i cookie contribuiscano a migliorare l'esperienza di navigazione sul sito, non ci consentono di accedere al computer o alle informazioni personali dell'utente, a meno che quest'ultimo non scelga di fornirle direttamente. \u00c8 possibile accettare o rifiutare l'utilizzo dei cookie; tuttavia, la maggior parte dei browser li accetta automaticamente per migliorare l'esperienza di navigazione. \u00c8 anche possibile modificare le impostazioni del browser per bloccare i cookie. In caso di rifiuto, potrebbe non essere possibile utilizzare alcuni dei nostri servizi.<\/p>\n<h2>Collegamento a terze parti<\/h2>\n<p>Questo sito web potrebbe contenere link ad altri siti di vostro interesse. Una volta cliccato su questi link e abbandonato il nostro sito, non avremo pi\u00f9 alcun controllo sul sito a cui verrete reindirizzati e pertanto non saremo responsabili per le condizioni d'uso, le politiche sulla privacy o le pratiche di protezione dei dati di tali siti di terze parti. Questi siti sono soggetti alle proprie politiche sulla privacy, che vi consigliamo di consultare per assicurarvi di accettarle.<\/p>\n<h2>Controllo delle tue informazioni personali<\/h2>\n<p>\u00c8 possibile limitare in qualsiasi momento la raccolta o l'utilizzo dei dati personali forniti al nostro sito web. Ogni volta che viene richiesto di compilare un modulo, ad esempio un modulo di registrazione utente, \u00e8 possibile selezionare o deselezionare l'opzione per ricevere informazioni via e-mail. Se si \u00e8 scelto di ricevere la nostra newsletter o materiale pubblicitario, \u00e8 possibile annullare l'iscrizione in qualsiasi momento.<\/p>\n<p>Questa azienda non vender\u00e0, trasferir\u00e0 o distribuir\u00e0 le informazioni personali raccolte senza il vostro consenso, a meno che non sia richiesto da un giudice con un'ordinanza del tribunale.<\/p>\n<p>RiskPayGo si riserva il diritto di modificare i termini della presente Informativa sulla privacy in qualsiasi momento.<\/p>","protected":false},"excerpt":{"rendered":"<p>El presente Pol\u00edtica de Privacidad establece los t\u00e9rminos en que RiesgoPayGp estados Unidos y proteger la informaci\u00f3n que es proporcionada [&hellip;]<\/p>\n","protected":false},"author":1,"featured_media":0,"parent":0,"menu_order":0,"comment_status":"closed","ping_status":"closed","template":"","meta":{"site-sidebar-layout":"default","site-content-layout":"","ast-site-content-layout":"default","site-content-style":"default","site-sidebar-style":"default","ast-global-header-display":"","ast-banner-title-visibility":"","ast-main-header-display":"","ast-hfb-above-header-display":"","ast-hfb-below-header-display":"","ast-hfb-mobile-header-display":"","site-post-title":"","ast-breadcrumbs-content":"","ast-featured-img":"","footer-sml-layout":"","ast-disable-related-posts":"","theme-transparent-header-meta":"default","adv-header-id-meta":"","stick-header-meta":"","header-above-stick-meta":"","header-main-stick-meta":"","header-below-stick-meta":"","astra-migrate-meta-layouts":"set","ast-page-background-enabled":"default","ast-page-background-meta":{"desktop":{"background-color":"var(--ast-global-color-5)","background-image":"","background-repeat":"repeat","background-position":"center center","background-size":"auto","background-attachment":"scroll","background-type":"","background-media":"","overlay-type":"","overlay-color":"","overlay-opacity":"","overlay-gradient":""},"tablet":{"background-color":"","background-image":"","background-repeat":"repeat","background-position":"center center","background-size":"auto","background-attachment":"scroll","background-type":"","background-media":"","overlay-type":"","overlay-color":"","overlay-opacity":"","overlay-gradient":""},"mobile":{"background-color":"","background-image":"","background-repeat":"repeat","background-position":"center center","background-size":"auto","background-attachment":"scroll","background-type":"","background-media":"","overlay-type":"","overlay-color":"","overlay-opacity":"","overlay-gradient":""}},"ast-content-background-meta":{"desktop":{"background-color":"var(--ast-global-color-4)","background-image":"","background-repeat":"repeat","background-position":"center center","background-size":"auto","background-attachment":"scroll","background-type":"","background-media":"","overlay-type":"","overlay-color":"","overlay-opacity":"","overlay-gradient":""},"tablet":{"background-color":"var(--ast-global-color-4)","background-image":"","background-repeat":"repeat","background-position":"center center","background-size":"auto","background-attachment":"scroll","background-type":"","background-media":"","overlay-type":"","overlay-color":"","overlay-opacity":"","overlay-gradient":""},"mobile":{"background-color":"var(--ast-global-color-4)","background-image":"","background-repeat":"repeat","background-position":"center center","background-size":"auto","background-attachment":"scroll","background-type":"","background-media":"","overlay-type":"","overlay-color":"","overlay-opacity":"","overlay-gradient":""}},"footnotes":""},"class_list":["post-139","page","type-page","status-publish","hentry"],"_links":{"self":[{"href":"https:\/\/riskpaygo.com\/it\/wp-json\/wp\/v2\/pages\/139","targetHints":{"allow":["GET"]}}],"collection":[{"href":"https:\/\/riskpaygo.com\/it\/wp-json\/wp\/v2\/pages"}],"about":[{"href":"https:\/\/riskpaygo.com\/it\/wp-json\/wp\/v2\/types\/page"}],"author":[{"embeddable":true,"href":"https:\/\/riskpaygo.com\/it\/wp-json\/wp\/v2\/users\/1"}],"replies":[{"embeddable":true,"href":"https:\/\/riskpaygo.com\/it\/wp-json\/wp\/v2\/comments?post=139"}],"version-history":[{"count":0,"href":"https:\/\/riskpaygo.com\/it\/wp-json\/wp\/v2\/pages\/139\/revisions"}],"wp:attachment":[{"href":"https:\/\/riskpaygo.com\/it\/wp-json\/wp\/v2\/media?parent=139"}],"curies":[{"name":"wp","href":"https:\/\/api.w.org\/{rel}","templated":true}]}}