{"id":314,"date":"2026-03-13T14:21:22","date_gmt":"2026-03-13T13:21:22","guid":{"rendered":"https:\/\/riskpaygo.com\/?page_id=314"},"modified":"2026-03-13T14:21:22","modified_gmt":"2026-03-13T13:21:22","slug":"politique-dmca","status":"publish","type":"page","link":"https:\/\/riskpaygo.com\/fr\/politique-dmca\/","title":{"rendered":"Politique DMCA"},"content":{"rendered":"<p data-start=\"123\" data-end=\"162\"><strong data-start=\"123\" data-end=\"162\">Derni\u00e8re mise \u00e0 jour : mars 2026<\/strong><\/p>\n<p data-start=\"164\" data-end=\"500\">Chez RiskPayGo, nous respectons les droits de propri\u00e9t\u00e9 intellectuelle d'autrui et attendons de nos utilisateurs qu'ils en fassent de m\u00eame. Si vous pensez qu'un contenu disponible sur notre site web ou via nos services enfreint vos droits d'auteur, vous pouvez nous en informer conform\u00e9ment \u00e0 la proc\u00e9dure pr\u00e9vue \u00e0 cet effet. <strong data-start=\"456\" data-end=\"499\">Loi sur le droit d'auteur du mill\u00e9naire num\u00e9rique (DMCA)<\/strong>.<\/p>\n<h2 data-section-id=\"1qqn4r1\" data-start=\"502\" data-end=\"557\">1. Avis de violation de droits d'auteur<\/h2>\n<p data-start=\"559\" data-end=\"806\">Si vous \u00eates titulaire de droits d'auteur, ou autoris\u00e9 \u00e0 agir au nom d'un titulaire, et que vous croyez de bonne foi que tout contenu disponible sur RiskPayGo enfreint vos droits, vous pouvez soumettre une notification \u00e9crite contenant les informations suivantes\u00a0:<\/p>\n<ol data-start=\"808\" data-end=\"1721\">\n<li data-section-id=\"1uf9f9o\" data-start=\"808\" data-end=\"926\">\n<p data-start=\"811\" data-end=\"926\">Une signature physique ou \u00e9lectronique de la personne autoris\u00e9e \u00e0 agir au nom du titulaire des droits d'auteur.<\/p>\n<\/li>\n<li data-section-id=\"qlgw1k\" data-start=\"927\" data-end=\"1016\">\n<p data-start=\"930\" data-end=\"1016\">Identification de l'\u0153uvre prot\u00e9g\u00e9e dont les droits auraient \u00e9t\u00e9 enfreints.<\/p>\n<\/li>\n<li data-section-id=\"18nfmxn\" data-start=\"1017\" data-end=\"1206\">\n<p data-start=\"1020\" data-end=\"1206\">Identification du mat\u00e9riel ou de l'activit\u00e9 pr\u00e9tendument contrefaisante, et informations raisonnablement suffisantes pour nous permettre de localiser ce mat\u00e9riel.<\/p>\n<\/li>\n<li data-section-id=\"2bt64m\" data-start=\"1207\" data-end=\"1347\">\n<p data-start=\"1210\" data-end=\"1347\">Vos coordonn\u00e9es, y compris votre nom complet, votre adresse postale le cas \u00e9ch\u00e9ant, votre num\u00e9ro de t\u00e9l\u00e9phone et votre adresse \u00e9lectronique.<\/p>\n<\/li>\n<li data-section-id=\"11ltf7p\" data-start=\"1348\" data-end=\"1503\">\n<p data-start=\"1351\" data-end=\"1503\">Une d\u00e9claration selon laquelle vous croyez de bonne foi que l'utilisation du mat\u00e9riel en question n'est pas autoris\u00e9e par le titulaire des droits, son mandataire ou la loi.<\/p>\n<\/li>\n<li data-section-id=\"1dl6xx1\" data-start=\"1504\" data-end=\"1721\">\n<p data-start=\"1507\" data-end=\"1721\">Une d\u00e9claration attestant que les informations contenues dans la notification sont exactes et, sous peine de parjure, que vous \u00eates autoris\u00e9 \u00e0 agir au nom du titulaire du droit d'auteur pr\u00e9tendument viol\u00e9.<\/p>\n<\/li>\n<\/ol>\n<h2 data-section-id=\"1u8nwbk\" data-start=\"1723\" data-end=\"1757\">2. Envoi de notifications DMCA<\/h2>\n<p data-start=\"1759\" data-end=\"1809\">Les avis d'infraction doivent \u00eatre envoy\u00e9s \u00e0\u00a0:<\/p>\n<p data-start=\"1811\" data-end=\"1857\"><strong data-start=\"1811\" data-end=\"1834\">E-mail:<\/strong> <a class=\"decorated-link cursor-pointer\" rel=\"noopener\" data-start=\"1835\" data-end=\"1857\">dnbpedregosa@gmail.com<\/a><\/p>\n<p data-start=\"1859\" data-end=\"2070\">RiskPayGo examinera les notifications qui sont conformes aux exigences l\u00e9gales applicables et pourra supprimer ou d\u00e9sactiver l'acc\u00e8s au contenu pr\u00e9tendument contrefait lorsqu'elle le jugera appropri\u00e9.<\/p>\n<h2 data-section-id=\"y82sb\" data-start=\"2072\" data-end=\"2096\">3. Contre-notification<\/h2>\n<p data-start=\"2098\" data-end=\"2271\">Si vous estimez que le contenu supprim\u00e9 ou d\u00e9sactiv\u00e9 l'a \u00e9t\u00e9 par erreur ou suite \u00e0 une identification erron\u00e9e, vous pouvez soumettre une contre-notification \u00e9crite comprenant\u00a0:<\/p>\n<ol data-start=\"2273\" data-end=\"2874\">\n<li data-section-id=\"78ufc0\" data-start=\"2273\" data-end=\"2306\">\n<p data-start=\"2276\" data-end=\"2306\">Votre signature physique ou \u00e9lectronique.<\/p>\n<\/li>\n<li data-section-id=\"mv4m2l\" data-start=\"2307\" data-end=\"2460\">\n<p data-start=\"2310\" data-end=\"2460\">Identification du contenu qui a \u00e9t\u00e9 supprim\u00e9 ou dont l'acc\u00e8s a \u00e9t\u00e9 d\u00e9sactiv\u00e9, et de l'emplacement o\u00f9 il figurait avant d'\u00eatre supprim\u00e9 ou d\u00e9sactiv\u00e9.<\/p>\n<\/li>\n<li data-section-id=\"1v8h8mj\" data-start=\"2461\" data-end=\"2638\">\n<p data-start=\"2464\" data-end=\"2638\">Une d\u00e9claration, sous peine de parjure, attestant que vous croyez de bonne foi que le contenu a \u00e9t\u00e9 retir\u00e9 ou d\u00e9sactiv\u00e9 par erreur ou suite \u00e0 une identification erron\u00e9e.<\/p>\n<\/li>\n<li data-section-id=\"7xvqso\" data-start=\"2639\" data-end=\"2724\">\n<p data-start=\"2642\" data-end=\"2724\">Vos nom, adresse postale, num\u00e9ro de t\u00e9l\u00e9phone et adresse \u00e9lectronique.<\/p>\n<\/li>\n<li data-section-id=\"bf5r1\" data-start=\"2725\" data-end=\"2874\">\n<p data-start=\"2728\" data-end=\"2874\">Une d\u00e9claration par laquelle vous acceptez la comp\u00e9tence des tribunaux comp\u00e9tents et par laquelle vous acceptez les notifications du demandeur initial ou de son mandataire.<\/p>\n<\/li>\n<\/ol>\n<p data-start=\"2876\" data-end=\"2960\">Les contre-notifications doivent \u00eatre envoy\u00e9es \u00e0 la m\u00eame adresse \u00e9lectronique de contact indiqu\u00e9e ci-dessus.<\/p>\n<h2 data-section-id=\"uoju75\" data-start=\"2962\" data-end=\"2980\">4. R\u00e9cidive<\/h2>\n<p data-start=\"2982\" data-end=\"3189\">RiskPayGo peut, \u00e0 sa seule discr\u00e9tion, suspendre ou annuler l'acc\u00e8s des utilisateurs consid\u00e9r\u00e9s comme des r\u00e9cidivistes ou qui violent de mani\u00e8re r\u00e9p\u00e9t\u00e9e les droits de propri\u00e9t\u00e9 intellectuelle de tiers.<\/p>\n<h2 data-section-id=\"1cckk5x\" data-start=\"3191\" data-end=\"3217\">5. Fausses d\u00e9clarations<\/h2>\n<p data-start=\"3219\" data-end=\"3423\">Quiconque soumet sciemment une fausse notification ou une contre-notification peut \u00eatre tenu responsable des dommages, des frais et des honoraires d'avocat en vertu de la loi applicable.<\/p>\n<h2 data-section-id=\"1vczbi1\" data-start=\"3425\" data-end=\"3450\">6. R\u00e9serve de droits<\/h2>\n<p data-start=\"3452\" data-end=\"3487\">RiskPayGo se r\u00e9serve le droit de\u00a0:<\/p>\n<ul data-start=\"3489\" data-end=\"3816\">\n<li data-section-id=\"4l7a33\" data-start=\"3489\" data-end=\"3548\">\n<p data-start=\"3491\" data-end=\"3548\">supprimer ou d\u00e9sactiver le contenu pr\u00e9tendument contrefait\u00a0;<\/p>\n<\/li>\n<li data-section-id=\"1e5xzkz\" data-start=\"3549\" data-end=\"3622\">\n<p data-start=\"3551\" data-end=\"3622\">demander des informations suppl\u00e9mentaires avant de donner suite \u00e0 une notification\u00a0;<\/p>\n<\/li>\n<li data-section-id=\"1qmo43k\" data-start=\"3623\" data-end=\"3700\">\n<p data-start=\"3625\" data-end=\"3700\">rejeter les notifications incompl\u00e8tes, abusives ou manifestement infond\u00e9es\u00a0;<\/p>\n<\/li>\n<li data-section-id=\"qimedg\" data-start=\"3701\" data-end=\"3816\">\n<p data-start=\"3703\" data-end=\"3816\">Prenez toutes les mesures suppl\u00e9mentaires que vous jugez appropri\u00e9es pour prot\u00e9ger vos droits, vos utilisateurs ou des tiers.<\/p>\n<\/li>\n<\/ul>\n<h2 data-section-id=\"sg49ub\" data-start=\"3818\" data-end=\"3832\">7. Contact<\/h2>\n<p data-start=\"3834\" data-end=\"3914\">Pour toute question relative \u00e0 cette politique DMCA, vous pouvez \u00e9crire \u00e0\u00a0:<\/p>\n<p data-start=\"3916\" data-end=\"3942\"><strong data-start=\"3916\" data-end=\"3942\"><a class=\"decorated-link cursor-pointer\" rel=\"noopener\" data-start=\"3918\" data-end=\"3940\">dnbpedregosa@gmail.com<\/a><\/strong><\/p>","protected":false},"excerpt":{"rendered":"<p>\u00daltima actualizaci\u00f3n: marzo de 2026 En RiskPayGo respetamos los derechos de propiedad intelectual de terceros y esperamos que nuestros usuarios [&hellip;]<\/p>\n","protected":false},"author":1,"featured_media":0,"parent":0,"menu_order":0,"comment_status":"closed","ping_status":"closed","template":"","meta":{"site-sidebar-layout":"default","site-content-layout":"","ast-site-content-layout":"default","site-content-style":"default","site-sidebar-style":"default","ast-global-header-display":"","ast-banner-title-visibility":"","ast-main-header-display":"","ast-hfb-above-header-display":"","ast-hfb-below-header-display":"","ast-hfb-mobile-header-display":"","site-post-title":"","ast-breadcrumbs-content":"","ast-featured-img":"","footer-sml-layout":"","ast-disable-related-posts":"","theme-transparent-header-meta":"default","adv-header-id-meta":"","stick-header-meta":"","header-above-stick-meta":"","header-main-stick-meta":"","header-below-stick-meta":"","astra-migrate-meta-layouts":"set","ast-page-background-enabled":"default","ast-page-background-meta":{"desktop":{"background-color":"var(--ast-global-color-5)","background-image":"","background-repeat":"repeat","background-position":"center center","background-size":"auto","background-attachment":"scroll","background-type":"","background-media":"","overlay-type":"","overlay-color":"","overlay-opacity":"","overlay-gradient":""},"tablet":{"background-color":"","background-image":"","background-repeat":"repeat","background-position":"center center","background-size":"auto","background-attachment":"scroll","background-type":"","background-media":"","overlay-type":"","overlay-color":"","overlay-opacity":"","overlay-gradient":""},"mobile":{"background-color":"","background-image":"","background-repeat":"repeat","background-position":"center center","background-size":"auto","background-attachment":"scroll","background-type":"","background-media":"","overlay-type":"","overlay-color":"","overlay-opacity":"","overlay-gradient":""}},"ast-content-background-meta":{"desktop":{"background-color":"var(--ast-global-color-4)","background-image":"","background-repeat":"repeat","background-position":"center center","background-size":"auto","background-attachment":"scroll","background-type":"","background-media":"","overlay-type":"","overlay-color":"","overlay-opacity":"","overlay-gradient":""},"tablet":{"background-color":"var(--ast-global-color-4)","background-image":"","background-repeat":"repeat","background-position":"center center","background-size":"auto","background-attachment":"scroll","background-type":"","background-media":"","overlay-type":"","overlay-color":"","overlay-opacity":"","overlay-gradient":""},"mobile":{"background-color":"var(--ast-global-color-4)","background-image":"","background-repeat":"repeat","background-position":"center center","background-size":"auto","background-attachment":"scroll","background-type":"","background-media":"","overlay-type":"","overlay-color":"","overlay-opacity":"","overlay-gradient":""}},"footnotes":""},"class_list":["post-314","page","type-page","status-publish","hentry"],"_links":{"self":[{"href":"https:\/\/riskpaygo.com\/fr\/wp-json\/wp\/v2\/pages\/314","targetHints":{"allow":["GET"]}}],"collection":[{"href":"https:\/\/riskpaygo.com\/fr\/wp-json\/wp\/v2\/pages"}],"about":[{"href":"https:\/\/riskpaygo.com\/fr\/wp-json\/wp\/v2\/types\/page"}],"author":[{"embeddable":true,"href":"https:\/\/riskpaygo.com\/fr\/wp-json\/wp\/v2\/users\/1"}],"replies":[{"embeddable":true,"href":"https:\/\/riskpaygo.com\/fr\/wp-json\/wp\/v2\/comments?post=314"}],"version-history":[{"count":0,"href":"https:\/\/riskpaygo.com\/fr\/wp-json\/wp\/v2\/pages\/314\/revisions"}],"wp:attachment":[{"href":"https:\/\/riskpaygo.com\/fr\/wp-json\/wp\/v2\/media?parent=314"}],"curies":[{"name":"wp","href":"https:\/\/api.w.org\/{rel}","templated":true}]}}