{"id":139,"date":"2025-11-16T01:23:47","date_gmt":"2025-11-16T00:23:47","guid":{"rendered":"https:\/\/riskpaygo.com\/?page_id=139"},"modified":"2026-03-13T14:21:56","modified_gmt":"2026-03-13T13:21:56","slug":"politique-de-confidentialite","status":"publish","type":"page","link":"https:\/\/riskpaygo.com\/fr\/politique-de-confidentialite\/","title":{"rendered":"politique de confidentialit\u00e9"},"content":{"rendered":"<p>La pr\u00e9sente Politique de confidentialit\u00e9 d\u00e9finit les conditions dans lesquelles RiesgoPayGp USA prot\u00e8ge les informations fournies par ses utilisateurs lors de l'utilisation de son site web. Cette soci\u00e9t\u00e9 s'engage \u00e0 assurer la s\u00e9curit\u00e9 des donn\u00e9es de ses utilisateurs. Lorsque nous vous demandons de remplir des champs d'informations personnelles permettant de vous identifier, nous vous assurons que ces informations seront utilis\u00e9es uniquement conform\u00e9ment aux termes du pr\u00e9sent document. Toutefois, cette Politique de confidentialit\u00e9 peut \u00eatre modifi\u00e9e ou mise \u00e0 jour. Nous vous recommandons donc de consulter r\u00e9guli\u00e8rement cette page afin de prendre connaissance des \u00e9ventuelles modifications.<\/p>\n<h2>Informations reconnues<\/h2>\n<p>Notre site web peut recueillir des informations personnelles telles que votre nom, vos coordonn\u00e9es (notamment votre adresse courriel) et des donn\u00e9es d\u00e9mographiques. De m\u00eame, nous pouvons vous demander des informations sp\u00e9cifiques lorsque cela est n\u00e9cessaire pour traiter une commande, effectuer une livraison ou \u00e9mettre une facture.<\/p>\n<h2>Utilisation d'informations reconnues<\/h2>\n<p>Notre site web utilise vos informations pour vous offrir le meilleur service possible, notamment pour g\u00e9rer votre historique utilisateur, traiter vos commandes (le cas \u00e9ch\u00e9ant) et am\u00e9liorer nos produits et services. Vous pourrez recevoir p\u00e9riodiquement des courriels de notre site contenant des offres sp\u00e9ciales, des informations sur nos nouveaux produits et d'autres actualit\u00e9s que nous jugeons susceptibles de vous int\u00e9resser. Ces courriels seront envoy\u00e9s \u00e0 l'adresse que vous nous avez communiqu\u00e9e et vous pouvez vous d\u00e9sabonner \u00e0 tout moment.<\/p>\n<p>RiesgoPayGp s'engage pleinement \u00e0 assurer la s\u00e9curit\u00e9 de vos informations. Nous utilisons des syst\u00e8mes de pointe, constamment mis \u00e0 jour, afin de garantir l'absence d'acc\u00e8s non autoris\u00e9.<\/p>\n<h2>Cookies<\/h2>\n<p>Un cookie est un fichier envoy\u00e9 \u00e0 votre ordinateur pour vous demander l'autorisation d'y \u00eatre stock\u00e9. Une fois que vous l'acceptez, le fichier est cr\u00e9\u00e9 et utilis\u00e9 pour recueillir des informations sur le trafic web et faciliter vos prochaines visites sur un site. Les cookies permettent \u00e9galement aux sites web de vous reconna\u00eetre individuellement et ainsi de vous offrir un service plus performant et personnalis\u00e9.<\/p>\n<p>Notre site web utilise des cookies pour identifier les pages visit\u00e9es et leur fr\u00e9quence de consultation. Ces informations sont utilis\u00e9es exclusivement \u00e0 des fins d'analyse statistique et sont ensuite supprim\u00e9es d\u00e9finitivement. Vous pouvez supprimer les cookies de votre ordinateur \u00e0 tout moment. Bien que les cookies contribuent \u00e0 am\u00e9liorer votre exp\u00e9rience de navigation, ils ne nous donnent aucun acc\u00e8s \u00e0 votre ordinateur ni \u00e0 vos informations personnelles, sauf si vous choisissez de nous les fournir directement. Vous pouvez accepter ou refuser l'utilisation des cookies\u00a0; cependant, la plupart des navigateurs les acceptent automatiquement pour optimiser votre navigation. Vous pouvez \u00e9galement modifier les param\u00e8tres de votre navigateur pour bloquer les cookies. Si vous les refusez, certains de nos services pourraient ne pas \u00eatre disponibles.<\/p>\n<h2>Lien vers un tiers<\/h2>\n<p>Ce site web peut contenir des liens vers d'autres sites susceptibles de vous int\u00e9resser. Lorsque vous cliquez sur ces liens et quittez notre site, nous n'avons plus aucun contr\u00f4le sur le site vers lequel vous \u00eates redirig\u00e9 et ne sommes donc pas responsables des conditions d'utilisation, des politiques de confidentialit\u00e9 ni des pratiques de protection des donn\u00e9es de ces sites tiers. Ces sites sont soumis \u00e0 leurs propres politiques de confidentialit\u00e9\u00a0; nous vous recommandons de les consulter afin de vous assurer qu'elles vous conviennent.<\/p>\n<h2>Contr\u00f4le de vos informations personnelles<\/h2>\n<p>Vous pouvez \u00e0 tout moment limiter la collecte ou l'utilisation de vos informations personnelles fournies sur notre site web. Lorsque vous remplissez un formulaire, comme un formulaire d'inscription, vous pouvez cocher ou d\u00e9cocher l'option permettant de recevoir des informations par courriel. Si vous avez choisi de recevoir notre infolettre ou nos publicit\u00e9s, vous pouvez vous d\u00e9sabonner \u00e0 tout moment.<\/p>\n<p>Cette soci\u00e9t\u00e9 ne vendra, ne transf\u00e9rera ni ne distribuera les renseignements personnels recueillis sans votre consentement, sauf si un juge l\u2019exige par ordonnance du tribunal.<\/p>\n<p>RiskPayGo se r\u00e9serve le droit de modifier les termes de cette politique de confidentialit\u00e9 \u00e0 tout moment.<\/p>","protected":false},"excerpt":{"rendered":"<p>El presente Pol\u00edtica de Privacidad establece los t\u00e9rminos en que RiesgoPayGp estados Unidos y proteger la informaci\u00f3n que es proporcionada [&hellip;]<\/p>\n","protected":false},"author":1,"featured_media":0,"parent":0,"menu_order":0,"comment_status":"closed","ping_status":"closed","template":"","meta":{"site-sidebar-layout":"default","site-content-layout":"","ast-site-content-layout":"default","site-content-style":"default","site-sidebar-style":"default","ast-global-header-display":"","ast-banner-title-visibility":"","ast-main-header-display":"","ast-hfb-above-header-display":"","ast-hfb-below-header-display":"","ast-hfb-mobile-header-display":"","site-post-title":"","ast-breadcrumbs-content":"","ast-featured-img":"","footer-sml-layout":"","ast-disable-related-posts":"","theme-transparent-header-meta":"default","adv-header-id-meta":"","stick-header-meta":"","header-above-stick-meta":"","header-main-stick-meta":"","header-below-stick-meta":"","astra-migrate-meta-layouts":"set","ast-page-background-enabled":"default","ast-page-background-meta":{"desktop":{"background-color":"var(--ast-global-color-5)","background-image":"","background-repeat":"repeat","background-position":"center center","background-size":"auto","background-attachment":"scroll","background-type":"","background-media":"","overlay-type":"","overlay-color":"","overlay-opacity":"","overlay-gradient":""},"tablet":{"background-color":"","background-image":"","background-repeat":"repeat","background-position":"center center","background-size":"auto","background-attachment":"scroll","background-type":"","background-media":"","overlay-type":"","overlay-color":"","overlay-opacity":"","overlay-gradient":""},"mobile":{"background-color":"","background-image":"","background-repeat":"repeat","background-position":"center center","background-size":"auto","background-attachment":"scroll","background-type":"","background-media":"","overlay-type":"","overlay-color":"","overlay-opacity":"","overlay-gradient":""}},"ast-content-background-meta":{"desktop":{"background-color":"var(--ast-global-color-4)","background-image":"","background-repeat":"repeat","background-position":"center center","background-size":"auto","background-attachment":"scroll","background-type":"","background-media":"","overlay-type":"","overlay-color":"","overlay-opacity":"","overlay-gradient":""},"tablet":{"background-color":"var(--ast-global-color-4)","background-image":"","background-repeat":"repeat","background-position":"center center","background-size":"auto","background-attachment":"scroll","background-type":"","background-media":"","overlay-type":"","overlay-color":"","overlay-opacity":"","overlay-gradient":""},"mobile":{"background-color":"var(--ast-global-color-4)","background-image":"","background-repeat":"repeat","background-position":"center center","background-size":"auto","background-attachment":"scroll","background-type":"","background-media":"","overlay-type":"","overlay-color":"","overlay-opacity":"","overlay-gradient":""}},"footnotes":""},"class_list":["post-139","page","type-page","status-publish","hentry"],"_links":{"self":[{"href":"https:\/\/riskpaygo.com\/fr\/wp-json\/wp\/v2\/pages\/139","targetHints":{"allow":["GET"]}}],"collection":[{"href":"https:\/\/riskpaygo.com\/fr\/wp-json\/wp\/v2\/pages"}],"about":[{"href":"https:\/\/riskpaygo.com\/fr\/wp-json\/wp\/v2\/types\/page"}],"author":[{"embeddable":true,"href":"https:\/\/riskpaygo.com\/fr\/wp-json\/wp\/v2\/users\/1"}],"replies":[{"embeddable":true,"href":"https:\/\/riskpaygo.com\/fr\/wp-json\/wp\/v2\/comments?post=139"}],"version-history":[{"count":0,"href":"https:\/\/riskpaygo.com\/fr\/wp-json\/wp\/v2\/pages\/139\/revisions"}],"wp:attachment":[{"href":"https:\/\/riskpaygo.com\/fr\/wp-json\/wp\/v2\/media?parent=139"}],"curies":[{"name":"wp","href":"https:\/\/api.w.org\/{rel}","templated":true}]}}