{"id":314,"date":"2026-03-13T14:21:22","date_gmt":"2026-03-13T13:21:22","guid":{"rendered":"https:\/\/riskpaygo.com\/?page_id=314"},"modified":"2026-03-13T14:21:22","modified_gmt":"2026-03-13T13:21:22","slug":"dmca-richtlinie","status":"publish","type":"page","link":"https:\/\/riskpaygo.com\/de\/dmca-richtlinie\/","title":{"rendered":"DMCA-Richtlinie"},"content":{"rendered":"<p data-start=\"123\" data-end=\"162\"><strong data-start=\"123\" data-end=\"162\">Letzte Aktualisierung: M\u00e4rz 2026<\/strong><\/p>\n<p data-start=\"164\" data-end=\"500\">Bei RiskPayGo respektieren wir die Rechte am geistigen Eigentum anderer und erwarten dies auch von unseren Nutzern. Sollten Sie der Ansicht sein, dass Inhalte auf unserer Website oder in unseren Diensten Ihr Urheberrecht verletzen, k\u00f6nnen Sie uns dies gem\u00e4\u00df den geltenden Bestimmungen mitteilen. <strong data-start=\"456\" data-end=\"499\">Digital Millennium Copyright Act (DMCA)<\/strong>.<\/p>\n<h2 data-section-id=\"1qqn4r1\" data-start=\"502\" data-end=\"557\">1. Mitteilungen \u00fcber Urheberrechtsverletzungen<\/h2>\n<p data-start=\"559\" data-end=\"806\">Wenn Sie Inhaber eines Urheberrechts sind oder befugt sind, in dessen Namen zu handeln, und in gutem Glauben der Ansicht sind, dass Inhalte auf RiskPayGo Ihre Rechte verletzen, k\u00f6nnen Sie eine schriftliche Mitteilung mit folgenden Informationen einreichen:<\/p>\n<ol data-start=\"808\" data-end=\"1721\">\n<li data-section-id=\"1uf9f9o\" data-start=\"808\" data-end=\"926\">\n<p data-start=\"811\" data-end=\"926\">Eine physische oder elektronische Unterschrift der Person, die befugt ist, im Namen des Urheberrechtsinhabers zu handeln.<\/p>\n<\/li>\n<li data-section-id=\"qlgw1k\" data-start=\"927\" data-end=\"1016\">\n<p data-start=\"930\" data-end=\"1016\">Identifizierung des gesch\u00fctzten Werkes, dessen Rechte angeblich verletzt wurden.<\/p>\n<\/li>\n<li data-section-id=\"18nfmxn\" data-start=\"1017\" data-end=\"1206\">\n<p data-start=\"1020\" data-end=\"1206\">Identifizierung des mutma\u00dflich rechtsverletzenden Materials oder der mutma\u00dflich rechtsverletzenden Aktivit\u00e4t sowie Informationen, die in angemessener Weise ausreichen, um uns das Auffinden dieses Materials zu erm\u00f6glichen.<\/p>\n<\/li>\n<li data-section-id=\"2bt64m\" data-start=\"1207\" data-end=\"1347\">\n<p data-start=\"1210\" data-end=\"1347\">Ihre Kontaktdaten, einschlie\u00dflich vollst\u00e4ndigem Namen, gegebenenfalls Postanschrift, Telefonnummer und E-Mail-Adresse.<\/p>\n<\/li>\n<li data-section-id=\"11ltf7p\" data-start=\"1348\" data-end=\"1503\">\n<p data-start=\"1351\" data-end=\"1503\">Eine Erkl\u00e4rung, dass Sie nach bestem Wissen und Gewissen davon \u00fcberzeugt sind, dass die Verwendung des betreffenden Materials weder vom Rechteinhaber noch von dessen Vertreter oder dem Gesetz genehmigt ist.<\/p>\n<\/li>\n<li data-section-id=\"1dl6xx1\" data-start=\"1504\" data-end=\"1721\">\n<p data-start=\"1507\" data-end=\"1721\">Eine Erkl\u00e4rung, dass die in der Benachrichtigung enthaltenen Informationen richtig sind und dass Sie unter Androhung von Strafverfolgung wegen Meineids befugt sind, im Namen des Inhabers des angeblich verletzten Urheberrechts zu handeln.<\/p>\n<\/li>\n<\/ol>\n<h2 data-section-id=\"1u8nwbk\" data-start=\"1723\" data-end=\"1757\">2. Versenden von DMCA-Benachrichtigungen<\/h2>\n<p data-start=\"1759\" data-end=\"1809\">Verst\u00f6\u00dfe sind an folgende Adresse zu senden:<\/p>\n<p data-start=\"1811\" data-end=\"1857\"><strong data-start=\"1811\" data-end=\"1834\">E-Mail:<\/strong> <a class=\"decorated-link cursor-pointer\" rel=\"noopener\" data-start=\"1835\" data-end=\"1857\">dnbpedregosa@gmail.com<\/a><\/p>\n<p data-start=\"1859\" data-end=\"2070\">RiskPayGo pr\u00fcft Meldungen, die im Wesentlichen den geltenden rechtlichen Anforderungen entsprechen, und kann den Zugriff auf mutma\u00dflich rechtsverletzendes Material entfernen oder sperren, wenn es dies f\u00fcr angemessen h\u00e4lt.<\/p>\n<h2 data-section-id=\"y82sb\" data-start=\"2072\" data-end=\"2096\">3. Gegendarstellung<\/h2>\n<p data-start=\"2098\" data-end=\"2271\">Wenn Sie der Ansicht sind, dass das entfernte oder deaktivierte Material irrt\u00fcmlich oder aufgrund einer falschen Identifizierung entfernt wurde, k\u00f6nnen Sie eine schriftliche Gegendarstellung einreichen, die Folgendes enth\u00e4lt:<\/p>\n<ol data-start=\"2273\" data-end=\"2874\">\n<li data-section-id=\"78ufc0\" data-start=\"2273\" data-end=\"2306\">\n<p data-start=\"2276\" data-end=\"2306\">Ihre physische oder elektronische Unterschrift.<\/p>\n<\/li>\n<li data-section-id=\"mv4m2l\" data-start=\"2307\" data-end=\"2460\">\n<p data-start=\"2310\" data-end=\"2460\">Identifizierung des Materials, das entfernt oder dessen Zugriff gesperrt wurde, und des Ortes, an dem es sich vor der Entfernung oder Sperrung befand.<\/p>\n<\/li>\n<li data-section-id=\"1v8h8mj\" data-start=\"2461\" data-end=\"2638\">\n<p data-start=\"2464\" data-end=\"2638\">Eine eidesstattliche Erkl\u00e4rung, dass Sie in gutem Glauben davon \u00fcberzeugt sind, dass das Material aufgrund eines Fehlers oder einer falschen Identifizierung entfernt oder deaktiviert wurde.<\/p>\n<\/li>\n<li data-section-id=\"7xvqso\" data-start=\"2639\" data-end=\"2724\">\n<p data-start=\"2642\" data-end=\"2724\">Ihr Name, Ihre Postanschrift, Ihre Telefonnummer und Ihre E-Mail-Adresse.<\/p>\n<\/li>\n<li data-section-id=\"bf5r1\" data-start=\"2725\" data-end=\"2874\">\n<p data-start=\"2728\" data-end=\"2874\">Eine Erkl\u00e4rung, dass Sie die Zust\u00e4ndigkeit der zust\u00e4ndigen Gerichte anerkennen und dass Sie Benachrichtigungen des urspr\u00fcnglichen Kl\u00e4gers oder seines Vertreters entgegennehmen werden.<\/p>\n<\/li>\n<\/ol>\n<p data-start=\"2876\" data-end=\"2960\">Gegendarstellungen sollten an die oben angegebene E-Mail-Adresse gesendet werden.<\/p>\n<h2 data-section-id=\"uoju75\" data-start=\"2962\" data-end=\"2980\">4. R\u00fcckfall<\/h2>\n<p data-start=\"2982\" data-end=\"3189\">RiskPayGo kann nach eigenem Ermessen den Zugang von Nutzern sperren oder k\u00fcndigen, die als Wiederholungst\u00e4ter gelten oder die wiederholt die Rechte an geistigem Eigentum Dritter verletzen.<\/p>\n<h2 data-section-id=\"1cckk5x\" data-start=\"3191\" data-end=\"3217\">5. Falsche Aussagen<\/h2>\n<p data-start=\"3219\" data-end=\"3423\">Wer wissentlich eine falsche Mitteilung oder Gegendarstellung einreicht, kann nach geltendem Recht f\u00fcr Sch\u00e4den, Kosten und Anwaltsgeb\u00fchren haftbar gemacht werden.<\/p>\n<h2 data-section-id=\"1vczbi1\" data-start=\"3425\" data-end=\"3450\">6. Rechtevorbehalt<\/h2>\n<p data-start=\"3452\" data-end=\"3487\">RiskPayGo beh\u00e4lt sich das Recht vor:<\/p>\n<ul data-start=\"3489\" data-end=\"3816\">\n<li data-section-id=\"4l7a33\" data-start=\"3489\" data-end=\"3548\">\n<p data-start=\"3491\" data-end=\"3548\">mutma\u00dflich rechtsverletzende Inhalte entfernen oder deaktivieren;<\/p>\n<\/li>\n<li data-section-id=\"1e5xzkz\" data-start=\"3549\" data-end=\"3622\">\n<p data-start=\"3551\" data-end=\"3622\">Bitte fordern Sie zus\u00e4tzliche Informationen an, bevor Sie auf eine Benachrichtigung reagieren;<\/p>\n<\/li>\n<li data-section-id=\"1qmo43k\" data-start=\"3623\" data-end=\"3700\">\n<p data-start=\"3625\" data-end=\"3700\">Unvollst\u00e4ndige, missbr\u00e4uchliche oder offensichtlich unbegr\u00fcndete Meldungen werden zur\u00fcckgewiesen;<\/p>\n<\/li>\n<li data-section-id=\"qimedg\" data-start=\"3701\" data-end=\"3816\">\n<p data-start=\"3703\" data-end=\"3816\">Ergreifen Sie alle zus\u00e4tzlichen Ma\u00dfnahmen, die Sie zum Schutz Ihrer Rechte, Ihrer Nutzer oder Dritter f\u00fcr angemessen halten.<\/p>\n<\/li>\n<\/ul>\n<h2 data-section-id=\"sg49ub\" data-start=\"3818\" data-end=\"3832\">7. Kontakt<\/h2>\n<p data-start=\"3834\" data-end=\"3914\">Bei Fragen zu dieser DMCA-Richtlinie k\u00f6nnen Sie sich schriftlich an folgende Adresse wenden:<\/p>\n<p data-start=\"3916\" data-end=\"3942\"><strong data-start=\"3916\" data-end=\"3942\"><a class=\"decorated-link cursor-pointer\" rel=\"noopener\" data-start=\"3918\" data-end=\"3940\">dnbpedregosa@gmail.com<\/a><\/strong><\/p>","protected":false},"excerpt":{"rendered":"<p>\u00daltima actualizaci\u00f3n: marzo de 2026 En RiskPayGo respetamos los derechos de propiedad intelectual de terceros y esperamos que nuestros usuarios [&hellip;]<\/p>\n","protected":false},"author":1,"featured_media":0,"parent":0,"menu_order":0,"comment_status":"closed","ping_status":"closed","template":"","meta":{"site-sidebar-layout":"default","site-content-layout":"","ast-site-content-layout":"default","site-content-style":"default","site-sidebar-style":"default","ast-global-header-display":"","ast-banner-title-visibility":"","ast-main-header-display":"","ast-hfb-above-header-display":"","ast-hfb-below-header-display":"","ast-hfb-mobile-header-display":"","site-post-title":"","ast-breadcrumbs-content":"","ast-featured-img":"","footer-sml-layout":"","ast-disable-related-posts":"","theme-transparent-header-meta":"default","adv-header-id-meta":"","stick-header-meta":"","header-above-stick-meta":"","header-main-stick-meta":"","header-below-stick-meta":"","astra-migrate-meta-layouts":"set","ast-page-background-enabled":"default","ast-page-background-meta":{"desktop":{"background-color":"var(--ast-global-color-5)","background-image":"","background-repeat":"repeat","background-position":"center center","background-size":"auto","background-attachment":"scroll","background-type":"","background-media":"","overlay-type":"","overlay-color":"","overlay-opacity":"","overlay-gradient":""},"tablet":{"background-color":"","background-image":"","background-repeat":"repeat","background-position":"center center","background-size":"auto","background-attachment":"scroll","background-type":"","background-media":"","overlay-type":"","overlay-color":"","overlay-opacity":"","overlay-gradient":""},"mobile":{"background-color":"","background-image":"","background-repeat":"repeat","background-position":"center center","background-size":"auto","background-attachment":"scroll","background-type":"","background-media":"","overlay-type":"","overlay-color":"","overlay-opacity":"","overlay-gradient":""}},"ast-content-background-meta":{"desktop":{"background-color":"var(--ast-global-color-4)","background-image":"","background-repeat":"repeat","background-position":"center center","background-size":"auto","background-attachment":"scroll","background-type":"","background-media":"","overlay-type":"","overlay-color":"","overlay-opacity":"","overlay-gradient":""},"tablet":{"background-color":"var(--ast-global-color-4)","background-image":"","background-repeat":"repeat","background-position":"center center","background-size":"auto","background-attachment":"scroll","background-type":"","background-media":"","overlay-type":"","overlay-color":"","overlay-opacity":"","overlay-gradient":""},"mobile":{"background-color":"var(--ast-global-color-4)","background-image":"","background-repeat":"repeat","background-position":"center center","background-size":"auto","background-attachment":"scroll","background-type":"","background-media":"","overlay-type":"","overlay-color":"","overlay-opacity":"","overlay-gradient":""}},"footnotes":""},"class_list":["post-314","page","type-page","status-publish","hentry"],"_links":{"self":[{"href":"https:\/\/riskpaygo.com\/de\/wp-json\/wp\/v2\/pages\/314","targetHints":{"allow":["GET"]}}],"collection":[{"href":"https:\/\/riskpaygo.com\/de\/wp-json\/wp\/v2\/pages"}],"about":[{"href":"https:\/\/riskpaygo.com\/de\/wp-json\/wp\/v2\/types\/page"}],"author":[{"embeddable":true,"href":"https:\/\/riskpaygo.com\/de\/wp-json\/wp\/v2\/users\/1"}],"replies":[{"embeddable":true,"href":"https:\/\/riskpaygo.com\/de\/wp-json\/wp\/v2\/comments?post=314"}],"version-history":[{"count":0,"href":"https:\/\/riskpaygo.com\/de\/wp-json\/wp\/v2\/pages\/314\/revisions"}],"wp:attachment":[{"href":"https:\/\/riskpaygo.com\/de\/wp-json\/wp\/v2\/media?parent=314"}],"curies":[{"name":"wp","href":"https:\/\/api.w.org\/{rel}","templated":true}]}}