{"id":139,"date":"2025-11-16T01:23:47","date_gmt":"2025-11-16T00:23:47","guid":{"rendered":"https:\/\/riskpaygo.com\/?page_id=139"},"modified":"2026-03-13T14:21:56","modified_gmt":"2026-03-13T13:21:56","slug":"datenschutzrichtlinie","status":"publish","type":"page","link":"https:\/\/riskpaygo.com\/de\/datenschutzrichtlinie\/","title":{"rendered":"Datenschutzrichtlinie"},"content":{"rendered":"<p>Diese Datenschutzrichtlinie legt fest, unter welchen Bedingungen RiesgoPayGp USA die von Nutzern bei der Nutzung seiner Website angegebenen Informationen sch\u00fctzt. Das Unternehmen verpflichtet sich zum Schutz der Daten seiner Nutzer. Wenn wir Sie bitten, Felder mit pers\u00f6nlichen Informationen auszuf\u00fcllen, die Sie identifizieren k\u00f6nnen, versichern wir Ihnen, dass diese Informationen ausschlie\u00dflich gem\u00e4\u00df den Bestimmungen dieses Dokuments verwendet werden. Da sich diese Datenschutzrichtlinie jedoch im Laufe der Zeit \u00e4ndern oder aktualisiert werden kann, empfehlen wir Ihnen dringend, diese Seite regelm\u00e4\u00dfig zu \u00fcberpr\u00fcfen, um sicherzustellen, dass Sie mit etwaigen \u00c4nderungen einverstanden sind.<\/p>\n<h2>Informationen, die anerkannt werden<\/h2>\n<p>Unsere Website kann personenbezogene Daten wie Ihren Namen, Ihre Kontaktdaten (z. B. Ihre E-Mail-Adresse) und demografische Informationen erfassen. Ebenso k\u00f6nnen wir bestimmte Informationen anfordern, wenn dies zur Bearbeitung einer Bestellung, zur Durchf\u00fchrung einer Lieferung oder zur Ausstellung einer Rechnung erforderlich ist.<\/p>\n<h2>Nutzung anerkannter Informationen<\/h2>\n<p>Unsere Website nutzt Ihre Daten, um Ihnen den bestm\u00f6glichen Service zu bieten, insbesondere zur Pflege Ihrer Benutzerdaten, zur Bearbeitung von Bestellungen (sofern zutreffend) und zur Verbesserung unserer Produkte und Dienstleistungen. Sie erhalten regelm\u00e4\u00dfig E-Mails von uns mit Sonderangeboten, Produktneuheiten und anderen Informationen, die f\u00fcr Sie relevant oder n\u00fctzlich sein k\u00f6nnten. Diese E-Mails werden an die von Ihnen angegebene Adresse gesendet. Sie k\u00f6nnen sich jederzeit abmelden.<\/p>\n<p>RiesgoPayGp legt gr\u00f6\u00dften Wert auf die Sicherheit Ihrer Daten. Wir verwenden modernste und st\u00e4ndig aktualisierte Systeme, um unbefugten Zugriff zu verhindern.<\/p>\n<h2>Cookies<\/h2>\n<p>Ein Cookie ist eine Datei, die an Ihren Computer gesendet wird und um Erlaubnis bittet, dort gespeichert zu werden. Sobald Sie zustimmen, wird die Datei erstellt und verwendet, um Informationen \u00fcber den Webverkehr zu sammeln und zuk\u00fcnftige Besuche einer Website zu erleichtern. Eine weitere Funktion von Cookies besteht darin, dass sie es Websites erm\u00f6glichen, Sie individuell zu erkennen und Ihnen somit einen besseren, personalisierten Service zu bieten.<\/p>\n<p>Unsere Website verwendet Cookies, um zu erkennen, welche Seiten wie oft besucht werden. Diese Informationen dienen ausschlie\u00dflich statistischen Auswertungen und werden anschlie\u00dfend gel\u00f6scht. Sie k\u00f6nnen Cookies jederzeit von Ihrem Computer l\u00f6schen. Cookies tragen zwar zu einem besseren Website-Erlebnis bei, erm\u00f6glichen uns aber keinen Zugriff auf Ihren Computer oder Ihre pers\u00f6nlichen Daten, es sei denn, Sie geben diese explizit an. Sie k\u00f6nnen die Verwendung von Cookies akzeptieren oder ablehnen. Die meisten Browser akzeptieren Cookies jedoch automatisch, um Ihr Surferlebnis zu verbessern. Sie k\u00f6nnen Ihre Browsereinstellungen auch so \u00e4ndern, dass Cookies blockiert werden. Wenn Sie Cookies ablehnen, k\u00f6nnen Sie m\u00f6glicherweise einige unserer Dienste nicht nutzen.<\/p>\n<h2>Link zu einem Drittanbieter<\/h2>\n<p>Diese Website kann Links zu anderen Websites enthalten, die f\u00fcr Sie von Interesse sein k\u00f6nnten. Sobald Sie auf diese Links klicken und unsere Website verlassen, haben wir keine Kontrolle mehr \u00fcber die Website, zu der Sie weitergeleitet werden, und sind daher nicht f\u00fcr die Nutzungsbedingungen, Datenschutzrichtlinien oder Datenschutzpraktiken dieser Drittanbieter-Websites verantwortlich. Diese Websites unterliegen ihren eigenen Datenschutzrichtlinien, die Sie sich bitte durchlesen sollten, um sicherzustellen, dass Sie ihnen zustimmen.<\/p>\n<h2>Kontrolle \u00fcber Ihre pers\u00f6nlichen Daten<\/h2>\n<p>Sie k\u00f6nnen die Erfassung und Nutzung Ihrer auf unserer Website angegebenen personenbezogenen Daten jederzeit einschr\u00e4nken. Wenn Sie ein Formular ausf\u00fcllen, beispielsweise ein Benutzerregistrierungsformular, k\u00f6nnen Sie die Option zum Erhalt von Informationen per E-Mail aktivieren oder deaktivieren. Falls Sie unseren Newsletter oder Werbung abonniert haben, k\u00f6nnen Sie sich jederzeit wieder abmelden.<\/p>\n<p>Dieses Unternehmen wird die gesammelten personenbezogenen Daten ohne Ihre Zustimmung weder verkaufen, weitergeben noch verbreiten, es sei denn, dies ist durch eine gerichtliche Anordnung vorgeschrieben.<\/p>\n<p>RiskPayGo beh\u00e4lt sich das Recht vor, die Bestimmungen dieser Datenschutzrichtlinie jederzeit zu \u00e4ndern.<\/p>","protected":false},"excerpt":{"rendered":"<p>El presente Pol\u00edtica de Privacidad establece los t\u00e9rminos en que RiesgoPayGp estados Unidos y proteger la informaci\u00f3n que es proporcionada [&hellip;]<\/p>\n","protected":false},"author":1,"featured_media":0,"parent":0,"menu_order":0,"comment_status":"closed","ping_status":"closed","template":"","meta":{"site-sidebar-layout":"default","site-content-layout":"","ast-site-content-layout":"default","site-content-style":"default","site-sidebar-style":"default","ast-global-header-display":"","ast-banner-title-visibility":"","ast-main-header-display":"","ast-hfb-above-header-display":"","ast-hfb-below-header-display":"","ast-hfb-mobile-header-display":"","site-post-title":"","ast-breadcrumbs-content":"","ast-featured-img":"","footer-sml-layout":"","ast-disable-related-posts":"","theme-transparent-header-meta":"default","adv-header-id-meta":"","stick-header-meta":"","header-above-stick-meta":"","header-main-stick-meta":"","header-below-stick-meta":"","astra-migrate-meta-layouts":"set","ast-page-background-enabled":"default","ast-page-background-meta":{"desktop":{"background-color":"var(--ast-global-color-5)","background-image":"","background-repeat":"repeat","background-position":"center center","background-size":"auto","background-attachment":"scroll","background-type":"","background-media":"","overlay-type":"","overlay-color":"","overlay-opacity":"","overlay-gradient":""},"tablet":{"background-color":"","background-image":"","background-repeat":"repeat","background-position":"center center","background-size":"auto","background-attachment":"scroll","background-type":"","background-media":"","overlay-type":"","overlay-color":"","overlay-opacity":"","overlay-gradient":""},"mobile":{"background-color":"","background-image":"","background-repeat":"repeat","background-position":"center center","background-size":"auto","background-attachment":"scroll","background-type":"","background-media":"","overlay-type":"","overlay-color":"","overlay-opacity":"","overlay-gradient":""}},"ast-content-background-meta":{"desktop":{"background-color":"var(--ast-global-color-4)","background-image":"","background-repeat":"repeat","background-position":"center center","background-size":"auto","background-attachment":"scroll","background-type":"","background-media":"","overlay-type":"","overlay-color":"","overlay-opacity":"","overlay-gradient":""},"tablet":{"background-color":"var(--ast-global-color-4)","background-image":"","background-repeat":"repeat","background-position":"center center","background-size":"auto","background-attachment":"scroll","background-type":"","background-media":"","overlay-type":"","overlay-color":"","overlay-opacity":"","overlay-gradient":""},"mobile":{"background-color":"var(--ast-global-color-4)","background-image":"","background-repeat":"repeat","background-position":"center center","background-size":"auto","background-attachment":"scroll","background-type":"","background-media":"","overlay-type":"","overlay-color":"","overlay-opacity":"","overlay-gradient":""}},"footnotes":""},"class_list":["post-139","page","type-page","status-publish","hentry"],"_links":{"self":[{"href":"https:\/\/riskpaygo.com\/de\/wp-json\/wp\/v2\/pages\/139","targetHints":{"allow":["GET"]}}],"collection":[{"href":"https:\/\/riskpaygo.com\/de\/wp-json\/wp\/v2\/pages"}],"about":[{"href":"https:\/\/riskpaygo.com\/de\/wp-json\/wp\/v2\/types\/page"}],"author":[{"embeddable":true,"href":"https:\/\/riskpaygo.com\/de\/wp-json\/wp\/v2\/users\/1"}],"replies":[{"embeddable":true,"href":"https:\/\/riskpaygo.com\/de\/wp-json\/wp\/v2\/comments?post=139"}],"version-history":[{"count":0,"href":"https:\/\/riskpaygo.com\/de\/wp-json\/wp\/v2\/pages\/139\/revisions"}],"wp:attachment":[{"href":"https:\/\/riskpaygo.com\/de\/wp-json\/wp\/v2\/media?parent=139"}],"curies":[{"name":"wp","href":"https:\/\/api.w.org\/{rel}","templated":true}]}}