{"id":452,"date":"2026-04-05T23:55:53","date_gmt":"2026-04-05T21:55:53","guid":{"rendered":"https:\/\/riskpaygo.com\/?page_id=452"},"modified":"2026-04-06T00:46:13","modified_gmt":"2026-04-05T22:46:13","slug":"sobre-nosotros","status":"publish","type":"page","link":"https:\/\/riskpaygo.com\/ca\/sobre-nosotros\/","title":{"rendered":"Sobre nosaltres"},"content":{"rendered":"<div data-elementor-type=\"wp-page\" data-elementor-id=\"452\" class=\"elementor elementor-452\" data-elementor-post-type=\"page\">\n\t\t\t\t\t\t<section class=\"elementor-section elementor-top-section elementor-element elementor-element-4a7c979 elementor-section-stretched elementor-section-boxed elementor-section-height-default elementor-section-height-default\" data-id=\"4a7c979\" data-element_type=\"section\" data-e-type=\"section\" data-settings=\"{&quot;stretch_section&quot;:&quot;section-stretched&quot;,&quot;background_background&quot;:&quot;gradient&quot;}\">\n\t\t\t\t\t\t<div class=\"elementor-container elementor-column-gap-default\">\n\t\t\t\t\t<div class=\"elementor-column elementor-col-50 elementor-top-column elementor-element elementor-element-69e65cc\" data-id=\"69e65cc\" data-element_type=\"column\" data-e-type=\"column\">\n\t\t\t<div class=\"elementor-widget-wrap elementor-element-populated\">\n\t\t\t\t\t\t<div class=\"elementor-element elementor-element-f477c4a elementor-widget elementor-widget-spacer\" data-id=\"f477c4a\" data-element_type=\"widget\" data-e-type=\"widget\" data-widget_type=\"spacer.default\">\n\t\t\t\t\t\t\t<div class=\"elementor-spacer\">\n\t\t\t<div class=\"elementor-spacer-inner\"><\/div>\n\t\t<\/div>\n\t\t\t\t\t\t<\/div>\n\t\t\t\t<div class=\"elementor-element elementor-element-6bef4c3 elementor-widget elementor-widget-heading\" data-id=\"6bef4c3\" data-element_type=\"widget\" data-e-type=\"widget\" data-widget_type=\"heading.default\">\n\t\t\t\t\t<h1 class=\"elementor-heading-title elementor-size-default\">Sobre RiskPayGo<\/h1>\t\t\t\t<\/div>\n\t\t\t\t<div class=\"elementor-element elementor-element-5e3be26 elementor-widget elementor-widget-heading\" data-id=\"5e3be26\" data-element_type=\"widget\" data-e-type=\"widget\" data-widget_type=\"heading.default\">\n\t\t\t\t\t<div class=\"elementor-heading-title elementor-size-default\">Ajudem a negocis complexos a cobrar amb m\u00e9s claredat i menys mals de cap<\/div>\t\t\t\t<\/div>\n\t\t\t\t<div class=\"elementor-element elementor-element-8827554 elementor-widget elementor-widget-text-editor\" data-id=\"8827554\" data-element_type=\"widget\" data-e-type=\"widget\" data-widget_type=\"text-editor.default\">\n\t\t\t\t\t\t\t\t\t<p>RiskPayGo neix per resoldre un problema molt concret: hi ha negocis en l\u00ednia que venen, creixen i tenen clients reals, per\u00f2 segueixen xocant amb processos eterns, rebutjos constants i passarel\u00b7les que no entenen el seu model.<\/p>\t\t\t\t\t\t\t\t<\/div>\n\t\t\t\t<section class=\"elementor-section elementor-inner-section elementor-element elementor-element-408b27b elementor-section-boxed elementor-section-height-default elementor-section-height-default\" data-id=\"408b27b\" data-element_type=\"section\" data-e-type=\"section\">\n\t\t\t\t\t\t<div class=\"elementor-container elementor-column-gap-default\">\n\t\t\t\t\t<div class=\"elementor-column elementor-col-50 elementor-inner-column elementor-element elementor-element-8a1fa15\" data-id=\"8a1fa15\" data-element_type=\"column\" data-e-type=\"column\">\n\t\t\t<div class=\"elementor-widget-wrap elementor-element-populated\">\n\t\t\t\t\t\t<div class=\"elementor-element elementor-element-f60f348 elementor-mobile-align-center rpg-btn rpg-btn-primary elementor-widget elementor-widget-button\" data-id=\"f60f348\" data-element_type=\"widget\" data-e-type=\"widget\" data-widget_type=\"button.default\">\n\t\t\t\t\t\t\t\t\t\t<a class=\"elementor-button elementor-button-link elementor-size-sm\" href=\"https:\/\/riskpaygo.com\/portal\/register.php\" target=\"_blank\">\n\t\t\t\t\t\t<span class=\"elementor-button-content-wrapper\">\n\t\t\t\t\t\t<span class=\"elementor-button-icon\">\n\t\t\t\t<svg aria-hidden=\"true\" class=\"e-font-icon-svg e-fas-shopping-cart\" viewbox=\"0 0 576 512\" xmlns=\"http:\/\/www.w3.org\/2000\/svg\"><path d=\"M528.12 301.319l47.273-208C578.806 78.301 567.391 64 551.99 64H159.208l-9.166-44.81C147.758 8.021 137.93 0 126.529 0H24C10.745 0 0 10.745 0 24v16c0 13.255 10.745 24 24 24h69.883l70.248 343.435C147.325 417.1 136 435.222 136 456c0 30.928 25.072 56 56 56s56-25.072 56-56c0-15.674-6.447-29.835-16.824-40h209.647C430.447 426.165 424 440.326 424 456c0 30.928 25.072 56 56 56s56-25.072 56-56c0-22.172-12.888-41.332-31.579-50.405l5.517-24.276c3.413-15.018-8.002-29.319-23.403-29.319H218.117l-6.545-32h293.145c11.206 0 20.92-7.754 23.403-18.681z\"><\/path><\/svg>\t\t\t<\/span>\n\t\t\t\t\t\t\t\t\t<span class=\"elementor-button-text\">Crear compte<\/span>\n\t\t\t\t\t<\/span>\n\t\t\t\t\t<\/a>\n\t\t\t\t\t\t\t\t<\/div>\n\t\t\t\t\t<\/div>\n\t\t<\/div>\n\t\t\t\t<div class=\"elementor-column elementor-col-50 elementor-inner-column elementor-element elementor-element-0a6f233\" data-id=\"0a6f233\" data-element_type=\"column\" data-e-type=\"column\">\n\t\t\t<div class=\"elementor-widget-wrap elementor-element-populated\">\n\t\t\t\t\t\t<div class=\"elementor-element elementor-element-4960cbd elementor-mobile-align-center elementor-widget__width-initial rpg-btn rpg-btn-secondary elementor-widget elementor-widget-button\" data-id=\"4960cbd\" data-element_type=\"widget\" data-e-type=\"widget\" data-widget_type=\"button.default\">\n\t\t\t\t\t\t\t\t\t\t<a class=\"elementor-button elementor-button-link elementor-size-sm\" href=\"https:\/\/riskpaygo.com\/ca\/contacte\/\" target=\"_blank\" rel=\"nofollow\">\n\t\t\t\t\t\t<span class=\"elementor-button-content-wrapper\">\n\t\t\t\t\t\t\t\t\t<span class=\"elementor-button-text\">Parla amb nosaltres<\/span>\n\t\t\t\t\t<\/span>\n\t\t\t\t\t<\/a>\n\t\t\t\t\t\t\t\t<\/div>\n\t\t\t\t\t<\/div>\n\t\t<\/div>\n\t\t\t\t\t<\/div>\n\t\t<\/section>\n\t\t\t\t<div class=\"elementor-element elementor-element-9daf302 elementor-widget elementor-widget-spacer\" data-id=\"9daf302\" data-element_type=\"widget\" data-e-type=\"widget\" data-widget_type=\"spacer.default\">\n\t\t\t\t\t\t\t<div class=\"elementor-spacer\">\n\t\t\t<div class=\"elementor-spacer-inner\"><\/div>\n\t\t<\/div>\n\t\t\t\t\t\t<\/div>\n\t\t\t\t\t<\/div>\n\t\t<\/div>\n\t\t\t\t<div class=\"elementor-column elementor-col-50 elementor-top-column elementor-element elementor-element-455c494 elementor-hidden-tablet elementor-hidden-mobile\" data-id=\"455c494\" data-element_type=\"column\" data-e-type=\"column\">\n\t\t\t<div class=\"elementor-widget-wrap elementor-element-populated\">\n\t\t\t\t\t\t<div class=\"elementor-element elementor-element-f4efce3 elementor-widget elementor-widget-spacer\" data-id=\"f4efce3\" data-element_type=\"widget\" data-e-type=\"widget\" data-widget_type=\"spacer.default\">\n\t\t\t\t\t\t\t<div class=\"elementor-spacer\">\n\t\t\t<div class=\"elementor-spacer-inner\"><\/div>\n\t\t<\/div>\n\t\t\t\t\t\t<\/div>\n\t\t\t\t<div class=\"elementor-element elementor-element-0275cba elementor-widget elementor-widget-image\" data-id=\"0275cba\" data-element_type=\"widget\" data-e-type=\"widget\" data-widget_type=\"image.default\">\n\t\t\t\t\t\t\t\t\t\t\t\t\t\t\t<img fetchpriority=\"high\" decoding=\"async\" width=\"999\" height=\"820\" src=\"https:\/\/riskpaygo.com\/wp-content\/uploads\/2026\/04\/pago.png\" class=\"attachment-large size-large wp-image-455\" alt=\"pagament\" srcset=\"https:\/\/riskpaygo.com\/wp-content\/uploads\/2026\/04\/pago.png 999w, https:\/\/riskpaygo.com\/wp-content\/uploads\/2026\/04\/pago-300x246.png 300w, https:\/\/riskpaygo.com\/wp-content\/uploads\/2026\/04\/pago-768x630.png 768w, https:\/\/riskpaygo.com\/wp-content\/uploads\/2026\/04\/pago-15x12.png 15w\" sizes=\"(max-width: 999px) 100vw, 999px\" title=\"\">\t\t\t\t\t\t\t\t\t\t\t\t\t\t\t<\/div>\n\t\t\t\t\t<\/div>\n\t\t<\/div>\n\t\t\t\t\t<\/div>\n\t\t<\/section>\n\t\t\t\t<section class=\"elementor-section elementor-top-section elementor-element elementor-element-88bbb78 elementor-section-boxed elementor-section-height-default elementor-section-height-default\" data-id=\"88bbb78\" data-element_type=\"section\" data-e-type=\"section\">\n\t\t\t\t\t\t<div class=\"elementor-container elementor-column-gap-default\">\n\t\t\t\t\t<div class=\"elementor-column elementor-col-100 elementor-top-column elementor-element elementor-element-e2fbc05\" data-id=\"e2fbc05\" data-element_type=\"column\" data-e-type=\"column\">\n\t\t\t<div class=\"elementor-widget-wrap elementor-element-populated\">\n\t\t\t\t\t\t<div class=\"elementor-element elementor-element-e850842 elementor-widget elementor-widget-heading\" data-id=\"e850842\" data-element_type=\"widget\" data-e-type=\"widget\" data-widget_type=\"heading.default\">\n\t\t\t\t\t<h2 class=\"elementor-heading-title elementor-size-default\">Per qu\u00e8 existeix <span class=\"acento\">RiskPayGo<\/span><\/h2>\t\t\t\t<\/div>\n\t\t\t\t<div class=\"elementor-element elementor-element-25c6b15 elementor-widget elementor-widget-text-editor\" data-id=\"25c6b15\" data-element_type=\"widget\" data-e-type=\"widget\" data-widget_type=\"text-editor.default\">\n\t\t\t\t\t\t\t\t\t<p>Perqu\u00e8 molts projectes v\u00e0lids, rendibles i ben muntats queden fora per una etiqueta: alt risc.<\/p><p>I quan aix\u00f2 passa, el problema no \u00e9s nom\u00e9s t\u00e8cnic. Tamb\u00e9 \u00e9s comercial: es perd temps, es refreda la venda i es frustra el creixement.<\/p><p>La nostra missi\u00f3 \u00e9s reduir aquesta fricci\u00f3 perqu\u00e8 el cobrament deixi de ser un coll d'ampolla i torneu a ser una part natural del negoci.<\/p>\t\t\t\t\t\t\t\t<\/div>\n\t\t\t\t<div class=\"elementor-element elementor-element-c0a42e9 elementor-widget elementor-widget-html\" data-id=\"c0a42e9\" data-element_type=\"widget\" data-e-type=\"widget\" data-widget_type=\"html.default\">\n\t\t\t\t\t<div class=\"rpg-kpis\">\r\n  <div class=\"rpg-kpi\">\r\n    <h3>Integraci\u00f3 flexible<\/h3>\r\n    <p>Plugin, API i enlla\u00e7os de pagament en una mateixa proposta.<\/p>\r\n  <\/div>\r\n\r\n  <div class=\"rpg-kpi\">\r\n    <h3>Experi\u00e8ncia simple<\/h3>\r\n    <p>Menys barreres per a tu i per al teu client a checkout.<\/p>\r\n  <\/div>\r\n\r\n  <div class=\"rpg-kpi\">\r\n    <h3>Operativa visible<\/h3>\r\n    <p>M\u00e9s control del dia a dia, transaccions i retirs.<\/p>\r\n  <\/div>\r\n\r\n  <div class=\"rpg-kpi\">\r\n    <h3>Suport proper<\/h3>\r\n    <p>Sense promeses buides ni processos pesats innecess\u00e0riament.<\/p>\r\n  <\/div>\r\n<\/div>\t\t\t\t<\/div>\n\t\t\t\t\t<\/div>\n\t\t<\/div>\n\t\t\t\t\t<\/div>\n\t\t<\/section>\n\t\t\t\t<section class=\"elementor-section elementor-top-section elementor-element elementor-element-cbe3086 elementor-section-boxed elementor-section-height-default elementor-section-height-default\" data-id=\"cbe3086\" data-element_type=\"section\" data-e-type=\"section\" data-settings=\"{&quot;background_background&quot;:&quot;classic&quot;}\">\n\t\t\t\t\t\t<div class=\"elementor-container elementor-column-gap-default\">\n\t\t\t\t\t<div class=\"elementor-column elementor-col-100 elementor-top-column elementor-element elementor-element-c8bea3a\" data-id=\"c8bea3a\" data-element_type=\"column\" data-e-type=\"column\">\n\t\t\t<div class=\"elementor-widget-wrap elementor-element-populated\">\n\t\t\t\t\t\t<div class=\"elementor-element elementor-element-8bef7ff elementor-widget elementor-widget-heading\" data-id=\"8bef7ff\" data-element_type=\"widget\" data-e-type=\"widget\" data-widget_type=\"heading.default\">\n\t\t\t\t\t<h2 class=\"elementor-heading-title elementor-size-default\">Els nostres principis<\/h2>\t\t\t\t<\/div>\n\t\t\t\t<div class=\"elementor-element elementor-element-f3cb7a3 elementor-widget elementor-widget-text-editor\" data-id=\"f3cb7a3\" data-element_type=\"widget\" data-e-type=\"widget\" data-widget_type=\"text-editor.default\">\n\t\t\t\t\t\t\t\t\t<p>Aquesta p\u00e0gina no va posar paraules boniques. Va d'explicar com pensem el producte, el suport i la relaci\u00f3 amb cada marxant.<\/p>\t\t\t\t\t\t\t\t<\/div>\n\t\t\t\t<div class=\"elementor-element elementor-element-6fe63fe elementor-widget elementor-widget-html\" data-id=\"6fe63fe\" data-element_type=\"widget\" data-e-type=\"widget\" data-widget_type=\"html.default\">\n\t\t\t\t\t<div class=\"rpg-principles-vertical\">\r\n  <div class=\"rpg-principle-item\">\r\n    <div class=\"rpg-principle-num\">01<\/div>\r\n    <h3>Claredat<\/h3>\r\n    <p>Parlem clar sobre el servei, l'operativa i el que podeu esperar des del primer dia.<\/p>\r\n  <\/div>\r\n\r\n  <div class=\"rpg-principle-item\">\r\n    <div class=\"rpg-principle-num\">02<\/div>\r\n    <h3>Velocitat \u00fatil<\/h3>\r\n    <p>Ens importa que puguis activar cobraments sense convertir la integraci\u00f3 en un projecte infinit.<\/p>\r\n  <\/div>\r\n\r\n  <div class=\"rpg-principle-item\">\r\n    <div class=\"rpg-principle-num\">03<\/div>\r\n    <h3>Realisme<\/h3>\r\n    <p>No prometem m\u00e0gia. Busquem processos raonables i una experi\u00e8ncia que ajudi a vendre millor.<\/p>\r\n  <\/div>\r\n\r\n  <div class=\"rpg-principle-item\">\r\n    <div class=\"rpg-principle-num\">04<\/div>\r\n    <h3>Acompanyament<\/h3>\r\n    <p>Darrere de l'eina hi ha persones. I darrere de cada merchant, un negoci que necessita respostes.<\/p>\r\n  <\/div>\r\n<\/div>\t\t\t\t<\/div>\n\t\t\t\t\t<\/div>\n\t\t<\/div>\n\t\t\t\t\t<\/div>\n\t\t<\/section>\n\t\t\t\t<section class=\"elementor-section elementor-top-section elementor-element elementor-element-a69219f elementor-section-full_width elementor-section-height-default elementor-section-height-default\" data-id=\"a69219f\" data-element_type=\"section\" data-e-type=\"section\">\n\t\t\t\t\t\t<div class=\"elementor-container elementor-column-gap-default\">\n\t\t\t\t\t<div class=\"elementor-column elementor-col-100 elementor-top-column elementor-element elementor-element-5715a22\" data-id=\"5715a22\" data-element_type=\"column\" data-e-type=\"column\">\n\t\t\t<div class=\"elementor-widget-wrap elementor-element-populated\">\n\t\t\t\t\t\t<div class=\"elementor-element elementor-element-a6a737b elementor-widget elementor-widget-html\" data-id=\"a6a737b\" data-element_type=\"widget\" data-e-type=\"widget\" data-widget_type=\"html.default\">\n\t\t\t\t\t<section class=\"rpg-last-cta-wrap\">\r\n  <div class=\"rpg-last-cta\">\r\n    <span class=\"rpg-last-cta__tag\">\u00daltim pas<\/span>\r\n\r\n    <h2>\r\n      Volem que cobrar deixi de ser un\r\n      <span>mal de cap<\/span>\r\n    <\/h2>\r\n\r\n    <p>\r\n      Si el teu negoci ja ven, per\u00f2 segueixes trobant barreres amb prove\u00efdors tradicionals, RiskPayGo pot ser el pas seg\u00fcent per muntar una operativa m\u00e9s clara, m\u00e9s flexible i m\u00e9s \u00fatil per al teu creixement.\r\n    <\/p>\r\n\r\n    <div class=\"rpg-last-cta__buttons\">\r\n      <a href=\"https:\/\/riskpaygo.com\/portal\/register.php\" class=\"rpg-last-btn rpg-last-btn--primary\">Comen\u00e7ar ara<\/a>\r\n      <a href=\"\/ca\/contacte\/\" class=\"rpg-last-btn rpg-last-btn--secondary\">Contactar<\/a>\r\n    <\/div>\r\n  <\/div>\r\n<\/section>\t\t\t\t<\/div>\n\t\t\t\t\t<\/div>\n\t\t<\/div>\n\t\t\t\t\t<\/div>\n\t\t<\/section>\n\t\t\t\t<\/div>","protected":false},"excerpt":{"rendered":"<p>Sobre RiskPayGo Ayudamos a negocios complejos a cobrar con m\u00e1s claridad y menos dolores de cabeza RiskPayGo nace para resolver [&hellip;]<\/p>\n","protected":false},"author":1,"featured_media":0,"parent":0,"menu_order":0,"comment_status":"closed","ping_status":"closed","template":"","meta":{"site-sidebar-layout":"no-sidebar","site-content-layout":"","ast-site-content-layout":"full-width-container","site-content-style":"default","site-sidebar-style":"default","ast-global-header-display":"","ast-banner-title-visibility":"","ast-main-header-display":"","ast-hfb-above-header-display":"","ast-hfb-below-header-display":"","ast-hfb-mobile-header-display":"","site-post-title":"disabled","ast-breadcrumbs-content":"","ast-featured-img":"disabled","footer-sml-layout":"","ast-disable-related-posts":"","theme-transparent-header-meta":"default","adv-header-id-meta":"","stick-header-meta":"default","header-above-stick-meta":"","header-main-stick-meta":"","header-below-stick-meta":"","astra-migrate-meta-layouts":"set","ast-page-background-enabled":"default","ast-page-background-meta":{"desktop":{"background-color":"var(--ast-global-color-5)","background-image":"","background-repeat":"repeat","background-position":"center center","background-size":"auto","background-attachment":"scroll","background-type":"","background-media":"","overlay-type":"","overlay-color":"","overlay-opacity":"","overlay-gradient":""},"tablet":{"background-color":"","background-image":"","background-repeat":"repeat","background-position":"center center","background-size":"auto","background-attachment":"scroll","background-type":"","background-media":"","overlay-type":"","overlay-color":"","overlay-opacity":"","overlay-gradient":""},"mobile":{"background-color":"","background-image":"","background-repeat":"repeat","background-position":"center center","background-size":"auto","background-attachment":"scroll","background-type":"","background-media":"","overlay-type":"","overlay-color":"","overlay-opacity":"","overlay-gradient":""}},"ast-content-background-meta":{"desktop":{"background-color":"var(--ast-global-color-4)","background-image":"","background-repeat":"repeat","background-position":"center center","background-size":"auto","background-attachment":"scroll","background-type":"","background-media":"","overlay-type":"","overlay-color":"","overlay-opacity":"","overlay-gradient":""},"tablet":{"background-color":"var(--ast-global-color-4)","background-image":"","background-repeat":"repeat","background-position":"center center","background-size":"auto","background-attachment":"scroll","background-type":"","background-media":"","overlay-type":"","overlay-color":"","overlay-opacity":"","overlay-gradient":""},"mobile":{"background-color":"var(--ast-global-color-4)","background-image":"","background-repeat":"repeat","background-position":"center center","background-size":"auto","background-attachment":"scroll","background-type":"","background-media":"","overlay-type":"","overlay-color":"","overlay-opacity":"","overlay-gradient":""}},"footnotes":""},"class_list":["post-452","page","type-page","status-publish","hentry"],"_links":{"self":[{"href":"https:\/\/riskpaygo.com\/ca\/wp-json\/wp\/v2\/pages\/452","targetHints":{"allow":["GET"]}}],"collection":[{"href":"https:\/\/riskpaygo.com\/ca\/wp-json\/wp\/v2\/pages"}],"about":[{"href":"https:\/\/riskpaygo.com\/ca\/wp-json\/wp\/v2\/types\/page"}],"author":[{"embeddable":true,"href":"https:\/\/riskpaygo.com\/ca\/wp-json\/wp\/v2\/users\/1"}],"replies":[{"embeddable":true,"href":"https:\/\/riskpaygo.com\/ca\/wp-json\/wp\/v2\/comments?post=452"}],"version-history":[{"count":0,"href":"https:\/\/riskpaygo.com\/ca\/wp-json\/wp\/v2\/pages\/452\/revisions"}],"wp:attachment":[{"href":"https:\/\/riskpaygo.com\/ca\/wp-json\/wp\/v2\/media?parent=452"}],"curies":[{"name":"wp","href":"https:\/\/api.w.org\/{rel}","templated":true}]}}