{"id":314,"date":"2026-03-13T14:21:22","date_gmt":"2026-03-13T13:21:22","guid":{"rendered":"https:\/\/riskpaygo.com\/?page_id=314"},"modified":"2026-03-13T14:21:22","modified_gmt":"2026-03-13T13:21:22","slug":"politica-de-dmca","status":"publish","type":"page","link":"https:\/\/riskpaygo.com\/ca\/politica-de-dmca\/","title":{"rendered":"Pol\u00edtica de la DMCA"},"content":{"rendered":"<p data-start=\"123\" data-end=\"162\"><strong data-start=\"123\" data-end=\"162\">Darrera actualitzaci\u00f3: mar\u00e7 de 2026<\/strong><\/p>\n<p data-start=\"164\" data-end=\"500\">A RiskPayGo respectem els drets de propietat intel\u00b7lectual de tercers i esperem que els nostres usuaris facin el mateix. Si considera que algun contingut disponible a trav\u00e9s del nostre lloc web o serveis infringeix els seus drets d'autor, pot enviar una notificaci\u00f3 conforme a la <strong data-start=\"456\" data-end=\"499\">Digital Millennium Copyright Act (DMCA)<\/strong>.<\/p>\n<h2 data-section-id=\"1qqn4r1\" data-start=\"502\" data-end=\"557\">1. Notificacions d'infracci\u00f3 de drets d'autor<\/h2>\n<p data-start=\"559\" data-end=\"806\">Si sou titular de drets d'autor, o esteu autoritzat per actuar en nom d'un, i creeu de bona fe que algun contingut disponible a RiskPayGo infringeix els vostres drets, podeu enviar una notificaci\u00f3 per escrit amb la seg\u00fcent informaci\u00f3:<\/p>\n<ol data-start=\"808\" data-end=\"1721\">\n<li data-section-id=\"1uf9f9o\" data-start=\"808\" data-end=\"926\">\n<p data-start=\"811\" data-end=\"926\">Una signatura f\u00edsica o electr\u00f2nica de la persona autoritzada per actuar en nom del titular dels drets dautor.<\/p>\n<\/li>\n<li data-section-id=\"qlgw1k\" data-start=\"927\" data-end=\"1016\">\n<p data-start=\"930\" data-end=\"1016\">Identificaci\u00f3 de l'obra protegida els drets de la qual presumptament han estat infringits.<\/p>\n<\/li>\n<li data-section-id=\"18nfmxn\" data-start=\"1017\" data-end=\"1206\">\n<p data-start=\"1020\" data-end=\"1206\">Identificaci\u00f3 del material presumptament infractor, o de l'activitat presumptament infractora, aix\u00ed com informaci\u00f3 raonablement suficient per permetre'ns localitzar aquest material.<\/p>\n<\/li>\n<li data-section-id=\"2bt64m\" data-start=\"1207\" data-end=\"1347\">\n<p data-start=\"1210\" data-end=\"1347\">La informaci\u00f3 de contacte, incloent nom complet, adre\u00e7a postal si s'aplica, n\u00famero de tel\u00e8fon i adre\u00e7a de correu electr\u00f2nic.<\/p>\n<\/li>\n<li data-section-id=\"11ltf7p\" data-start=\"1348\" data-end=\"1503\">\n<p data-start=\"1351\" data-end=\"1503\">Una declaraci\u00f3 que creieu de bona fe que l'\u00fas del material en q\u00fcesti\u00f3 no est\u00e0 autoritzat pel titular dels drets, el seu agent o la llei.<\/p>\n<\/li>\n<li data-section-id=\"1dl6xx1\" data-start=\"1504\" data-end=\"1721\">\n<p data-start=\"1507\" data-end=\"1721\">Una declaraci\u00f3 que la informaci\u00f3 continguda a la notificaci\u00f3 \u00e9s exacta i, sota pena de perjuri, que vost\u00e8 est\u00e0 autoritzat per actuar en nom del titular dels drets d'autor presumptament infringits.<\/p>\n<\/li>\n<\/ol>\n<h2 data-section-id=\"1u8nwbk\" data-start=\"1723\" data-end=\"1757\">2. Enviament de notificacions DMCA<\/h2>\n<p data-start=\"1759\" data-end=\"1809\">Les notificacions d'infracci\u00f3 s'han d'enviar a:<\/p>\n<p data-start=\"1811\" data-end=\"1857\"><strong data-start=\"1811\" data-end=\"1834\">Correu electr\u00f2nic:<\/strong> <a class=\"decorated-link cursor-pointer\" rel=\"noopener\" data-start=\"1835\" data-end=\"1857\">dnbpedregosa@gmail.com<\/a><\/p>\n<p data-start=\"1859\" data-end=\"2070\">RiskPayGo revisar\u00e0 les notificacions que compleixin substancialment els requisits legals aplicables i podr\u00e0 retirar o deshabilitar l'acc\u00e9s al material presumptament infractor quan ho consideri apropiat.<\/p>\n<h2 data-section-id=\"y82sb\" data-start=\"2072\" data-end=\"2096\">3. Contranotificaci\u00f3<\/h2>\n<p data-start=\"2098\" data-end=\"2271\">Si considereu que el material retirat o deshabilitat va ser eliminat per error o identificaci\u00f3 incorrecta, podeu enviar una contranotificaci\u00f3 per escrit que inclogui:<\/p>\n<ol data-start=\"2273\" data-end=\"2874\">\n<li data-section-id=\"78ufc0\" data-start=\"2273\" data-end=\"2306\">\n<p data-start=\"2276\" data-end=\"2306\">La teva signatura f\u00edsica o electr\u00f2nica.<\/p>\n<\/li>\n<li data-section-id=\"mv4m2l\" data-start=\"2307\" data-end=\"2460\">\n<p data-start=\"2310\" data-end=\"2460\">Identificaci\u00f3 del material que va ser retirat o l'acc\u00e9s del qual va ser deshabilitat, i la ubicaci\u00f3 on apareixia abans de ser retirat o deshabilitat.<\/p>\n<\/li>\n<li data-section-id=\"1v8h8mj\" data-start=\"2461\" data-end=\"2638\">\n<p data-start=\"2464\" data-end=\"2638\">Una declaraci\u00f3, sota pena de perjuri, que creieu de bona fe que el material va ser retirat o deshabilitat com a resultat d'un error o una identificaci\u00f3 incorrecta.<\/p>\n<\/li>\n<li data-section-id=\"7xvqso\" data-start=\"2639\" data-end=\"2724\">\n<p data-start=\"2642\" data-end=\"2724\">El vostre nom, adre\u00e7a postal, n\u00famero de tel\u00e8fon i adre\u00e7a de correu electr\u00f2nic.<\/p>\n<\/li>\n<li data-section-id=\"bf5r1\" data-start=\"2725\" data-end=\"2874\">\n<p data-start=\"2728\" data-end=\"2874\">Una declaraci\u00f3 que accepta la jurisdicci\u00f3 dels tribunals competents i que acceptar\u00e0 la notificaci\u00f3 del reclamant original o del seu agent.<\/p>\n<\/li>\n<\/ol>\n<p data-start=\"2876\" data-end=\"2960\">Les contranotificacions s'han d'enviar al mateix correu de contacte indicat a dalt.<\/p>\n<h2 data-section-id=\"uoju75\" data-start=\"2962\" data-end=\"2980\">4. Reincid\u00e8ncia<\/h2>\n<p data-start=\"2982\" data-end=\"3189\">RiskPayGo podr\u00e0, a la seva discreci\u00f3 sencera, suspendre o cancel\u00b7lar l'acc\u00e9s d'usuaris que siguin considerats infractors reincidents, o que vulnerin repetidament drets de propietat intel\u00b7lectual de tercers.<\/p>\n<h2 data-section-id=\"1cckk5x\" data-start=\"3191\" data-end=\"3217\">5. Declaracions falses<\/h2>\n<p data-start=\"3219\" data-end=\"3423\">Qualsevol persona que presenti de manera conscient una notificaci\u00f3 o contranotificaci\u00f3 falsa podr\u00e0 inc\u00f3rrer en responsabilitat per danys, costos i honoraris legals d'acord amb la legislaci\u00f3 aplicable.<\/p>\n<h2 data-section-id=\"1vczbi1\" data-start=\"3425\" data-end=\"3450\">6. Reserva de drets<\/h2>\n<p data-start=\"3452\" data-end=\"3487\">RiskPayGo es reserva el dret de:<\/p>\n<ul data-start=\"3489\" data-end=\"3816\">\n<li data-section-id=\"4l7a33\" data-start=\"3489\" data-end=\"3548\">\n<p data-start=\"3491\" data-end=\"3548\">retirar o deshabilitar contingut presumptament infractor;<\/p>\n<\/li>\n<li data-section-id=\"1e5xzkz\" data-start=\"3549\" data-end=\"3622\">\n<p data-start=\"3551\" data-end=\"3622\">sol\u00b7licitar informaci\u00f3 addicional abans d'actuar sobre una notificaci\u00f3;<\/p>\n<\/li>\n<li data-section-id=\"1qmo43k\" data-start=\"3623\" data-end=\"3700\">\n<p data-start=\"3625\" data-end=\"3700\">rebutjar notificacions incompletes, abusives o manifestament infundades;<\/p>\n<\/li>\n<li data-section-id=\"qimedg\" data-start=\"3701\" data-end=\"3816\">\n<p data-start=\"3703\" data-end=\"3816\">prendre qualsevol mesura addicional que consideri apropiada per protegir els seus drets, els seus usuaris o tercers.<\/p>\n<\/li>\n<\/ul>\n<h2 data-section-id=\"sg49ub\" data-start=\"3818\" data-end=\"3832\">7. Contacte<\/h2>\n<p data-start=\"3834\" data-end=\"3914\">Per a qualsevol consulta relacionada amb aquesta Pol\u00edtica de DMCA, podeu escriure a:<\/p>\n<p data-start=\"3916\" data-end=\"3942\"><strong data-start=\"3916\" data-end=\"3942\"><a class=\"decorated-link cursor-pointer\" rel=\"noopener\" data-start=\"3918\" data-end=\"3940\">dnbpedregosa@gmail.com<\/a><\/strong><\/p>","protected":false},"excerpt":{"rendered":"<p>\u00daltima actualizaci\u00f3n: marzo de 2026 En RiskPayGo respetamos los derechos de propiedad intelectual de terceros y esperamos que nuestros usuarios [&hellip;]<\/p>\n","protected":false},"author":1,"featured_media":0,"parent":0,"menu_order":0,"comment_status":"closed","ping_status":"closed","template":"","meta":{"site-sidebar-layout":"default","site-content-layout":"","ast-site-content-layout":"default","site-content-style":"default","site-sidebar-style":"default","ast-global-header-display":"","ast-banner-title-visibility":"","ast-main-header-display":"","ast-hfb-above-header-display":"","ast-hfb-below-header-display":"","ast-hfb-mobile-header-display":"","site-post-title":"","ast-breadcrumbs-content":"","ast-featured-img":"","footer-sml-layout":"","ast-disable-related-posts":"","theme-transparent-header-meta":"default","adv-header-id-meta":"","stick-header-meta":"","header-above-stick-meta":"","header-main-stick-meta":"","header-below-stick-meta":"","astra-migrate-meta-layouts":"set","ast-page-background-enabled":"default","ast-page-background-meta":{"desktop":{"background-color":"var(--ast-global-color-5)","background-image":"","background-repeat":"repeat","background-position":"center center","background-size":"auto","background-attachment":"scroll","background-type":"","background-media":"","overlay-type":"","overlay-color":"","overlay-opacity":"","overlay-gradient":""},"tablet":{"background-color":"","background-image":"","background-repeat":"repeat","background-position":"center center","background-size":"auto","background-attachment":"scroll","background-type":"","background-media":"","overlay-type":"","overlay-color":"","overlay-opacity":"","overlay-gradient":""},"mobile":{"background-color":"","background-image":"","background-repeat":"repeat","background-position":"center center","background-size":"auto","background-attachment":"scroll","background-type":"","background-media":"","overlay-type":"","overlay-color":"","overlay-opacity":"","overlay-gradient":""}},"ast-content-background-meta":{"desktop":{"background-color":"var(--ast-global-color-4)","background-image":"","background-repeat":"repeat","background-position":"center center","background-size":"auto","background-attachment":"scroll","background-type":"","background-media":"","overlay-type":"","overlay-color":"","overlay-opacity":"","overlay-gradient":""},"tablet":{"background-color":"var(--ast-global-color-4)","background-image":"","background-repeat":"repeat","background-position":"center center","background-size":"auto","background-attachment":"scroll","background-type":"","background-media":"","overlay-type":"","overlay-color":"","overlay-opacity":"","overlay-gradient":""},"mobile":{"background-color":"var(--ast-global-color-4)","background-image":"","background-repeat":"repeat","background-position":"center center","background-size":"auto","background-attachment":"scroll","background-type":"","background-media":"","overlay-type":"","overlay-color":"","overlay-opacity":"","overlay-gradient":""}},"footnotes":""},"class_list":["post-314","page","type-page","status-publish","hentry"],"_links":{"self":[{"href":"https:\/\/riskpaygo.com\/ca\/wp-json\/wp\/v2\/pages\/314","targetHints":{"allow":["GET"]}}],"collection":[{"href":"https:\/\/riskpaygo.com\/ca\/wp-json\/wp\/v2\/pages"}],"about":[{"href":"https:\/\/riskpaygo.com\/ca\/wp-json\/wp\/v2\/types\/page"}],"author":[{"embeddable":true,"href":"https:\/\/riskpaygo.com\/ca\/wp-json\/wp\/v2\/users\/1"}],"replies":[{"embeddable":true,"href":"https:\/\/riskpaygo.com\/ca\/wp-json\/wp\/v2\/comments?post=314"}],"version-history":[{"count":0,"href":"https:\/\/riskpaygo.com\/ca\/wp-json\/wp\/v2\/pages\/314\/revisions"}],"wp:attachment":[{"href":"https:\/\/riskpaygo.com\/ca\/wp-json\/wp\/v2\/media?parent=314"}],"curies":[{"name":"wp","href":"https:\/\/api.w.org\/{rel}","templated":true}]}}