{"id":139,"date":"2025-11-16T01:23:47","date_gmt":"2025-11-16T00:23:47","guid":{"rendered":"https:\/\/riskpaygo.com\/?page_id=139"},"modified":"2026-03-13T14:21:56","modified_gmt":"2026-03-13T13:21:56","slug":"politica-de-privadesa","status":"publish","type":"page","link":"https:\/\/riskpaygo.com\/ca\/politica-de-privadesa\/","title":{"rendered":"Pol\u00edtica de privadesa"},"content":{"rendered":"<p>Aquesta Pol\u00edtica de Privadesa estableix els termes en qu\u00e8 RiesgoPayGp Estats Units i protegir la informaci\u00f3 que \u00e9s proporcionada pels seus usuaris en el moment d'utilitzar el seu lloc web. Aquesta companyia est\u00e0 compromesa amb la seguretat de les dades dels usuaris. Quan us demanem omplir els camps d'informaci\u00f3 personal amb la qual podeu identificar-vos, ho fa assegurant que nom\u00e9s s'empra d'acord amb els termes d'aquest document. No obstant aix\u00f2, aquesta Pol\u00edtica de Privadesa pot canviar amb el temps o ser actualitzada pel que us recomanen i emfatitzem revisar cont\u00ednuament aquesta p\u00e0gina per assegurar que est\u00e0 d'acord amb aquests canvis.<\/p>\n<h2>Informaci\u00f3 que \u00e9s reconeguda<\/h2>\n<p>El nostre lloc web podr\u00e0 recon\u00e8ixer informaci\u00f3 personal per exemple: Nom, informaci\u00f3 de contacte com la vostra adre\u00e7a de correu electr\u00f2nic i informaci\u00f3 demogr\u00e0fica. Aix\u00ed mateix quan sigui necessari poder ser requerit informaci\u00f3 espec\u00edfica per processar alguna cosa demanada o realitzar un lliurament o facturaci\u00f3.<\/p>\n<h2>\u00das de la informaci\u00f3 reconeguda<\/h2>\n<p>El nostre lloc web empra la informaci\u00f3 per tal de proporcionar el millor servei possible, en particular per mantenir un registre dusuaris, de comandes en cas que aplica, i millor els nostres productes i serveis. \u00c9s possible que siguin enviats correus electr\u00f2nics peri\u00f2dics a viatges del nostre lloc amb ofertes especials, nous productes i altra informaci\u00f3 p\u00fablica que es consideren rellevants per utilitzar o que pot oferir algun benefici, aquests correus electr\u00f2nics seran enviats a l'adre\u00e7a que va utilitzar proporcioni i poder ser cancel\u00b7lats en qualsevol moment.<\/p>\n<p>RiesgoPayGp est\u00e0 altament comprom\u00e8s per complir amb el comprom\u00eds de mantenir la vostra informaci\u00f3 segura. Fem servir els sistemes m\u00e9s avan\u00e7ats i els actuals constants per assegurar-nos que no hi ha acc\u00e9s no autoritzat.<\/p>\n<h2>Galetes<\/h2>\n<p>Una galeta es refereix a un fitxer que \u00e9s enviat amb la finalitat de sol\u00b7licitar perm\u00eds per emmagatzemar-se al vostre ordinador, en acceptar aquest fitxer es crea i la galeta serveix entrades per tenir informaci\u00f3 respecte al tr\u00e0nsit web, i tamb\u00e9 facilita les futures visites a una web recurrent. Una altra funci\u00f3 que tenen les cookies \u00e9s que amb elles les web poden recon\u00e8ixer individment i per tant oferir-te el millor servei personalitzat de la seva web.<\/p>\n<p>El nostre lloc web utilitza les galetes per poder identificar les p\u00e0gines que s\u00f3n visites i la seva freq\u00fc\u00e8ncia. Aquesta informaci\u00f3 \u00e9s emprada \u00fanicament per a an\u00e0lisi estad\u00edstica i desesperacions la informaci\u00f3 s'elimina de manera permanent. Vost\u00e8 pot eliminar les galetes en qualsevol moment des del vostre ordinador. No obstant aix\u00f2 les galetes ajuden a proporcionar un millor servei dels llocs web, est\u00e0 no donen acc\u00e9s a una informaci\u00f3 del seu ordinador ni de vost\u00e8, a menys que vost\u00e8 aix\u00ed ho vol i la proporcioni directament . Vost\u00e8 pot acceptar o negar l'\u00fas de galetes, per\u00f2 l'alcaldia de navegadors accepta galetes autom\u00e0ticament pot servir per tenir un millor servei web. Tamb\u00e9 podeu canviar la configuraci\u00f3 del vostre ordinador per declarar les cookies. Si es declinen \u00e9s possible que no pugueu utilitzar alguns dels nostres serveis.<\/p>\n<h2>Enlla\u00e7a un Tercers<\/h2>\n<p>Aquest lloc web pogu\u00e9s contenir en lla\u00e7os altres llocs que poguessin ser dels seus interessos. Quan vost\u00e8 de clic en aquests enlla\u00e7os i abandoni la nostra p\u00e0gina, ja no tenim control sobre el lloc al qual \u00e9s redirigit i per tant no som responsables dels termes o privadesa ni de la protecci\u00f3 de les seves dades en aquests altres llocs tercers. Aquests llocs estan subjectes a les seves propietats pol\u00edtiques de privadesa per la qual cosa \u00e9s recomanable que els consulteu per confirmar que vost\u00e8 est\u00e0 d'acord amb aquestes.<\/p>\n<h2>Control de la vostra informaci\u00f3 personal<\/h2>\n<p>En qualsevol moment vost\u00e8 pot restringir la recopilaci\u00f3 o l\u00fas de la informaci\u00f3 personal que \u00e9s proporcionada al nostre lloc web. Cada vegada que se us demani omplir un formulari, com el d'alta d'usuari, podeu marcar o desmarcar l'opci\u00f3 de rebre informaci\u00f3 per correu electr\u00f2nic. En cas que hagueu marcat l'opci\u00f3 de rebre el nostre butllet\u00ed o publicitat podeu cancel\u00b7lar-la en qualsevol moment.<\/p>\n<p>Aquesta companyia no vendr\u00e0, cedir\u00e0 ni distribuir\u00e0 la informaci\u00f3 personal que \u00e9s recopilada sense el seu consentiment, llevat que sigui requerit per un jutge amb un ordre judicial.<\/p>\n<p>RiskPayGo Es reserva el dret de canviar els termes de la present Pol\u00edtica de Privadesa en qualsevol moment.<\/p>","protected":false},"excerpt":{"rendered":"<p>El presente Pol\u00edtica de Privacidad establece los t\u00e9rminos en que RiesgoPayGp estados Unidos y proteger la informaci\u00f3n que es proporcionada [&hellip;]<\/p>\n","protected":false},"author":1,"featured_media":0,"parent":0,"menu_order":0,"comment_status":"closed","ping_status":"closed","template":"","meta":{"site-sidebar-layout":"default","site-content-layout":"","ast-site-content-layout":"default","site-content-style":"default","site-sidebar-style":"default","ast-global-header-display":"","ast-banner-title-visibility":"","ast-main-header-display":"","ast-hfb-above-header-display":"","ast-hfb-below-header-display":"","ast-hfb-mobile-header-display":"","site-post-title":"","ast-breadcrumbs-content":"","ast-featured-img":"","footer-sml-layout":"","ast-disable-related-posts":"","theme-transparent-header-meta":"default","adv-header-id-meta":"","stick-header-meta":"","header-above-stick-meta":"","header-main-stick-meta":"","header-below-stick-meta":"","astra-migrate-meta-layouts":"set","ast-page-background-enabled":"default","ast-page-background-meta":{"desktop":{"background-color":"var(--ast-global-color-5)","background-image":"","background-repeat":"repeat","background-position":"center center","background-size":"auto","background-attachment":"scroll","background-type":"","background-media":"","overlay-type":"","overlay-color":"","overlay-opacity":"","overlay-gradient":""},"tablet":{"background-color":"","background-image":"","background-repeat":"repeat","background-position":"center center","background-size":"auto","background-attachment":"scroll","background-type":"","background-media":"","overlay-type":"","overlay-color":"","overlay-opacity":"","overlay-gradient":""},"mobile":{"background-color":"","background-image":"","background-repeat":"repeat","background-position":"center center","background-size":"auto","background-attachment":"scroll","background-type":"","background-media":"","overlay-type":"","overlay-color":"","overlay-opacity":"","overlay-gradient":""}},"ast-content-background-meta":{"desktop":{"background-color":"var(--ast-global-color-4)","background-image":"","background-repeat":"repeat","background-position":"center center","background-size":"auto","background-attachment":"scroll","background-type":"","background-media":"","overlay-type":"","overlay-color":"","overlay-opacity":"","overlay-gradient":""},"tablet":{"background-color":"var(--ast-global-color-4)","background-image":"","background-repeat":"repeat","background-position":"center center","background-size":"auto","background-attachment":"scroll","background-type":"","background-media":"","overlay-type":"","overlay-color":"","overlay-opacity":"","overlay-gradient":""},"mobile":{"background-color":"var(--ast-global-color-4)","background-image":"","background-repeat":"repeat","background-position":"center center","background-size":"auto","background-attachment":"scroll","background-type":"","background-media":"","overlay-type":"","overlay-color":"","overlay-opacity":"","overlay-gradient":""}},"footnotes":""},"class_list":["post-139","page","type-page","status-publish","hentry"],"_links":{"self":[{"href":"https:\/\/riskpaygo.com\/ca\/wp-json\/wp\/v2\/pages\/139","targetHints":{"allow":["GET"]}}],"collection":[{"href":"https:\/\/riskpaygo.com\/ca\/wp-json\/wp\/v2\/pages"}],"about":[{"href":"https:\/\/riskpaygo.com\/ca\/wp-json\/wp\/v2\/types\/page"}],"author":[{"embeddable":true,"href":"https:\/\/riskpaygo.com\/ca\/wp-json\/wp\/v2\/users\/1"}],"replies":[{"embeddable":true,"href":"https:\/\/riskpaygo.com\/ca\/wp-json\/wp\/v2\/comments?post=139"}],"version-history":[{"count":0,"href":"https:\/\/riskpaygo.com\/ca\/wp-json\/wp\/v2\/pages\/139\/revisions"}],"wp:attachment":[{"href":"https:\/\/riskpaygo.com\/ca\/wp-json\/wp\/v2\/media?parent=139"}],"curies":[{"name":"wp","href":"https:\/\/api.w.org\/{rel}","templated":true}]}}